{"id":8306,"date":"2025-01-31T17:40:16","date_gmt":"2025-01-31T23:40:16","guid":{"rendered":"https:\/\/keisen.com\/es\/?page_id=8306"},"modified":"2025-07-09T14:01:29","modified_gmt":"2025-07-09T20:01:29","slug":"organizaciones-sostenibles","status":"publish","type":"page","link":"https:\/\/keisen.com\/es\/organizaciones-sostenibles\/","title":{"rendered":"Servicios para Desarrollar Organizaciones Sostenibles"},"content":{"rendered":"\t\t<div data-elementor-type=\"wp-page\" data-elementor-id=\"8306\" class=\"elementor elementor-8306\">\n\t\t\t\t\t\t<section class=\"elementor-section elementor-top-section elementor-element elementor-element-3995815 elementor-section-boxed elementor-section-height-default elementor-section-height-default\" data-id=\"3995815\" data-element_type=\"section\" data-e-type=\"section\">\n\t\t\t\t\t\t<div class=\"elementor-container elementor-column-gap-default\">\n\t\t\t\t\t<div class=\"elementor-column elementor-col-100 elementor-top-column elementor-element elementor-element-894d785\" data-id=\"894d785\" data-element_type=\"column\" data-e-type=\"column\">\n\t\t\t<div class=\"elementor-widget-wrap elementor-element-populated\">\n\t\t\t\t\t\t<div class=\"elementor-element elementor-element-9934f5f elementor-widget elementor-widget-image\" data-id=\"9934f5f\" data-element_type=\"widget\" data-e-type=\"widget\" data-widget_type=\"image.default\">\n\t\t\t\t<div class=\"elementor-widget-container\">\n\t\t\t\t\t\t\t\t\t\t\t\t\t\t\t\t<a href=\"https:\/\/keisen.com\/es\/\">\n\t\t\t\t\t\t\t<img fetchpriority=\"high\" decoding=\"async\" width=\"1536\" height=\"1536\" src=\"https:\/\/keisen.com\/es\/wp-content\/uploads\/2025\/01\/BANNERS-KEISEN-min-1-1536x1536.png\" class=\"attachment-1536x1536 size-1536x1536 wp-image-8307\" alt=\"\" srcset=\"https:\/\/keisen.com\/es\/wp-content\/uploads\/2025\/01\/BANNERS-KEISEN-min-1-1536x1536.png 1536w, https:\/\/keisen.com\/es\/wp-content\/uploads\/2025\/01\/BANNERS-KEISEN-min-1-300x300.png 300w, https:\/\/keisen.com\/es\/wp-content\/uploads\/2025\/01\/BANNERS-KEISEN-min-1-1024x1024.png 1024w, https:\/\/keisen.com\/es\/wp-content\/uploads\/2025\/01\/BANNERS-KEISEN-min-1-150x150.png 150w, https:\/\/keisen.com\/es\/wp-content\/uploads\/2025\/01\/BANNERS-KEISEN-min-1-768x768.png 768w, https:\/\/keisen.com\/es\/wp-content\/uploads\/2025\/01\/BANNERS-KEISEN-min-1-600x600.png 600w, https:\/\/keisen.com\/es\/wp-content\/uploads\/2025\/01\/BANNERS-KEISEN-min-1-100x100.png 100w, https:\/\/keisen.com\/es\/wp-content\/uploads\/2025\/01\/BANNERS-KEISEN-min-1.png 2000w\" sizes=\"(max-width: 1536px) 100vw, 1536px\" \/>\t\t\t\t\t\t\t\t<\/a>\n\t\t\t\t\t\t\t\t\t\t\t\t\t\t\t<\/div>\n\t\t\t\t<\/div>\n\t\t\t\t\t<\/div>\n\t\t<\/div>\n\t\t\t\t\t<\/div>\n\t\t<\/section>\n\t\t\t\t<section class=\"elementor-section elementor-top-section elementor-element elementor-element-20b4c46 elementor-section-boxed elementor-section-height-default elementor-section-height-default\" data-id=\"20b4c46\" data-element_type=\"section\" data-e-type=\"section\">\n\t\t\t\t\t\t<div class=\"elementor-container elementor-column-gap-default\">\n\t\t\t\t\t<div class=\"elementor-column elementor-col-100 elementor-top-column elementor-element elementor-element-94809b6\" data-id=\"94809b6\" data-element_type=\"column\" data-e-type=\"column\">\n\t\t\t<div class=\"elementor-widget-wrap elementor-element-populated\">\n\t\t\t\t\t\t<div class=\"elementor-element elementor-element-57cb4de elementor-widget elementor-widget-text-editor\" data-id=\"57cb4de\" data-element_type=\"widget\" data-e-type=\"widget\" data-widget_type=\"text-editor.default\">\n\t\t\t\t<div class=\"elementor-widget-container\">\n\t\t\t\t\t\t\t\t\t<h3 style=\"text-align: center;\">Descarga nuestros flyers con la informaci\u00f3n completa acerca de nuestras \u00e1reas de experiencia.<\/h3>\t\t\t\t\t\t\t\t<\/div>\n\t\t\t\t<\/div>\n\t\t\t\t\t<\/div>\n\t\t<\/div>\n\t\t\t\t\t<\/div>\n\t\t<\/section>\n\t\t\t\t<section class=\"elementor-section elementor-top-section elementor-element elementor-element-86093a3 elementor-section-boxed elementor-section-height-default elementor-section-height-default\" data-id=\"86093a3\" data-element_type=\"section\" data-e-type=\"section\">\n\t\t\t\t\t\t<div class=\"elementor-container elementor-column-gap-default\">\n\t\t\t\t\t<div class=\"elementor-column elementor-col-50 elementor-top-column elementor-element elementor-element-8dbe637\" data-id=\"8dbe637\" data-element_type=\"column\" data-e-type=\"column\">\n\t\t\t<div class=\"elementor-widget-wrap elementor-element-populated\">\n\t\t\t\t\t\t<div class=\"elementor-element elementor-element-98b5cfe elementor-align-center elementor-widget elementor-widget-button\" data-id=\"98b5cfe\" data-element_type=\"widget\" data-e-type=\"widget\" data-widget_type=\"button.default\">\n\t\t\t\t<div class=\"elementor-widget-container\">\n\t\t\t\t\t\t\t\t\t<div class=\"elementor-button-wrapper\">\n\t\t\t\t\t<a class=\"elementor-button elementor-button-link elementor-size-sm\" href=\"https:\/\/keisen.com\/es\/wp-content\/uploads\/2025\/07\/Flyer-KUS-SPA-20250203-rh11-ht2-er2.pdf\">\n\t\t\t\t\t\t<span class=\"elementor-button-content-wrapper\">\n\t\t\t\t\t\t\t\t\t<span class=\"elementor-button-text\">Nuestros Servicios (Espa\u00f1ol)<\/span>\n\t\t\t\t\t<\/span>\n\t\t\t\t\t<\/a>\n\t\t\t\t<\/div>\n\t\t\t\t\t\t\t\t<\/div>\n\t\t\t\t<\/div>\n\t\t\t\t\t<\/div>\n\t\t<\/div>\n\t\t\t\t<div class=\"elementor-column elementor-col-50 elementor-top-column elementor-element elementor-element-2090e43\" data-id=\"2090e43\" data-element_type=\"column\" data-e-type=\"column\">\n\t\t\t<div class=\"elementor-widget-wrap elementor-element-populated\">\n\t\t\t\t\t\t<div class=\"elementor-element elementor-element-96211a9 elementor-align-center elementor-widget elementor-widget-button\" data-id=\"96211a9\" data-element_type=\"widget\" data-e-type=\"widget\" data-widget_type=\"button.default\">\n\t\t\t\t<div class=\"elementor-widget-container\">\n\t\t\t\t\t\t\t\t\t<div class=\"elementor-button-wrapper\">\n\t\t\t\t\t<a class=\"elementor-button elementor-button-link elementor-size-sm\" href=\"https:\/\/keisen.com\/es\/wp-content\/uploads\/2025\/01\/Flyer-KUS-ENG-JPN-20240328-rh10-ht2-er2.pdf\">\n\t\t\t\t\t\t<span class=\"elementor-button-content-wrapper\">\n\t\t\t\t\t\t\t\t\t<span class=\"elementor-button-text\">Our Services (English \/ Japanese)<\/span>\n\t\t\t\t\t<\/span>\n\t\t\t\t\t<\/a>\n\t\t\t\t<\/div>\n\t\t\t\t\t\t\t\t<\/div>\n\t\t\t\t<\/div>\n\t\t\t\t\t<\/div>\n\t\t<\/div>\n\t\t\t\t\t<\/div>\n\t\t<\/section>\n\t\t\t\t<section class=\"elementor-section elementor-top-section elementor-element elementor-element-a62af30 elementor-section-boxed elementor-section-height-default elementor-section-height-default\" data-id=\"a62af30\" data-element_type=\"section\" data-e-type=\"section\">\n\t\t\t\t\t\t<div class=\"elementor-container elementor-column-gap-default\">\n\t\t\t\t\t<div class=\"elementor-column elementor-col-100 elementor-top-column elementor-element elementor-element-ded87a4\" data-id=\"ded87a4\" data-element_type=\"column\" data-e-type=\"column\">\n\t\t\t<div class=\"elementor-widget-wrap elementor-element-populated\">\n\t\t\t\t\t\t<div class=\"elementor-element elementor-element-b92943a elementor-widget elementor-widget-text-editor\" data-id=\"b92943a\" data-element_type=\"widget\" data-e-type=\"widget\" data-widget_type=\"text-editor.default\">\n\t\t\t\t<div class=\"elementor-widget-container\">\n\t\t\t\t\t\t\t\t\t<h3 style=\"text-align: center;\">Platica con nosotros<\/h3>\t\t\t\t\t\t\t\t<\/div>\n\t\t\t\t<\/div>\n\t\t\t\t\t<\/div>\n\t\t<\/div>\n\t\t\t\t\t<\/div>\n\t\t<\/section>\n\t\t\t\t<section class=\"elementor-section elementor-top-section elementor-element elementor-element-04c53ac elementor-section-boxed elementor-section-height-default elementor-section-height-default\" data-id=\"04c53ac\" data-element_type=\"section\" data-e-type=\"section\">\n\t\t\t\t\t\t<div class=\"elementor-container elementor-column-gap-default\">\n\t\t\t\t\t<div class=\"elementor-column elementor-col-100 elementor-top-column elementor-element elementor-element-cf42da9\" data-id=\"cf42da9\" data-element_type=\"column\" data-e-type=\"column\">\n\t\t\t<div class=\"elementor-widget-wrap elementor-element-populated\">\n\t\t\t\t\t\t<div class=\"elementor-element elementor-element-59ebc22 elementor-align-center elementor-widget elementor-widget-button\" data-id=\"59ebc22\" data-element_type=\"widget\" data-e-type=\"widget\" data-widget_type=\"button.default\">\n\t\t\t\t<div class=\"elementor-widget-container\">\n\t\t\t\t\t\t\t\t\t<div class=\"elementor-button-wrapper\">\n\t\t\t\t\t<a class=\"elementor-button elementor-button-link elementor-size-sm\" href=\"https:\/\/keisen.com\/es\/cotizaciones\/\">\n\t\t\t\t\t\t<span class=\"elementor-button-content-wrapper\">\n\t\t\t\t\t\t\t\t\t<span class=\"elementor-button-text\">Agenda una cita<\/span>\n\t\t\t\t\t<\/span>\n\t\t\t\t\t<\/a>\n\t\t\t\t<\/div>\n\t\t\t\t\t\t\t\t<\/div>\n\t\t\t\t<\/div>\n\t\t\t\t\t<\/div>\n\t\t<\/div>\n\t\t\t\t\t<\/div>\n\t\t<\/section>\n\t\t\t\t<\/div>\n\t\t","protected":false},"excerpt":{"rendered":"<p>Descarga nuestros flyers con la informaci\u00f3n completa acerca de nuestras \u00e1reas de experiencia. Nuestros Servicios (Espa\u00f1ol) Our Services (English \/ Japanese) Platica con nosotros Agenda una cita<\/p>\n","protected":false},"author":5,"featured_media":0,"parent":0,"menu_order":0,"comment_status":"closed","ping_status":"closed","template":"","meta":{"footnotes":""},"class_list":["post-8306","page","type-page","status-publish","hentry"],"yoast_head":"<!-- This site is optimized with the Yoast SEO plugin v27.4 - https:\/\/yoast.com\/product\/yoast-seo-wordpress\/ -->\n<title>Servicios para Desarrollar Organizaciones Sostenibles - Keisen Consultores<\/title>\n<meta name=\"robots\" content=\"index, follow, max-snippet:-1, max-image-preview:large, max-video-preview:-1\" \/>\n<link rel=\"canonical\" href=\"https:\/\/keisen.com\/es\/organizaciones-sostenibles\/\" \/>\n<meta property=\"og:locale\" content=\"es_ES\" \/>\n<meta property=\"og:type\" content=\"article\" \/>\n<meta property=\"og:title\" content=\"Servicios para Desarrollar Organizaciones Sostenibles - Keisen Consultores\" \/>\n<meta property=\"og:description\" content=\"Descarga nuestros flyers con la informaci\u00f3n completa acerca de nuestras \u00e1reas de experiencia. Nuestros Servicios (Espa\u00f1ol) Our Services (English \/ Japanese) Platica con nosotros Agenda una cita\" \/>\n<meta property=\"og:url\" content=\"https:\/\/keisen.com\/es\/organizaciones-sostenibles\/\" \/>\n<meta property=\"og:site_name\" content=\"Keisen Consultores\" \/>\n<meta property=\"article:modified_time\" content=\"2025-07-09T20:01:29+00:00\" \/>\n<meta property=\"og:image\" content=\"https:\/\/keisen.com\/es\/wp-content\/uploads\/2025\/01\/BANNERS-KEISEN-min-1.png\" \/>\n\t<meta property=\"og:image:width\" content=\"2000\" \/>\n\t<meta property=\"og:image:height\" content=\"2000\" \/>\n\t<meta property=\"og:image:type\" content=\"image\/png\" \/>\n<meta name=\"twitter:card\" content=\"summary_large_image\" \/>\n<meta name=\"twitter:label1\" content=\"Tiempo de lectura\" \/>\n\t<meta name=\"twitter:data1\" content=\"1 minuto\" \/>\n<script type=\"application\/ld+json\" class=\"yoast-schema-graph\">{\"@context\":\"https:\\\/\\\/schema.org\",\"@graph\":[{\"@type\":\"WebPage\",\"@id\":\"https:\\\/\\\/keisen.com\\\/es\\\/organizaciones-sostenibles\\\/\",\"url\":\"https:\\\/\\\/keisen.com\\\/es\\\/organizaciones-sostenibles\\\/\",\"name\":\"Servicios para Desarrollar Organizaciones Sostenibles - Keisen Consultores\",\"isPartOf\":{\"@id\":\"https:\\\/\\\/keisen.com\\\/es\\\/#website\"},\"primaryImageOfPage\":{\"@id\":\"https:\\\/\\\/keisen.com\\\/es\\\/organizaciones-sostenibles\\\/#primaryimage\"},\"image\":{\"@id\":\"https:\\\/\\\/keisen.com\\\/es\\\/organizaciones-sostenibles\\\/#primaryimage\"},\"thumbnailUrl\":\"https:\\\/\\\/keisen.com\\\/es\\\/wp-content\\\/uploads\\\/2025\\\/01\\\/BANNERS-KEISEN-min-1-1536x1536.png\",\"datePublished\":\"2025-01-31T23:40:16+00:00\",\"dateModified\":\"2025-07-09T20:01:29+00:00\",\"breadcrumb\":{\"@id\":\"https:\\\/\\\/keisen.com\\\/es\\\/organizaciones-sostenibles\\\/#breadcrumb\"},\"inLanguage\":\"es\",\"potentialAction\":[{\"@type\":\"ReadAction\",\"target\":[\"https:\\\/\\\/keisen.com\\\/es\\\/organizaciones-sostenibles\\\/\"]}]},{\"@type\":\"ImageObject\",\"inLanguage\":\"es\",\"@id\":\"https:\\\/\\\/keisen.com\\\/es\\\/organizaciones-sostenibles\\\/#primaryimage\",\"url\":\"https:\\\/\\\/keisen.com\\\/es\\\/wp-content\\\/uploads\\\/2025\\\/01\\\/BANNERS-KEISEN-min-1.png\",\"contentUrl\":\"https:\\\/\\\/keisen.com\\\/es\\\/wp-content\\\/uploads\\\/2025\\\/01\\\/BANNERS-KEISEN-min-1.png\",\"width\":2000,\"height\":2000},{\"@type\":\"BreadcrumbList\",\"@id\":\"https:\\\/\\\/keisen.com\\\/es\\\/organizaciones-sostenibles\\\/#breadcrumb\",\"itemListElement\":[{\"@type\":\"ListItem\",\"position\":1,\"name\":\"Portada\",\"item\":\"https:\\\/\\\/keisen.com\\\/es\\\/\"},{\"@type\":\"ListItem\",\"position\":2,\"name\":\"Servicios para Desarrollar Organizaciones Sostenibles\"}]},{\"@type\":\"WebSite\",\"@id\":\"https:\\\/\\\/keisen.com\\\/es\\\/#website\",\"url\":\"https:\\\/\\\/keisen.com\\\/es\\\/\",\"name\":\"Keisen Consultores\",\"description\":\"Expertos en Mejora Continua, Calidad y Planeaci\u00f3n Estrat\u00e9gica\",\"potentialAction\":[{\"@type\":\"SearchAction\",\"target\":{\"@type\":\"EntryPoint\",\"urlTemplate\":\"https:\\\/\\\/keisen.com\\\/es\\\/?s={search_term_string}\"},\"query-input\":{\"@type\":\"PropertyValueSpecification\",\"valueRequired\":true,\"valueName\":\"search_term_string\"}}],\"inLanguage\":\"es\"}]}<\/script>\n<!-- \/ Yoast SEO plugin. -->","yoast_head_json":{"title":"Servicios para Desarrollar Organizaciones Sostenibles - Keisen Consultores","robots":{"index":"index","follow":"follow","max-snippet":"max-snippet:-1","max-image-preview":"max-image-preview:large","max-video-preview":"max-video-preview:-1"},"canonical":"https:\/\/keisen.com\/es\/organizaciones-sostenibles\/","og_locale":"es_ES","og_type":"article","og_title":"Servicios para Desarrollar Organizaciones Sostenibles - Keisen Consultores","og_description":"Descarga nuestros flyers con la informaci\u00f3n completa acerca de nuestras \u00e1reas de experiencia. Nuestros Servicios (Espa\u00f1ol) Our Services (English \/ Japanese) Platica con nosotros Agenda una cita","og_url":"https:\/\/keisen.com\/es\/organizaciones-sostenibles\/","og_site_name":"Keisen Consultores","article_modified_time":"2025-07-09T20:01:29+00:00","og_image":[{"width":2000,"height":2000,"url":"https:\/\/keisen.com\/es\/wp-content\/uploads\/2025\/01\/BANNERS-KEISEN-min-1.png","type":"image\/png"}],"twitter_card":"summary_large_image","twitter_misc":{"Tiempo de lectura":"1 minuto"},"schema":{"@context":"https:\/\/schema.org","@graph":[{"@type":"WebPage","@id":"https:\/\/keisen.com\/es\/organizaciones-sostenibles\/","url":"https:\/\/keisen.com\/es\/organizaciones-sostenibles\/","name":"Servicios para Desarrollar Organizaciones Sostenibles - Keisen Consultores","isPartOf":{"@id":"https:\/\/keisen.com\/es\/#website"},"primaryImageOfPage":{"@id":"https:\/\/keisen.com\/es\/organizaciones-sostenibles\/#primaryimage"},"image":{"@id":"https:\/\/keisen.com\/es\/organizaciones-sostenibles\/#primaryimage"},"thumbnailUrl":"https:\/\/keisen.com\/es\/wp-content\/uploads\/2025\/01\/BANNERS-KEISEN-min-1-1536x1536.png","datePublished":"2025-01-31T23:40:16+00:00","dateModified":"2025-07-09T20:01:29+00:00","breadcrumb":{"@id":"https:\/\/keisen.com\/es\/organizaciones-sostenibles\/#breadcrumb"},"inLanguage":"es","potentialAction":[{"@type":"ReadAction","target":["https:\/\/keisen.com\/es\/organizaciones-sostenibles\/"]}]},{"@type":"ImageObject","inLanguage":"es","@id":"https:\/\/keisen.com\/es\/organizaciones-sostenibles\/#primaryimage","url":"https:\/\/keisen.com\/es\/wp-content\/uploads\/2025\/01\/BANNERS-KEISEN-min-1.png","contentUrl":"https:\/\/keisen.com\/es\/wp-content\/uploads\/2025\/01\/BANNERS-KEISEN-min-1.png","width":2000,"height":2000},{"@type":"BreadcrumbList","@id":"https:\/\/keisen.com\/es\/organizaciones-sostenibles\/#breadcrumb","itemListElement":[{"@type":"ListItem","position":1,"name":"Portada","item":"https:\/\/keisen.com\/es\/"},{"@type":"ListItem","position":2,"name":"Servicios para Desarrollar Organizaciones Sostenibles"}]},{"@type":"WebSite","@id":"https:\/\/keisen.com\/es\/#website","url":"https:\/\/keisen.com\/es\/","name":"Keisen Consultores","description":"Expertos en Mejora Continua, Calidad y Planeaci\u00f3n Estrat\u00e9gica","potentialAction":[{"@type":"SearchAction","target":{"@type":"EntryPoint","urlTemplate":"https:\/\/keisen.com\/es\/?s={search_term_string}"},"query-input":{"@type":"PropertyValueSpecification","valueRequired":true,"valueName":"search_term_string"}}],"inLanguage":"es"}]}},"_links":{"self":[{"href":"https:\/\/keisen.com\/es\/wp-json\/wp\/v2\/pages\/8306","targetHints":{"allow":["GET"]}}],"collection":[{"href":"https:\/\/keisen.com\/es\/wp-json\/wp\/v2\/pages"}],"about":[{"href":"https:\/\/keisen.com\/es\/wp-json\/wp\/v2\/types\/page"}],"author":[{"embeddable":true,"href":"https:\/\/keisen.com\/es\/wp-json\/wp\/v2\/users\/5"}],"replies":[{"embeddable":true,"href":"https:\/\/keisen.com\/es\/wp-json\/wp\/v2\/comments?post=8306"}],"version-history":[{"count":1,"href":"https:\/\/keisen.com\/es\/wp-json\/wp\/v2\/pages\/8306\/revisions"}],"predecessor-version":[{"id":8647,"href":"https:\/\/keisen.com\/es\/wp-json\/wp\/v2\/pages\/8306\/revisions\/8647"}],"wp:attachment":[{"href":"https:\/\/keisen.com\/es\/wp-json\/wp\/v2\/media?parent=8306"}],"curies":[{"name":"wp","href":"https:\/\/api.w.org\/{rel}","templated":true}]}}