{"id":8256,"date":"2025-01-22T16:39:24","date_gmt":"2025-01-22T22:39:24","guid":{"rendered":"https:\/\/keisen.com\/es\/?page_id=8256"},"modified":"2025-01-22T16:55:13","modified_gmt":"2025-01-22T22:55:13","slug":"blogs-ae","status":"publish","type":"page","link":"https:\/\/keisen.com\/es\/blogs-ae\/","title":{"rendered":"Blogs: Estrategia y Administraci\u00f3n"},"content":{"rendered":"\t\t<div data-elementor-type=\"wp-page\" data-elementor-id=\"8256\" class=\"elementor elementor-8256\">\n\t\t\t\t\t\t<section class=\"elementor-section elementor-top-section elementor-element elementor-element-4600d29 elementor-section-boxed elementor-section-height-default elementor-section-height-default\" data-id=\"4600d29\" data-element_type=\"section\" data-e-type=\"section\">\n\t\t\t\t\t\t<div class=\"elementor-container elementor-column-gap-default\">\n\t\t\t\t\t<div class=\"elementor-column elementor-col-100 elementor-top-column elementor-element elementor-element-518f118\" data-id=\"518f118\" data-element_type=\"column\" data-e-type=\"column\">\n\t\t\t<div class=\"elementor-widget-wrap elementor-element-populated\">\n\t\t\t\t\t\t<div class=\"elementor-element elementor-element-82e292d elementor-widget elementor-widget-text-editor\" data-id=\"82e292d\" data-element_type=\"widget\" data-e-type=\"widget\" data-widget_type=\"text-editor.default\">\n\t\t\t\t<div class=\"elementor-widget-container\">\n\t\t\t\t\t\t\t\t\t<h3>Haz clik en cualquier art\u00edculo de tu inter\u00e9s, se abrir\u00e1 un documento en PDF que podr\u00e1s descargar:\u00a0<\/h3>\t\t\t\t\t\t\t\t<\/div>\n\t\t\t\t<\/div>\n\t\t\t\t\t<\/div>\n\t\t<\/div>\n\t\t\t\t\t<\/div>\n\t\t<\/section>\n\t\t\t\t<section class=\"elementor-section elementor-top-section elementor-element elementor-element-1b73749 elementor-section-boxed elementor-section-height-default elementor-section-height-default\" data-id=\"1b73749\" data-element_type=\"section\" data-e-type=\"section\">\n\t\t\t\t\t\t<div class=\"elementor-container elementor-column-gap-default\">\n\t\t\t\t\t<div class=\"elementor-column elementor-col-100 elementor-top-column elementor-element elementor-element-3fc13de\" data-id=\"3fc13de\" data-element_type=\"column\" data-e-type=\"column\">\n\t\t\t<div class=\"elementor-widget-wrap elementor-element-populated\">\n\t\t\t\t\t\t<div class=\"elementor-element elementor-element-66248d4 elementor-widget elementor-widget-text-editor\" data-id=\"66248d4\" data-element_type=\"widget\" data-e-type=\"widget\" data-widget_type=\"text-editor.default\">\n\t\t\t\t<div class=\"elementor-widget-container\">\n\t\t\t\t\t\t\t\t\t<p><\/p>\n<ul>\n<li><a href=\"https:\/\/keisen.com\/es\/wp-content\/uploads\/2025\/01\/EA-AdmonPro.pdf\" target=\"_blank\">Campos, J. (2015, septiembre), El \u00e9xito y la administraci\u00f3n de proyectos<\/a><\/li>\n<li><a href=\"https:\/\/keisen.com\/es\/wp-content\/uploads\/2023\/07\/EA-Empresas.pdf\" target=\"_blank\">Maury, M. (2015, noviembre), Empresas saludables, \u00a1que enferman!<\/a><\/li>\n<li><a href=\"https:\/\/keisen.com\/es\/wp-content\/uploads\/2023\/07\/EA-PuntoE.pdf\" target=\"_blank\">Pimentel, A. (2016, marzo), El punto de Equilibrio y la Toma de Decisiones<\/a><\/li>\n<li><a href=\"https:\/\/keisen.com\/es\/wp-content\/uploads\/2025\/01\/EA-LOGICAMETRI.pdf\" target=\"_blank\">Hirata, R. (2018, marzo), La L\u00f3gica de los m\u00e9tricos e indicadores<\/a><\/li>\n<li><a href=\"https:\/\/keisen.com\/es\/wp-content\/uploads\/2023\/07\/EA-ProyectoProceso.pdf\" target=\"_blank\">Arce, J. (2018, junio), La diferencia entre un proyecto y un proceso<\/a><\/li>\n<li><a href=\"https:\/\/keisen.com\/es\/wp-content\/uploads\/2023\/07\/EA-HoshinKanri.pdf\" target=\"_blank\">Hirata, R. (2021, marzo), B\u00e1sicos de Hoshin Kanri<\/a><\/li>\n<li><a href=\"https:\/\/keisen.com\/es\/wp-content\/uploads\/2025\/01\/EA-Nuevoprod.pdf\" target=\"_blank\">Hirata, R. (2021, agosto), El \u00c9xito De Un Nuevo Producto<\/a><\/li>\n<li><a href=\"https:\/\/keisen.com\/es\/wp-content\/uploads\/2023\/07\/EA-7Consejos.pdf\" target=\"_blank\">Hirata, R. (2022, enero), 7 Consejos para tu pr\u00f3ximo ejercicio de planeaci\u00f3n<\/a><\/li>\n<li><a href=\"https:\/\/keisen.com\/es\/wp-content\/uploads\/2023\/07\/EA-Juntitis-2.pdf\" target=\"_blank\">Hirata, R. (2022, enero), \u00bfC\u00f3mo evitar la juntitis?<\/a><\/li>\n<li><a href=\"https:\/\/keisen.com\/es\/wp-content\/uploads\/2023\/07\/EA-TipsPE.pdf\" target=\"_blank\">Hirata, R. (2022, febrero), 10 Tips para Lograr una Planeaci\u00f3n Estrat\u00e9gica Exitosa<\/a><\/li>\n<\/ul>\t\t\t\t\t\t\t\t<\/div>\n\t\t\t\t<\/div>\n\t\t\t\t\t<\/div>\n\t\t<\/div>\n\t\t\t\t\t<\/div>\n\t\t<\/section>\n\t\t\t\t<\/div>\n\t\t","protected":false},"excerpt":{"rendered":"<p>Haz clik en cualquier art\u00edculo de tu inter\u00e9s, se abrir\u00e1 un documento en PDF que podr\u00e1s descargar:\u00a0 Campos, J. (2015, septiembre), El \u00e9xito y la administraci\u00f3n de proyectos Maury, M. (2015, noviembre),<a class=\"moretag\" href=\"https:\/\/keisen.com\/es\/blogs-ae\/\">Leer m\u00e1s&#8230;<\/a><\/p>\n","protected":false},"author":5,"featured_media":0,"parent":0,"menu_order":0,"comment_status":"closed","ping_status":"closed","template":"","meta":{"footnotes":""},"class_list":["post-8256","page","type-page","status-publish","hentry"],"yoast_head":"<!-- This site is optimized with the Yoast SEO plugin v27.4 - https:\/\/yoast.com\/product\/yoast-seo-wordpress\/ -->\n<title>Blogs: Estrategia y Administraci\u00f3n - Keisen Consultores<\/title>\n<meta name=\"robots\" content=\"index, follow, max-snippet:-1, max-image-preview:large, max-video-preview:-1\" \/>\n<link rel=\"canonical\" href=\"https:\/\/keisen.com\/es\/blogs-ae\/\" \/>\n<meta property=\"og:locale\" content=\"es_ES\" \/>\n<meta property=\"og:type\" content=\"article\" \/>\n<meta property=\"og:title\" content=\"Blogs: Estrategia y Administraci\u00f3n - Keisen Consultores\" \/>\n<meta property=\"og:description\" content=\"Haz clik en cualquier art\u00edculo de tu inter\u00e9s, se abrir\u00e1 un documento en PDF que podr\u00e1s descargar:\u00a0 Campos, J. (2015, septiembre), El \u00e9xito y la administraci\u00f3n de proyectos Maury, M. (2015, noviembre),Leer m\u00e1s...\" \/>\n<meta property=\"og:url\" content=\"https:\/\/keisen.com\/es\/blogs-ae\/\" \/>\n<meta property=\"og:site_name\" content=\"Keisen Consultores\" \/>\n<meta property=\"article:modified_time\" content=\"2025-01-22T22:55:13+00:00\" \/>\n<meta name=\"twitter:card\" content=\"summary_large_image\" \/>\n<meta name=\"twitter:label1\" content=\"Tiempo de lectura\" \/>\n\t<meta name=\"twitter:data1\" content=\"1 minuto\" \/>\n<script type=\"application\/ld+json\" class=\"yoast-schema-graph\">{\"@context\":\"https:\\\/\\\/schema.org\",\"@graph\":[{\"@type\":\"WebPage\",\"@id\":\"https:\\\/\\\/keisen.com\\\/es\\\/blogs-ae\\\/\",\"url\":\"https:\\\/\\\/keisen.com\\\/es\\\/blogs-ae\\\/\",\"name\":\"Blogs: Estrategia y Administraci\u00f3n - Keisen Consultores\",\"isPartOf\":{\"@id\":\"https:\\\/\\\/keisen.com\\\/es\\\/#website\"},\"datePublished\":\"2025-01-22T22:39:24+00:00\",\"dateModified\":\"2025-01-22T22:55:13+00:00\",\"breadcrumb\":{\"@id\":\"https:\\\/\\\/keisen.com\\\/es\\\/blogs-ae\\\/#breadcrumb\"},\"inLanguage\":\"es\",\"potentialAction\":[{\"@type\":\"ReadAction\",\"target\":[\"https:\\\/\\\/keisen.com\\\/es\\\/blogs-ae\\\/\"]}]},{\"@type\":\"BreadcrumbList\",\"@id\":\"https:\\\/\\\/keisen.com\\\/es\\\/blogs-ae\\\/#breadcrumb\",\"itemListElement\":[{\"@type\":\"ListItem\",\"position\":1,\"name\":\"Portada\",\"item\":\"https:\\\/\\\/keisen.com\\\/es\\\/\"},{\"@type\":\"ListItem\",\"position\":2,\"name\":\"Blogs: Estrategia y Administraci\u00f3n\"}]},{\"@type\":\"WebSite\",\"@id\":\"https:\\\/\\\/keisen.com\\\/es\\\/#website\",\"url\":\"https:\\\/\\\/keisen.com\\\/es\\\/\",\"name\":\"Keisen Consultores\",\"description\":\"Expertos en Mejora Continua, Calidad y Planeaci\u00f3n Estrat\u00e9gica\",\"potentialAction\":[{\"@type\":\"SearchAction\",\"target\":{\"@type\":\"EntryPoint\",\"urlTemplate\":\"https:\\\/\\\/keisen.com\\\/es\\\/?s={search_term_string}\"},\"query-input\":{\"@type\":\"PropertyValueSpecification\",\"valueRequired\":true,\"valueName\":\"search_term_string\"}}],\"inLanguage\":\"es\"}]}<\/script>\n<!-- \/ Yoast SEO plugin. -->","yoast_head_json":{"title":"Blogs: Estrategia y Administraci\u00f3n - Keisen Consultores","robots":{"index":"index","follow":"follow","max-snippet":"max-snippet:-1","max-image-preview":"max-image-preview:large","max-video-preview":"max-video-preview:-1"},"canonical":"https:\/\/keisen.com\/es\/blogs-ae\/","og_locale":"es_ES","og_type":"article","og_title":"Blogs: Estrategia y Administraci\u00f3n - Keisen Consultores","og_description":"Haz clik en cualquier art\u00edculo de tu inter\u00e9s, se abrir\u00e1 un documento en PDF que podr\u00e1s descargar:\u00a0 Campos, J. (2015, septiembre), El \u00e9xito y la administraci\u00f3n de proyectos Maury, M. (2015, noviembre),Leer m\u00e1s...","og_url":"https:\/\/keisen.com\/es\/blogs-ae\/","og_site_name":"Keisen Consultores","article_modified_time":"2025-01-22T22:55:13+00:00","twitter_card":"summary_large_image","twitter_misc":{"Tiempo de lectura":"1 minuto"},"schema":{"@context":"https:\/\/schema.org","@graph":[{"@type":"WebPage","@id":"https:\/\/keisen.com\/es\/blogs-ae\/","url":"https:\/\/keisen.com\/es\/blogs-ae\/","name":"Blogs: Estrategia y Administraci\u00f3n - Keisen Consultores","isPartOf":{"@id":"https:\/\/keisen.com\/es\/#website"},"datePublished":"2025-01-22T22:39:24+00:00","dateModified":"2025-01-22T22:55:13+00:00","breadcrumb":{"@id":"https:\/\/keisen.com\/es\/blogs-ae\/#breadcrumb"},"inLanguage":"es","potentialAction":[{"@type":"ReadAction","target":["https:\/\/keisen.com\/es\/blogs-ae\/"]}]},{"@type":"BreadcrumbList","@id":"https:\/\/keisen.com\/es\/blogs-ae\/#breadcrumb","itemListElement":[{"@type":"ListItem","position":1,"name":"Portada","item":"https:\/\/keisen.com\/es\/"},{"@type":"ListItem","position":2,"name":"Blogs: Estrategia y Administraci\u00f3n"}]},{"@type":"WebSite","@id":"https:\/\/keisen.com\/es\/#website","url":"https:\/\/keisen.com\/es\/","name":"Keisen Consultores","description":"Expertos en Mejora Continua, Calidad y Planeaci\u00f3n Estrat\u00e9gica","potentialAction":[{"@type":"SearchAction","target":{"@type":"EntryPoint","urlTemplate":"https:\/\/keisen.com\/es\/?s={search_term_string}"},"query-input":{"@type":"PropertyValueSpecification","valueRequired":true,"valueName":"search_term_string"}}],"inLanguage":"es"}]}},"_links":{"self":[{"href":"https:\/\/keisen.com\/es\/wp-json\/wp\/v2\/pages\/8256","targetHints":{"allow":["GET"]}}],"collection":[{"href":"https:\/\/keisen.com\/es\/wp-json\/wp\/v2\/pages"}],"about":[{"href":"https:\/\/keisen.com\/es\/wp-json\/wp\/v2\/types\/page"}],"author":[{"embeddable":true,"href":"https:\/\/keisen.com\/es\/wp-json\/wp\/v2\/users\/5"}],"replies":[{"embeddable":true,"href":"https:\/\/keisen.com\/es\/wp-json\/wp\/v2\/comments?post=8256"}],"version-history":[{"count":1,"href":"https:\/\/keisen.com\/es\/wp-json\/wp\/v2\/pages\/8256\/revisions"}],"predecessor-version":[{"id":8281,"href":"https:\/\/keisen.com\/es\/wp-json\/wp\/v2\/pages\/8256\/revisions\/8281"}],"wp:attachment":[{"href":"https:\/\/keisen.com\/es\/wp-json\/wp\/v2\/media?parent=8256"}],"curies":[{"name":"wp","href":"https:\/\/api.w.org\/{rel}","templated":true}]}}