{"id":8189,"date":"2025-01-22T16:12:47","date_gmt":"2025-01-22T22:12:47","guid":{"rendered":"https:\/\/keisen.com\/es\/?page_id=8189"},"modified":"2025-01-22T16:55:36","modified_gmt":"2025-01-22T22:55:36","slug":"blogs-mc","status":"publish","type":"page","link":"https:\/\/keisen.com\/es\/blogs-mc\/","title":{"rendered":"Blogs: Mejora Continua y Calidad"},"content":{"rendered":"\t\t<div data-elementor-type=\"wp-page\" data-elementor-id=\"8189\" class=\"elementor elementor-8189\">\n\t\t\t\t\t\t<section class=\"elementor-section elementor-top-section elementor-element elementor-element-4600d29 elementor-section-boxed elementor-section-height-default elementor-section-height-default\" data-id=\"4600d29\" data-element_type=\"section\" data-e-type=\"section\">\n\t\t\t\t\t\t<div class=\"elementor-container elementor-column-gap-default\">\n\t\t\t\t\t<div class=\"elementor-column elementor-col-100 elementor-top-column elementor-element elementor-element-518f118\" data-id=\"518f118\" data-element_type=\"column\" data-e-type=\"column\">\n\t\t\t<div class=\"elementor-widget-wrap elementor-element-populated\">\n\t\t\t\t\t\t<div class=\"elementor-element elementor-element-82e292d elementor-widget elementor-widget-text-editor\" data-id=\"82e292d\" data-element_type=\"widget\" data-e-type=\"widget\" data-widget_type=\"text-editor.default\">\n\t\t\t\t<div class=\"elementor-widget-container\">\n\t\t\t\t\t\t\t\t\t<h3>Haz clik en cualquier art\u00edculo de tu inter\u00e9s, se abrir\u00e1 un documento en PDF que podr\u00e1s descargar:\u00a0<\/h3>\t\t\t\t\t\t\t\t<\/div>\n\t\t\t\t<\/div>\n\t\t\t\t\t<\/div>\n\t\t<\/div>\n\t\t\t\t\t<\/div>\n\t\t<\/section>\n\t\t\t\t<section class=\"elementor-section elementor-top-section elementor-element elementor-element-1657477 elementor-section-boxed elementor-section-height-default elementor-section-height-default\" data-id=\"1657477\" data-element_type=\"section\" data-e-type=\"section\">\n\t\t\t\t\t\t<div class=\"elementor-container elementor-column-gap-default\">\n\t\t\t\t\t<div class=\"elementor-column elementor-col-100 elementor-top-column elementor-element elementor-element-1337771\" data-id=\"1337771\" data-element_type=\"column\" data-e-type=\"column\">\n\t\t\t<div class=\"elementor-widget-wrap elementor-element-populated\">\n\t\t\t\t\t\t<div class=\"elementor-element elementor-element-e977ad8 elementor-widget elementor-widget-text-editor\" data-id=\"e977ad8\" data-element_type=\"widget\" data-e-type=\"widget\" data-widget_type=\"text-editor.default\">\n\t\t\t\t<div class=\"elementor-widget-container\">\n\t\t\t\t\t\t\t\t\t<ul>\n<li><a href=\"https:\/\/keisen.com\/es\/wp-content\/uploads\/2023\/07\/CM-New-QCC.pdf\" target=\"_blank\" rel=\"noopener\">Hirata, R.(2003, octubre), The New QCC and Teamwork movement in Mexico<\/a><\/li>\n<li><a href=\"https:\/\/keisen.com\/es\/wp-content\/uploads\/2023\/07\/CM-IndAuto-1.pdf\" target=\"_blank\" rel=\"noopener\">Hirata, R. Hirata, R. (2013, septiembre), Lo que hay que entender de la industria automotriz en M\u00e9xico<\/a><\/li>\n<li><a href=\"https:\/\/keisen.com\/es\/wp-content\/uploads\/2023\/07\/CM-FrusMed-1.pdf\" target=\"_blank\">Gonz\u00e1lez, T. (2015, agosto), La Frustraci\u00f3n de la medici\u00f3n<\/a><\/li>\n<li><a href=\"https:\/\/keisen.com\/es\/wp-content\/uploads\/2023\/07\/CM-CalidadDireccion.pdf\" target=\"_blank\" rel=\"noopener\">Hirata, R.(2015, junio), La calidad que no mejora = mal estilo de direcci\u00f3n<\/a><\/li>\n<li><a href=\"https:\/\/keisen.com\/es\/wp-content\/uploads\/2023\/07\/CM-SisQ.pdf\" target=\"_blank\" rel=\"noopener\">Fuentes, J. (2015, octubre), Sistemas de Gesti\u00f3n total de Calidad<\/a><\/li>\n<li><a href=\"https:\/\/keisen.com\/es\/wp-content\/uploads\/2023\/07\/CM-Q7.pdf\" target=\"_blank\" rel=\"noopener\">Hirata, R .(2015, noviembre), Lo que no te ense\u00f1an de las siete herramientas b\u00e1sicas del control de calidad<\/a><\/li>\n<li><a href=\"https:\/\/keisen.com\/es\/wp-content\/uploads\/2023\/07\/CM-TVozCliente.pdf\" target=\"_blank\" rel=\"noopener\">Hirata, R. (2016, junio), 4 m\u00e9todos infalibles para escuchar y traducir la Voz del Cliente<\/a><\/li>\n<li><a href=\"https:\/\/keisen.com\/es\/wp-content\/uploads\/2023\/07\/CM-5S.pdf\" target=\"_blank\" rel=\"noopener\">Hirata, R .(2016, septiembre), Implantando 5S en las empresas<\/a><\/li>\n<li><a href=\"https:\/\/keisen.com\/es\/wp-content\/uploads\/2023\/07\/CM-MejorasNo.pdf\" target=\"_blank\" rel=\"noopener\">Hirata, R. (2019, diciembre), Mejoras que no impactan<\/a><\/li>\n<li><a href=\"https:\/\/keisen.com\/es\/wp-content\/uploads\/2023\/07\/CM-KvsK.pdf\" target=\"_blank\" rel=\"noopener\">Hirata, R .(2020, febrero), KAIZEN vs KAKUMEI (mejora vs. innovaci\u00f3n)<\/a><\/li>\n<li><a href=\"https:\/\/keisen.com\/es\/wp-content\/uploads\/2023\/07\/CM-Ishikawa.pdf\" target=\"_blank\" rel=\"noopener\">Hirata, R. (2020, junio), Sabe usted\u2026\u00bfCu\u00e1l fue el primer diagrama de espinas de pescado del Dr. Ishikawa?<\/a><\/li>\n<li><a href=\"https:\/\/keisen.com\/es\/wp-content\/uploads\/2023\/07\/CM-TQM.pdf\" target=\"_blank\" rel=\"noopener\">Hirata, R .(2021,marzo), Replanteando el Sistema de Calidad Total (TQM), Webinar<\/a><\/li>\n<li><a href=\"https:\/\/keisen.com\/es\/wp-content\/uploads\/2023\/07\/CM-Mejoras.pdf\" target=\"_blank\" rel=\"noopener\">Hirata, R. (2021, junio), Mejoras peque\u00f1as vs Mejoras grandes: \u00bfVale la pena discutir esto?<\/a><\/li>\n<li><a href=\"https:\/\/keisen.com\/es\/wp-content\/uploads\/2025\/01\/CM-3RevolucionInd.pdf\" target=\"_blank\" rel=\"noopener\">Hirata, R .(2021, junio), La tercera revoluci\u00f3n industrial<\/a><\/li>\n<li><a href=\"https:\/\/keisen.com\/es\/wp-content\/uploads\/2023\/07\/CM-NuevoP.pdf\" target=\"_blank\" rel=\"noopener\">Hirata, R. (2021, agosto), El \u00c9xito De Un Nuevo Producto<\/a><\/li>\n<li><a href=\"https:\/\/keisen.com\/es\/wp-content\/uploads\/2023\/07\/CM-CalidadSalud.pdf\" target=\"_blank\" rel=\"noopener\">Hirata, R .(2021, diciembre), La calidad en la salud: \u00bfse pueden implantar mejoras?<\/a><\/li>\n<li><a href=\"https:\/\/keisen.com\/es\/wp-content\/uploads\/2023\/07\/CM-CD.pdf\" target=\"_blank\" rel=\"noopener\">Hirata, R. (2021, diciembre), Calidad Total y Dise\u00f1o<\/a><\/li>\n<li><a href=\"https:\/\/keisen.com\/es\/wp-content\/uploads\/2023\/07\/CM-SisdeMejoras.pdf\" target=\"_blank\" rel=\"noopener\">Hirata, R .(2022, enero), Construyendo un Sistema de Mejoras Efectivo<\/a><\/li>\n<li><a href=\"https:\/\/keisen.com\/es\/wp-content\/uploads\/2023\/07\/CM-Equipo.pdf\" target=\"_blank\" rel=\"noopener\">Hirata, R. (2022, enero) \u00bfPor qu\u00e9 nos cuesta mucho trabajar en equipo?<\/a><\/li>\n<li><a href=\"https:\/\/keisen.com\/es\/wp-content\/uploads\/2023\/07\/CM-TEIAN.pdf\" target=\"_blank\" rel=\"noopener\">Hirata, R. (2022, enero), TEIAN: Un sistema proactivo de Mejoras Rapidas con Valor<\/a><\/li>\n<li><a href=\"https:\/\/keisen.com\/es\/wp-content\/uploads\/2023\/07\/CM-KyKaikaku.pdf\" target=\"_blank\" rel=\"noopener\">Hirata, R .(2022, enero), Kaizen y Kaikaku en M\u00e9xico<\/a><\/li>\n<li><a href=\"https:\/\/keisen.com\/es\/wp-content\/uploads\/2023\/07\/CM-Innovacion-.pdf\" target=\"_blank\" rel=\"noopener\">Hirata, R .(2022, enero), La Importancia de la Innovaci\u00f3n<\/a><\/li>\n<li><a href=\"https:\/\/keisen.com\/es\/wp-content\/uploads\/2023\/07\/CM-Actitudinal-.pdf\" target=\"_blank\" rel=\"noopener\">Hirata, R .(2022, enero), Cambio actitudinal para la mejora = Carta a Santa Claus<\/a><\/li>\n<li><a href=\"https:\/\/keisen.com\/es\/wp-content\/uploads\/2023\/07\/CM-ACR.pdf\" target=\"_blank\" rel=\"noopener\">Hirata, R .(2022, enero), Por Qu\u00e9 No Sabemos Encontrar la Causa de un Problema<\/a><\/li>\n<li><a href=\"https:\/\/keisen.com\/es\/wp-content\/uploads\/2023\/07\/CM-ACR.pdf\" target=\"_blank\" rel=\"noopener\">Hirata, R .(2022, enero), Un MAL Servicio garantiza menores ventas: \u00bfAnalizas causas o culpas al cliente?<\/a><\/li>\n<li><a href=\"https:\/\/keisen.com\/es\/wp-content\/uploads\/2023\/07\/CM-PConsistentesClientesI.pdf\" target=\"_blank\" rel=\"noopener\">Hirata, R .(2022, febrero), Procesos consistentes con clientes insatisfechos consistentemente<\/a><\/li>\n<li><a href=\"https:\/\/keisen.com\/es\/wp-content\/uploads\/2023\/07\/CM-Fra5SImplantacion.pdf\" target=\"_blank\" rel=\"noopener\">Hirata, R. (2022, febrero), 9 Razones Por las que Fracasa la Implantaci\u00f3n de 5S<\/a><\/li>\n<li><a href=\"https:\/\/keisen.com\/es\/wp-content\/uploads\/2023\/07\/CM-EquiposMejoraMexico.pdf\" target=\"_blank\" rel=\"noopener\">Hirata, R. (2022, abril), El Movimiento de Equipos de Mejora en M\u00e9xico<\/a><\/li>\n<\/ul>\t\t\t\t\t\t\t\t<\/div>\n\t\t\t\t<\/div>\n\t\t\t\t\t<\/div>\n\t\t<\/div>\n\t\t\t\t\t<\/div>\n\t\t<\/section>\n\t\t\t\t<\/div>\n\t\t","protected":false},"excerpt":{"rendered":"<p>Haz clik en cualquier art\u00edculo de tu inter\u00e9s, se abrir\u00e1 un documento en PDF que podr\u00e1s descargar:\u00a0 Hirata, R.(2003, octubre), The New QCC and Teamwork movement in Mexico Hirata, R. Hirata, R.<a class=\"moretag\" href=\"https:\/\/keisen.com\/es\/blogs-mc\/\">Leer m\u00e1s&#8230;<\/a><\/p>\n","protected":false},"author":5,"featured_media":0,"parent":0,"menu_order":0,"comment_status":"closed","ping_status":"closed","template":"","meta":{"footnotes":""},"class_list":["post-8189","page","type-page","status-publish","hentry"],"yoast_head":"<!-- This site is optimized with the Yoast SEO plugin v27.4 - https:\/\/yoast.com\/product\/yoast-seo-wordpress\/ -->\n<title>Blogs: Mejora Continua y Calidad - Keisen Consultores<\/title>\n<meta name=\"robots\" content=\"index, follow, max-snippet:-1, max-image-preview:large, max-video-preview:-1\" \/>\n<link rel=\"canonical\" href=\"https:\/\/keisen.com\/es\/blogs-mc\/\" \/>\n<meta property=\"og:locale\" content=\"es_ES\" \/>\n<meta property=\"og:type\" content=\"article\" \/>\n<meta property=\"og:title\" content=\"Blogs: Mejora Continua y Calidad - Keisen Consultores\" \/>\n<meta property=\"og:description\" content=\"Haz clik en cualquier art\u00edculo de tu inter\u00e9s, se abrir\u00e1 un documento en PDF que podr\u00e1s descargar:\u00a0 Hirata, R.(2003, octubre), The New QCC and Teamwork movement in Mexico Hirata, R. Hirata, R.Leer m\u00e1s...\" \/>\n<meta property=\"og:url\" content=\"https:\/\/keisen.com\/es\/blogs-mc\/\" \/>\n<meta property=\"og:site_name\" content=\"Keisen Consultores\" \/>\n<meta property=\"article:modified_time\" content=\"2025-01-22T22:55:36+00:00\" \/>\n<meta name=\"twitter:card\" content=\"summary_large_image\" \/>\n<meta name=\"twitter:label1\" content=\"Tiempo de lectura\" \/>\n\t<meta name=\"twitter:data1\" content=\"2 minutos\" \/>\n<script type=\"application\/ld+json\" class=\"yoast-schema-graph\">{\"@context\":\"https:\\\/\\\/schema.org\",\"@graph\":[{\"@type\":\"WebPage\",\"@id\":\"https:\\\/\\\/keisen.com\\\/es\\\/blogs-mc\\\/\",\"url\":\"https:\\\/\\\/keisen.com\\\/es\\\/blogs-mc\\\/\",\"name\":\"Blogs: Mejora Continua y Calidad - Keisen Consultores\",\"isPartOf\":{\"@id\":\"https:\\\/\\\/keisen.com\\\/es\\\/#website\"},\"datePublished\":\"2025-01-22T22:12:47+00:00\",\"dateModified\":\"2025-01-22T22:55:36+00:00\",\"breadcrumb\":{\"@id\":\"https:\\\/\\\/keisen.com\\\/es\\\/blogs-mc\\\/#breadcrumb\"},\"inLanguage\":\"es\",\"potentialAction\":[{\"@type\":\"ReadAction\",\"target\":[\"https:\\\/\\\/keisen.com\\\/es\\\/blogs-mc\\\/\"]}]},{\"@type\":\"BreadcrumbList\",\"@id\":\"https:\\\/\\\/keisen.com\\\/es\\\/blogs-mc\\\/#breadcrumb\",\"itemListElement\":[{\"@type\":\"ListItem\",\"position\":1,\"name\":\"Portada\",\"item\":\"https:\\\/\\\/keisen.com\\\/es\\\/\"},{\"@type\":\"ListItem\",\"position\":2,\"name\":\"Blogs: Mejora Continua y Calidad\"}]},{\"@type\":\"WebSite\",\"@id\":\"https:\\\/\\\/keisen.com\\\/es\\\/#website\",\"url\":\"https:\\\/\\\/keisen.com\\\/es\\\/\",\"name\":\"Keisen Consultores\",\"description\":\"Expertos en Mejora Continua, Calidad y Planeaci\u00f3n Estrat\u00e9gica\",\"potentialAction\":[{\"@type\":\"SearchAction\",\"target\":{\"@type\":\"EntryPoint\",\"urlTemplate\":\"https:\\\/\\\/keisen.com\\\/es\\\/?s={search_term_string}\"},\"query-input\":{\"@type\":\"PropertyValueSpecification\",\"valueRequired\":true,\"valueName\":\"search_term_string\"}}],\"inLanguage\":\"es\"}]}<\/script>\n<!-- \/ Yoast SEO plugin. -->","yoast_head_json":{"title":"Blogs: Mejora Continua y Calidad - Keisen Consultores","robots":{"index":"index","follow":"follow","max-snippet":"max-snippet:-1","max-image-preview":"max-image-preview:large","max-video-preview":"max-video-preview:-1"},"canonical":"https:\/\/keisen.com\/es\/blogs-mc\/","og_locale":"es_ES","og_type":"article","og_title":"Blogs: Mejora Continua y Calidad - Keisen Consultores","og_description":"Haz clik en cualquier art\u00edculo de tu inter\u00e9s, se abrir\u00e1 un documento en PDF que podr\u00e1s descargar:\u00a0 Hirata, R.(2003, octubre), The New QCC and Teamwork movement in Mexico Hirata, R. Hirata, R.Leer m\u00e1s...","og_url":"https:\/\/keisen.com\/es\/blogs-mc\/","og_site_name":"Keisen Consultores","article_modified_time":"2025-01-22T22:55:36+00:00","twitter_card":"summary_large_image","twitter_misc":{"Tiempo de lectura":"2 minutos"},"schema":{"@context":"https:\/\/schema.org","@graph":[{"@type":"WebPage","@id":"https:\/\/keisen.com\/es\/blogs-mc\/","url":"https:\/\/keisen.com\/es\/blogs-mc\/","name":"Blogs: Mejora Continua y Calidad - Keisen Consultores","isPartOf":{"@id":"https:\/\/keisen.com\/es\/#website"},"datePublished":"2025-01-22T22:12:47+00:00","dateModified":"2025-01-22T22:55:36+00:00","breadcrumb":{"@id":"https:\/\/keisen.com\/es\/blogs-mc\/#breadcrumb"},"inLanguage":"es","potentialAction":[{"@type":"ReadAction","target":["https:\/\/keisen.com\/es\/blogs-mc\/"]}]},{"@type":"BreadcrumbList","@id":"https:\/\/keisen.com\/es\/blogs-mc\/#breadcrumb","itemListElement":[{"@type":"ListItem","position":1,"name":"Portada","item":"https:\/\/keisen.com\/es\/"},{"@type":"ListItem","position":2,"name":"Blogs: Mejora Continua y Calidad"}]},{"@type":"WebSite","@id":"https:\/\/keisen.com\/es\/#website","url":"https:\/\/keisen.com\/es\/","name":"Keisen Consultores","description":"Expertos en Mejora Continua, Calidad y Planeaci\u00f3n Estrat\u00e9gica","potentialAction":[{"@type":"SearchAction","target":{"@type":"EntryPoint","urlTemplate":"https:\/\/keisen.com\/es\/?s={search_term_string}"},"query-input":{"@type":"PropertyValueSpecification","valueRequired":true,"valueName":"search_term_string"}}],"inLanguage":"es"}]}},"_links":{"self":[{"href":"https:\/\/keisen.com\/es\/wp-json\/wp\/v2\/pages\/8189","targetHints":{"allow":["GET"]}}],"collection":[{"href":"https:\/\/keisen.com\/es\/wp-json\/wp\/v2\/pages"}],"about":[{"href":"https:\/\/keisen.com\/es\/wp-json\/wp\/v2\/types\/page"}],"author":[{"embeddable":true,"href":"https:\/\/keisen.com\/es\/wp-json\/wp\/v2\/users\/5"}],"replies":[{"embeddable":true,"href":"https:\/\/keisen.com\/es\/wp-json\/wp\/v2\/comments?post=8189"}],"version-history":[{"count":1,"href":"https:\/\/keisen.com\/es\/wp-json\/wp\/v2\/pages\/8189\/revisions"}],"predecessor-version":[{"id":8284,"href":"https:\/\/keisen.com\/es\/wp-json\/wp\/v2\/pages\/8189\/revisions\/8284"}],"wp:attachment":[{"href":"https:\/\/keisen.com\/es\/wp-json\/wp\/v2\/media?parent=8189"}],"curies":[{"name":"wp","href":"https:\/\/api.w.org\/{rel}","templated":true}]}}