{"id":8185,"date":"2025-01-22T12:47:50","date_gmt":"2025-01-22T18:47:50","guid":{"rendered":"https:\/\/keisen.com\/es\/?page_id=8185"},"modified":"2025-01-31T18:00:22","modified_gmt":"2025-02-01T00:00:22","slug":"all-blogs","status":"publish","type":"page","link":"https:\/\/keisen.com\/es\/all-blogs\/","title":{"rendered":"Blogs: Conocimiento para la Mejora Continua, Liderazgo y Planeaci\u00f3n"},"content":{"rendered":"\t\t<div data-elementor-type=\"wp-page\" data-elementor-id=\"8185\" class=\"elementor elementor-8185\">\n\t\t\t\t\t\t<section class=\"elementor-section elementor-top-section elementor-element elementor-element-b31c29e elementor-section-boxed elementor-section-height-default elementor-section-height-default\" data-id=\"b31c29e\" data-element_type=\"section\" data-e-type=\"section\">\n\t\t\t\t\t\t<div class=\"elementor-container elementor-column-gap-default\">\n\t\t\t\t\t<div class=\"elementor-column elementor-col-100 elementor-top-column elementor-element elementor-element-f2b313d\" data-id=\"f2b313d\" data-element_type=\"column\" data-e-type=\"column\">\n\t\t\t<div class=\"elementor-widget-wrap elementor-element-populated\">\n\t\t\t\t\t\t<div class=\"elementor-element elementor-element-85a8102 elementor-widget__width-initial elementor-widget elementor-widget-text-editor\" data-id=\"85a8102\" data-element_type=\"widget\" data-e-type=\"widget\" data-widget_type=\"text-editor.default\">\n\t\t\t\t<div class=\"elementor-widget-container\">\n\t\t\t\t\t\t\t\t\t<h4>Aqu\u00ed podr\u00e1s leer y descargar los art\u00edculos que nosotros y nuestros expertos hemos escrito para ti, elige la l\u00ednea tem\u00e1tica de tu inter\u00e9s.<br>S\u00fama nuestro talento a tus estrategias organizacionales, cont\u00e1ctanos para platicar sobre tu proyecto:<\/h4>\t\t\t\t\t\t\t\t<\/div>\n\t\t\t\t<\/div>\n\t\t\t\t\t<\/div>\n\t\t<\/div>\n\t\t\t\t\t<\/div>\n\t\t<\/section>\n\t\t\t\t<section class=\"elementor-section elementor-top-section elementor-element elementor-element-90809ba elementor-section-boxed elementor-section-height-default elementor-section-height-default\" data-id=\"90809ba\" data-element_type=\"section\" data-e-type=\"section\">\n\t\t\t\t\t\t<div class=\"elementor-container elementor-column-gap-default\">\n\t\t\t\t\t<div class=\"elementor-column elementor-col-33 elementor-top-column elementor-element elementor-element-b4efc2e\" data-id=\"b4efc2e\" data-element_type=\"column\" data-e-type=\"column\">\n\t\t\t<div class=\"elementor-widget-wrap elementor-element-populated\">\n\t\t\t\t\t\t<div class=\"elementor-element elementor-element-893ddac elementor-align-center elementor-widget elementor-widget-button\" data-id=\"893ddac\" data-element_type=\"widget\" data-e-type=\"widget\" data-widget_type=\"button.default\">\n\t\t\t\t<div class=\"elementor-widget-container\">\n\t\t\t\t\t\t\t\t\t<div class=\"elementor-button-wrapper\">\n\t\t\t\t\t<a class=\"elementor-button elementor-button-link elementor-size-sm\" href=\"https:\/\/keisen.com\/es\/blogs-mc\/\">\n\t\t\t\t\t\t<span class=\"elementor-button-content-wrapper\">\n\t\t\t\t\t\t\t\t\t<span class=\"elementor-button-text\">Mejora Continua y Calidad<\/span>\n\t\t\t\t\t<\/span>\n\t\t\t\t\t<\/a>\n\t\t\t\t<\/div>\n\t\t\t\t\t\t\t\t<\/div>\n\t\t\t\t<\/div>\n\t\t\t\t\t<\/div>\n\t\t<\/div>\n\t\t\t\t<div class=\"elementor-column elementor-col-33 elementor-top-column elementor-element elementor-element-d576e4c\" data-id=\"d576e4c\" data-element_type=\"column\" data-e-type=\"column\">\n\t\t\t<div class=\"elementor-widget-wrap elementor-element-populated\">\n\t\t\t\t\t\t<div class=\"elementor-element elementor-element-de99571 elementor-align-center elementor-widget elementor-widget-button\" data-id=\"de99571\" data-element_type=\"widget\" data-e-type=\"widget\" data-widget_type=\"button.default\">\n\t\t\t\t<div class=\"elementor-widget-container\">\n\t\t\t\t\t\t\t\t\t<div class=\"elementor-button-wrapper\">\n\t\t\t\t\t<a class=\"elementor-button elementor-button-link elementor-size-sm\" href=\"https:\/\/keisen.com\/es\/blogs-le\/\">\n\t\t\t\t\t\t<span class=\"elementor-button-content-wrapper\">\n\t\t\t\t\t\t\t\t\t<span class=\"elementor-button-text\">Liderazgo y Efectividad<\/span>\n\t\t\t\t\t<\/span>\n\t\t\t\t\t<\/a>\n\t\t\t\t<\/div>\n\t\t\t\t\t\t\t\t<\/div>\n\t\t\t\t<\/div>\n\t\t\t\t\t<\/div>\n\t\t<\/div>\n\t\t\t\t<div class=\"elementor-column elementor-col-33 elementor-top-column elementor-element elementor-element-d519390\" data-id=\"d519390\" data-element_type=\"column\" data-e-type=\"column\">\n\t\t\t<div class=\"elementor-widget-wrap elementor-element-populated\">\n\t\t\t\t\t\t<div class=\"elementor-element elementor-element-135d345 elementor-align-center elementor-widget elementor-widget-button\" data-id=\"135d345\" data-element_type=\"widget\" data-e-type=\"widget\" data-widget_type=\"button.default\">\n\t\t\t\t<div class=\"elementor-widget-container\">\n\t\t\t\t\t\t\t\t\t<div class=\"elementor-button-wrapper\">\n\t\t\t\t\t<a class=\"elementor-button elementor-button-link elementor-size-sm\" href=\"https:\/\/keisen.com\/es\/blogs-ae\/\">\n\t\t\t\t\t\t<span class=\"elementor-button-content-wrapper\">\n\t\t\t\t\t\t\t\t\t<span class=\"elementor-button-text\">Estrategia y Administraci\u00f3n<\/span>\n\t\t\t\t\t<\/span>\n\t\t\t\t\t<\/a>\n\t\t\t\t<\/div>\n\t\t\t\t\t\t\t\t<\/div>\n\t\t\t\t<\/div>\n\t\t\t\t\t<\/div>\n\t\t<\/div>\n\t\t\t\t\t<\/div>\n\t\t<\/section>\n\t\t\t\t<section class=\"elementor-section elementor-top-section elementor-element elementor-element-f92581e elementor-section-boxed elementor-section-height-default elementor-section-height-default\" data-id=\"f92581e\" data-element_type=\"section\" data-e-type=\"section\">\n\t\t\t\t\t\t<div class=\"elementor-container elementor-column-gap-default\">\n\t\t\t\t\t<div class=\"elementor-column elementor-col-100 elementor-top-column elementor-element elementor-element-5160caa\" data-id=\"5160caa\" data-element_type=\"column\" data-e-type=\"column\">\n\t\t\t<div class=\"elementor-widget-wrap\">\n\t\t\t\t\t\t\t<\/div>\n\t\t<\/div>\n\t\t\t\t\t<\/div>\n\t\t<\/section>\n\t\t\t\t<section class=\"elementor-section elementor-top-section elementor-element elementor-element-118cc0b elementor-section-boxed elementor-section-height-default elementor-section-height-default\" data-id=\"118cc0b\" data-element_type=\"section\" data-e-type=\"section\">\n\t\t\t\t\t\t<div class=\"elementor-container elementor-column-gap-default\">\n\t\t\t\t\t<div class=\"elementor-column elementor-col-100 elementor-top-column elementor-element elementor-element-314af17\" data-id=\"314af17\" data-element_type=\"column\" data-e-type=\"column\">\n\t\t\t<div class=\"elementor-widget-wrap elementor-element-populated\">\n\t\t\t\t\t\t<div class=\"elementor-element elementor-element-f9544a7 elementor-align-center elementor-widget elementor-widget-button\" data-id=\"f9544a7\" data-element_type=\"widget\" data-e-type=\"widget\" data-widget_type=\"button.default\">\n\t\t\t\t<div class=\"elementor-widget-container\">\n\t\t\t\t\t\t\t\t\t<div class=\"elementor-button-wrapper\">\n\t\t\t\t\t<a class=\"elementor-button elementor-button-link elementor-size-sm\" href=\"https:\/\/keisen.com\/es\/contactenos\/\">\n\t\t\t\t\t\t<span class=\"elementor-button-content-wrapper\">\n\t\t\t\t\t\t\t\t\t<span class=\"elementor-button-text\">Cont\u00e1ctanos<\/span>\n\t\t\t\t\t<\/span>\n\t\t\t\t\t<\/a>\n\t\t\t\t<\/div>\n\t\t\t\t\t\t\t\t<\/div>\n\t\t\t\t<\/div>\n\t\t\t\t\t<\/div>\n\t\t<\/div>\n\t\t\t\t\t<\/div>\n\t\t<\/section>\n\t\t\t\t<\/div>\n\t\t","protected":false},"excerpt":{"rendered":"<p>Aqu\u00ed podr\u00e1s leer y descargar los art\u00edculos que nosotros y nuestros expertos hemos escrito para ti, elige la l\u00ednea tem\u00e1tica de tu inter\u00e9s.S\u00fama nuestro talento a tus estrategias organizacionales, cont\u00e1ctanos para platicar<a class=\"moretag\" href=\"https:\/\/keisen.com\/es\/all-blogs\/\">Leer m\u00e1s&#8230;<\/a><\/p>\n","protected":false},"author":5,"featured_media":0,"parent":0,"menu_order":0,"comment_status":"closed","ping_status":"closed","template":"","meta":{"footnotes":""},"class_list":["post-8185","page","type-page","status-publish","hentry"],"yoast_head":"<!-- This site is optimized with the Yoast SEO plugin v27.4 - https:\/\/yoast.com\/product\/yoast-seo-wordpress\/ -->\n<title>Blogs: Conocimiento para la Mejora Continua, Liderazgo y Planeaci\u00f3n - Keisen Consultores<\/title>\n<meta name=\"robots\" content=\"index, follow, max-snippet:-1, max-image-preview:large, max-video-preview:-1\" \/>\n<link rel=\"canonical\" href=\"https:\/\/keisen.com\/es\/all-blogs\/\" \/>\n<meta property=\"og:locale\" content=\"es_ES\" \/>\n<meta property=\"og:type\" content=\"article\" \/>\n<meta property=\"og:title\" content=\"Blogs: Conocimiento para la Mejora Continua, Liderazgo y Planeaci\u00f3n - Keisen Consultores\" \/>\n<meta property=\"og:description\" content=\"Aqu\u00ed podr\u00e1s leer y descargar los art\u00edculos que nosotros y nuestros expertos hemos escrito para ti, elige la l\u00ednea tem\u00e1tica de tu inter\u00e9s.S\u00fama nuestro talento a tus estrategias organizacionales, cont\u00e1ctanos para platicarLeer m\u00e1s...\" \/>\n<meta property=\"og:url\" content=\"https:\/\/keisen.com\/es\/all-blogs\/\" \/>\n<meta property=\"og:site_name\" content=\"Keisen Consultores\" \/>\n<meta property=\"article:modified_time\" content=\"2025-02-01T00:00:22+00:00\" \/>\n<meta name=\"twitter:card\" content=\"summary_large_image\" \/>\n<meta name=\"twitter:label1\" content=\"Tiempo de lectura\" \/>\n\t<meta name=\"twitter:data1\" content=\"1 minuto\" \/>\n<script type=\"application\/ld+json\" class=\"yoast-schema-graph\">{\"@context\":\"https:\\\/\\\/schema.org\",\"@graph\":[{\"@type\":\"WebPage\",\"@id\":\"https:\\\/\\\/keisen.com\\\/es\\\/all-blogs\\\/\",\"url\":\"https:\\\/\\\/keisen.com\\\/es\\\/all-blogs\\\/\",\"name\":\"Blogs: Conocimiento para la Mejora Continua, Liderazgo y Planeaci\u00f3n - Keisen Consultores\",\"isPartOf\":{\"@id\":\"https:\\\/\\\/keisen.com\\\/es\\\/#website\"},\"datePublished\":\"2025-01-22T18:47:50+00:00\",\"dateModified\":\"2025-02-01T00:00:22+00:00\",\"breadcrumb\":{\"@id\":\"https:\\\/\\\/keisen.com\\\/es\\\/all-blogs\\\/#breadcrumb\"},\"inLanguage\":\"es\",\"potentialAction\":[{\"@type\":\"ReadAction\",\"target\":[\"https:\\\/\\\/keisen.com\\\/es\\\/all-blogs\\\/\"]}]},{\"@type\":\"BreadcrumbList\",\"@id\":\"https:\\\/\\\/keisen.com\\\/es\\\/all-blogs\\\/#breadcrumb\",\"itemListElement\":[{\"@type\":\"ListItem\",\"position\":1,\"name\":\"Portada\",\"item\":\"https:\\\/\\\/keisen.com\\\/es\\\/\"},{\"@type\":\"ListItem\",\"position\":2,\"name\":\"Blogs: Conocimiento para la Mejora Continua, Liderazgo y Planeaci\u00f3n\"}]},{\"@type\":\"WebSite\",\"@id\":\"https:\\\/\\\/keisen.com\\\/es\\\/#website\",\"url\":\"https:\\\/\\\/keisen.com\\\/es\\\/\",\"name\":\"Keisen Consultores\",\"description\":\"Expertos en Mejora Continua, Calidad y Planeaci\u00f3n Estrat\u00e9gica\",\"potentialAction\":[{\"@type\":\"SearchAction\",\"target\":{\"@type\":\"EntryPoint\",\"urlTemplate\":\"https:\\\/\\\/keisen.com\\\/es\\\/?s={search_term_string}\"},\"query-input\":{\"@type\":\"PropertyValueSpecification\",\"valueRequired\":true,\"valueName\":\"search_term_string\"}}],\"inLanguage\":\"es\"}]}<\/script>\n<!-- \/ Yoast SEO plugin. -->","yoast_head_json":{"title":"Blogs: Conocimiento para la Mejora Continua, Liderazgo y Planeaci\u00f3n - Keisen Consultores","robots":{"index":"index","follow":"follow","max-snippet":"max-snippet:-1","max-image-preview":"max-image-preview:large","max-video-preview":"max-video-preview:-1"},"canonical":"https:\/\/keisen.com\/es\/all-blogs\/","og_locale":"es_ES","og_type":"article","og_title":"Blogs: Conocimiento para la Mejora Continua, Liderazgo y Planeaci\u00f3n - Keisen Consultores","og_description":"Aqu\u00ed podr\u00e1s leer y descargar los art\u00edculos que nosotros y nuestros expertos hemos escrito para ti, elige la l\u00ednea tem\u00e1tica de tu inter\u00e9s.S\u00fama nuestro talento a tus estrategias organizacionales, cont\u00e1ctanos para platicarLeer m\u00e1s...","og_url":"https:\/\/keisen.com\/es\/all-blogs\/","og_site_name":"Keisen Consultores","article_modified_time":"2025-02-01T00:00:22+00:00","twitter_card":"summary_large_image","twitter_misc":{"Tiempo de lectura":"1 minuto"},"schema":{"@context":"https:\/\/schema.org","@graph":[{"@type":"WebPage","@id":"https:\/\/keisen.com\/es\/all-blogs\/","url":"https:\/\/keisen.com\/es\/all-blogs\/","name":"Blogs: Conocimiento para la Mejora Continua, Liderazgo y Planeaci\u00f3n - Keisen Consultores","isPartOf":{"@id":"https:\/\/keisen.com\/es\/#website"},"datePublished":"2025-01-22T18:47:50+00:00","dateModified":"2025-02-01T00:00:22+00:00","breadcrumb":{"@id":"https:\/\/keisen.com\/es\/all-blogs\/#breadcrumb"},"inLanguage":"es","potentialAction":[{"@type":"ReadAction","target":["https:\/\/keisen.com\/es\/all-blogs\/"]}]},{"@type":"BreadcrumbList","@id":"https:\/\/keisen.com\/es\/all-blogs\/#breadcrumb","itemListElement":[{"@type":"ListItem","position":1,"name":"Portada","item":"https:\/\/keisen.com\/es\/"},{"@type":"ListItem","position":2,"name":"Blogs: Conocimiento para la Mejora Continua, Liderazgo y Planeaci\u00f3n"}]},{"@type":"WebSite","@id":"https:\/\/keisen.com\/es\/#website","url":"https:\/\/keisen.com\/es\/","name":"Keisen Consultores","description":"Expertos en Mejora Continua, Calidad y Planeaci\u00f3n Estrat\u00e9gica","potentialAction":[{"@type":"SearchAction","target":{"@type":"EntryPoint","urlTemplate":"https:\/\/keisen.com\/es\/?s={search_term_string}"},"query-input":{"@type":"PropertyValueSpecification","valueRequired":true,"valueName":"search_term_string"}}],"inLanguage":"es"}]}},"_links":{"self":[{"href":"https:\/\/keisen.com\/es\/wp-json\/wp\/v2\/pages\/8185","targetHints":{"allow":["GET"]}}],"collection":[{"href":"https:\/\/keisen.com\/es\/wp-json\/wp\/v2\/pages"}],"about":[{"href":"https:\/\/keisen.com\/es\/wp-json\/wp\/v2\/types\/page"}],"author":[{"embeddable":true,"href":"https:\/\/keisen.com\/es\/wp-json\/wp\/v2\/users\/5"}],"replies":[{"embeddable":true,"href":"https:\/\/keisen.com\/es\/wp-json\/wp\/v2\/comments?post=8185"}],"version-history":[{"count":1,"href":"https:\/\/keisen.com\/es\/wp-json\/wp\/v2\/pages\/8185\/revisions"}],"predecessor-version":[{"id":8300,"href":"https:\/\/keisen.com\/es\/wp-json\/wp\/v2\/pages\/8185\/revisions\/8300"}],"wp:attachment":[{"href":"https:\/\/keisen.com\/es\/wp-json\/wp\/v2\/media?parent=8185"}],"curies":[{"name":"wp","href":"https:\/\/api.w.org\/{rel}","templated":true}]}}