{"id":726,"date":"2015-05-18T10:47:24","date_gmt":"2015-05-18T15:47:24","guid":{"rendered":"http:\/\/keisen.com\/es\/?page_id=726"},"modified":"2022-01-21T19:24:48","modified_gmt":"2022-01-22T01:24:48","slug":"evaluaciones-centro-kansei","status":"publish","type":"page","link":"https:\/\/keisen.com\/es\/evaluaciones-centro-kansei\/","title":{"rendered":"Evaluaciones Centro Kansei"},"content":{"rendered":"<p style=\"text-align: justify;\">Keisen Consultores es uno de los nodos de <span style=\"color: #ff0000;\"><a href=\"http:\/\/keisen.com\/es\/centro-kansei\/\"><img decoding=\"async\" class=\"alignleft wp-image-684\" src=\"http:\/\/keisen.com\/es\/wp-content\/uploads\/2015\/05\/Centro-Kansei.gif\" alt=\"Centro-Kansei\" width=\"164\" height=\"71\" \/><\/a>Ingenier\u00eda Kansei<\/span> en el mundo y realiza evaluaciones p\u00fablicas y proyectos privados en el <a href=\"http:\/\/keisen.com\/es\/centro-kansei\/\">Centro Kansei<\/a>. Las evaluaciones p\u00fablicas tienen como fin hacer que usted participe gratuitamente y nos comparta su opini\u00f3n, mientras que los proyectos privados son exclusivamente para organizaciones que les interesa realizar un proyecto personalizado.<\/p>\n<p style=\"text-align: justify;\">Si le interesa participar en una evaluaci\u00f3n o proyecto de Ingenier\u00eda Kansei, elija la opci\u00f3n correspondiente:<\/p>\n<p style=\"text-align: justify;\"><span style=\"color: #ff0000;\">EVALUACIONES P\u00daBLICAS<\/span><\/p>\n<p style=\"text-align: justify;\">Seleccione la Evaluaci\u00f3n de Ingenier\u00eda Kansei de su inter\u00e9s y a continuaci\u00f3n complete el formulario.<\/p>\n<ul style=\"text-align: justify;\">\n<li>Envases de leche<\/li>\n<li>Autos<\/li>\n<li>Tazas de t\u00e9 japon\u00e9s<\/li>\n<\/ul>\n<p style=\"text-align: justify;\"><span style=\"color: #ff0000;\">PROYECTOS PRIVADOS<\/span><\/p>\n<p style=\"text-align: justify;\">Si le interesa realizar alg\u00fan proyecto de Ingenier\u00eda Kansei y\/o alguna medici\u00f3n de sus productos; por favor comun\u00edquese con nuestra Direcci\u00f3n General para concertar una cita, conocer sus necesidades y construir un proyecto que impacte en su organizaci\u00f3n.<\/p>\n<p style=\"text-align: center;\"><img decoding=\"async\" class=\"aligncenter wp-image-1335\" src=\"http:\/\/keisen.com\/es\/wp-content\/uploads\/2015\/05\/weblink.png\" alt=\"Weblink\" width=\"30\" height=\"41\" \/><span style=\"color: #333333;\"><a href=\"http:\/\/keisen.com\/es\/contactenos\/\">Entrar a Proyectos Privados\u00a0<\/a><\/span><\/p>\n","protected":false},"excerpt":{"rendered":"<p>Keisen Consultores es uno de los nodos de Ingenier\u00eda Kansei en el mundo y realiza evaluaciones p\u00fablicas y proyectos privados en el Centro Kansei. Las evaluaciones p\u00fablicas tienen como fin hacer que<a class=\"moretag\" href=\"https:\/\/keisen.com\/es\/evaluaciones-centro-kansei\/\">Leer m\u00e1s&#8230;<\/a><\/p>\n","protected":false},"author":6,"featured_media":0,"parent":0,"menu_order":0,"comment_status":"closed","ping_status":"closed","template":"","meta":{"footnotes":""},"class_list":["post-726","page","type-page","status-publish","hentry"],"yoast_head":"<!-- This site is optimized with the Yoast SEO plugin v27.4 - https:\/\/yoast.com\/product\/yoast-seo-wordpress\/ -->\n<title>Evaluaciones Centro Kansei - Keisen Consultores<\/title>\n<meta name=\"robots\" content=\"index, follow, max-snippet:-1, max-image-preview:large, max-video-preview:-1\" \/>\n<link rel=\"canonical\" href=\"https:\/\/keisen.com\/es\/evaluaciones-centro-kansei\/\" \/>\n<meta property=\"og:locale\" content=\"es_ES\" \/>\n<meta property=\"og:type\" content=\"article\" \/>\n<meta property=\"og:title\" content=\"Evaluaciones Centro Kansei - Keisen Consultores\" \/>\n<meta property=\"og:description\" content=\"Keisen Consultores es uno de los nodos de Ingenier\u00eda Kansei en el mundo y realiza evaluaciones p\u00fablicas y proyectos privados en el Centro Kansei. Las evaluaciones p\u00fablicas tienen como fin hacer queLeer m\u00e1s...\" \/>\n<meta property=\"og:url\" content=\"https:\/\/keisen.com\/es\/evaluaciones-centro-kansei\/\" \/>\n<meta property=\"og:site_name\" content=\"Keisen Consultores\" \/>\n<meta property=\"article:modified_time\" content=\"2022-01-22T01:24:48+00:00\" \/>\n<meta property=\"og:image\" content=\"http:\/\/keisen.com\/es\/wp-content\/uploads\/2015\/05\/Centro-Kansei.gif\" \/>\n<meta name=\"twitter:card\" content=\"summary_large_image\" \/>\n<meta name=\"twitter:label1\" content=\"Tiempo de lectura\" \/>\n\t<meta name=\"twitter:data1\" content=\"1 minuto\" \/>\n<script type=\"application\/ld+json\" class=\"yoast-schema-graph\">{\"@context\":\"https:\\\/\\\/schema.org\",\"@graph\":[{\"@type\":\"WebPage\",\"@id\":\"https:\\\/\\\/keisen.com\\\/es\\\/evaluaciones-centro-kansei\\\/\",\"url\":\"https:\\\/\\\/keisen.com\\\/es\\\/evaluaciones-centro-kansei\\\/\",\"name\":\"Evaluaciones Centro Kansei - Keisen Consultores\",\"isPartOf\":{\"@id\":\"https:\\\/\\\/keisen.com\\\/es\\\/#website\"},\"primaryImageOfPage\":{\"@id\":\"https:\\\/\\\/keisen.com\\\/es\\\/evaluaciones-centro-kansei\\\/#primaryimage\"},\"image\":{\"@id\":\"https:\\\/\\\/keisen.com\\\/es\\\/evaluaciones-centro-kansei\\\/#primaryimage\"},\"thumbnailUrl\":\"http:\\\/\\\/keisen.com\\\/es\\\/wp-content\\\/uploads\\\/2015\\\/05\\\/Centro-Kansei.gif\",\"datePublished\":\"2015-05-18T15:47:24+00:00\",\"dateModified\":\"2022-01-22T01:24:48+00:00\",\"breadcrumb\":{\"@id\":\"https:\\\/\\\/keisen.com\\\/es\\\/evaluaciones-centro-kansei\\\/#breadcrumb\"},\"inLanguage\":\"es\",\"potentialAction\":[{\"@type\":\"ReadAction\",\"target\":[\"https:\\\/\\\/keisen.com\\\/es\\\/evaluaciones-centro-kansei\\\/\"]}]},{\"@type\":\"ImageObject\",\"inLanguage\":\"es\",\"@id\":\"https:\\\/\\\/keisen.com\\\/es\\\/evaluaciones-centro-kansei\\\/#primaryimage\",\"url\":\"https:\\\/\\\/keisen.com\\\/es\\\/wp-content\\\/uploads\\\/2015\\\/05\\\/Centro-Kansei.gif\",\"contentUrl\":\"https:\\\/\\\/keisen.com\\\/es\\\/wp-content\\\/uploads\\\/2015\\\/05\\\/Centro-Kansei.gif\",\"width\":306,\"height\":133,\"caption\":\"Centro Kansei 2\"},{\"@type\":\"BreadcrumbList\",\"@id\":\"https:\\\/\\\/keisen.com\\\/es\\\/evaluaciones-centro-kansei\\\/#breadcrumb\",\"itemListElement\":[{\"@type\":\"ListItem\",\"position\":1,\"name\":\"Portada\",\"item\":\"https:\\\/\\\/keisen.com\\\/es\\\/\"},{\"@type\":\"ListItem\",\"position\":2,\"name\":\"Evaluaciones Centro Kansei\"}]},{\"@type\":\"WebSite\",\"@id\":\"https:\\\/\\\/keisen.com\\\/es\\\/#website\",\"url\":\"https:\\\/\\\/keisen.com\\\/es\\\/\",\"name\":\"Keisen Consultores\",\"description\":\"Expertos en Mejora Continua, Calidad y Planeaci\u00f3n Estrat\u00e9gica\",\"potentialAction\":[{\"@type\":\"SearchAction\",\"target\":{\"@type\":\"EntryPoint\",\"urlTemplate\":\"https:\\\/\\\/keisen.com\\\/es\\\/?s={search_term_string}\"},\"query-input\":{\"@type\":\"PropertyValueSpecification\",\"valueRequired\":true,\"valueName\":\"search_term_string\"}}],\"inLanguage\":\"es\"}]}<\/script>\n<!-- \/ Yoast SEO plugin. -->","yoast_head_json":{"title":"Evaluaciones Centro Kansei - Keisen Consultores","robots":{"index":"index","follow":"follow","max-snippet":"max-snippet:-1","max-image-preview":"max-image-preview:large","max-video-preview":"max-video-preview:-1"},"canonical":"https:\/\/keisen.com\/es\/evaluaciones-centro-kansei\/","og_locale":"es_ES","og_type":"article","og_title":"Evaluaciones Centro Kansei - Keisen Consultores","og_description":"Keisen Consultores es uno de los nodos de Ingenier\u00eda Kansei en el mundo y realiza evaluaciones p\u00fablicas y proyectos privados en el Centro Kansei. Las evaluaciones p\u00fablicas tienen como fin hacer queLeer m\u00e1s...","og_url":"https:\/\/keisen.com\/es\/evaluaciones-centro-kansei\/","og_site_name":"Keisen Consultores","article_modified_time":"2022-01-22T01:24:48+00:00","og_image":[{"url":"http:\/\/keisen.com\/es\/wp-content\/uploads\/2015\/05\/Centro-Kansei.gif","type":"","width":"","height":""}],"twitter_card":"summary_large_image","twitter_misc":{"Tiempo de lectura":"1 minuto"},"schema":{"@context":"https:\/\/schema.org","@graph":[{"@type":"WebPage","@id":"https:\/\/keisen.com\/es\/evaluaciones-centro-kansei\/","url":"https:\/\/keisen.com\/es\/evaluaciones-centro-kansei\/","name":"Evaluaciones Centro Kansei - Keisen Consultores","isPartOf":{"@id":"https:\/\/keisen.com\/es\/#website"},"primaryImageOfPage":{"@id":"https:\/\/keisen.com\/es\/evaluaciones-centro-kansei\/#primaryimage"},"image":{"@id":"https:\/\/keisen.com\/es\/evaluaciones-centro-kansei\/#primaryimage"},"thumbnailUrl":"http:\/\/keisen.com\/es\/wp-content\/uploads\/2015\/05\/Centro-Kansei.gif","datePublished":"2015-05-18T15:47:24+00:00","dateModified":"2022-01-22T01:24:48+00:00","breadcrumb":{"@id":"https:\/\/keisen.com\/es\/evaluaciones-centro-kansei\/#breadcrumb"},"inLanguage":"es","potentialAction":[{"@type":"ReadAction","target":["https:\/\/keisen.com\/es\/evaluaciones-centro-kansei\/"]}]},{"@type":"ImageObject","inLanguage":"es","@id":"https:\/\/keisen.com\/es\/evaluaciones-centro-kansei\/#primaryimage","url":"https:\/\/keisen.com\/es\/wp-content\/uploads\/2015\/05\/Centro-Kansei.gif","contentUrl":"https:\/\/keisen.com\/es\/wp-content\/uploads\/2015\/05\/Centro-Kansei.gif","width":306,"height":133,"caption":"Centro Kansei 2"},{"@type":"BreadcrumbList","@id":"https:\/\/keisen.com\/es\/evaluaciones-centro-kansei\/#breadcrumb","itemListElement":[{"@type":"ListItem","position":1,"name":"Portada","item":"https:\/\/keisen.com\/es\/"},{"@type":"ListItem","position":2,"name":"Evaluaciones Centro Kansei"}]},{"@type":"WebSite","@id":"https:\/\/keisen.com\/es\/#website","url":"https:\/\/keisen.com\/es\/","name":"Keisen Consultores","description":"Expertos en Mejora Continua, Calidad y Planeaci\u00f3n Estrat\u00e9gica","potentialAction":[{"@type":"SearchAction","target":{"@type":"EntryPoint","urlTemplate":"https:\/\/keisen.com\/es\/?s={search_term_string}"},"query-input":{"@type":"PropertyValueSpecification","valueRequired":true,"valueName":"search_term_string"}}],"inLanguage":"es"}]}},"_links":{"self":[{"href":"https:\/\/keisen.com\/es\/wp-json\/wp\/v2\/pages\/726","targetHints":{"allow":["GET"]}}],"collection":[{"href":"https:\/\/keisen.com\/es\/wp-json\/wp\/v2\/pages"}],"about":[{"href":"https:\/\/keisen.com\/es\/wp-json\/wp\/v2\/types\/page"}],"author":[{"embeddable":true,"href":"https:\/\/keisen.com\/es\/wp-json\/wp\/v2\/users\/6"}],"replies":[{"embeddable":true,"href":"https:\/\/keisen.com\/es\/wp-json\/wp\/v2\/comments?post=726"}],"version-history":[{"count":1,"href":"https:\/\/keisen.com\/es\/wp-json\/wp\/v2\/pages\/726\/revisions"}],"predecessor-version":[{"id":2722,"href":"https:\/\/keisen.com\/es\/wp-json\/wp\/v2\/pages\/726\/revisions\/2722"}],"wp:attachment":[{"href":"https:\/\/keisen.com\/es\/wp-json\/wp\/v2\/media?parent=726"}],"curies":[{"name":"wp","href":"https:\/\/api.w.org\/{rel}","templated":true}]}}