{"id":67,"date":"2015-05-04T14:12:13","date_gmt":"2015-05-04T19:12:13","guid":{"rendered":"http:\/\/keisen.com\/es\/?page_id=67"},"modified":"2025-02-11T14:40:14","modified_gmt":"2025-02-11T20:40:14","slug":"inteligencia","status":"publish","type":"page","link":"https:\/\/keisen.com\/es\/inteligencia\/","title":{"rendered":"Inteligencia"},"content":{"rendered":"\t\t<div data-elementor-type=\"wp-page\" data-elementor-id=\"67\" class=\"elementor elementor-67\">\n\t\t\t\t\t\t<section class=\"elementor-section elementor-top-section elementor-element elementor-element-11f16b57 elementor-section-boxed elementor-section-height-default elementor-section-height-default\" data-id=\"11f16b57\" data-element_type=\"section\" data-e-type=\"section\">\n\t\t\t\t\t\t<div class=\"elementor-container elementor-column-gap-default\">\n\t\t\t\t\t<div class=\"elementor-column elementor-col-100 elementor-top-column elementor-element elementor-element-36b1bf6f\" data-id=\"36b1bf6f\" data-element_type=\"column\" data-e-type=\"column\">\n\t\t\t<div class=\"elementor-widget-wrap elementor-element-populated\">\n\t\t\t\t\t\t<div class=\"elementor-element elementor-element-2737940a elementor-widget elementor-widget-text-editor\" data-id=\"2737940a\" data-element_type=\"widget\" data-e-type=\"widget\" data-widget_type=\"text-editor.default\">\n\t\t\t\t<div class=\"elementor-widget-container\">\n\t\t\t\t\t\t\t\t\t<h3 style=\"text-align: justify;\"><span style=\"color: #000000;\"><strong>Inteligencia Organizacional <\/strong><\/span><\/h3><p style=\"text-align: center;\"><strong>En KEISEN Consultores, realizamos estudios para recopilar la voz del cliente y dise\u00f1ar productos y procesos que realmente satisfagan sus necesidades. Adem\u00e1s, aplicamos Kansei Engineering para entender y traducir las necesidades afectivas del cliente, y medimos la satisfacci\u00f3n del cliente para mejorar la calidad de productos, procesos y sistemas organizacionales.<\/strong><\/p><h3 style=\"text-align: justify;\"><span style=\"color: #800000;\">Nuestras \u00c1reas de Especialidad:<\/span><\/h3><ul style=\"text-align: justify;\"><li><h4><span style=\"color: #333333;\"><a style=\"color: #333333;\" href=\"http:\/\/keisen.com\/es\/evaluaciones-modelo-keisen\/\">Medici\u00f3n y Mejora de la Efectividad Organizacional<\/a><\/span><\/h4><\/li><li><h4><span style=\"color: #333333;\"><a style=\"color: #333333;\" href=\"http:\/\/keisen.com\/es\/areas-de-especialidad\/analisis-y-traduccion-de-la-voz-del-cliente\/\">An\u00e1lisis y Traducci\u00f3n de la Voz del Cliente<\/a><\/span><\/h4><\/li><li><h4><span style=\"color: #333333;\"><a style=\"color: #333333;\" href=\"http:\/\/keisen.com\/es\/evaluaciones-centro-kansei\/\">Kansei Engineering \/Ergonomics<\/a><\/span><\/h4><\/li><\/ul><h4 style=\"text-align: center;\"><span style=\"text-decoration: underline; color: #ff0000;\"><a style=\"color: #ff0000; text-decoration: underline;\" href=\"https:\/\/keisen.com\/es\/contactenos\/\" target=\"_blank\" rel=\"noopener\">Cont\u00e1ctanos Aqu\u00ed<\/a><\/span><\/h4><h4 style=\"text-align: center;\">\u201cDesarrollamos Organizaciones Sostenibles\u201d<\/h4><p style=\"text-align: center;\"><strong><span style=\"color: #000000;\">Todos nuestros canales de comunicaci\u00f3n\u00a0<\/span><span style=\"text-decoration: underline;\"><span style=\"color: #ff0000;\"><a style=\"font-family: var( --e-global-typography-text-font-family ), Sans-serif; font-weight: var( --e-global-typography-text-font-weight ); color: #ff0000; text-decoration: underline;\" href=\"https:\/\/linktr.ee\/KEISENConsultores\" target=\"_blank\" rel=\"noopener\">(Aqu\u00ed)<\/a><\/span><\/span><\/strong><\/p>\t\t\t\t\t\t\t\t<\/div>\n\t\t\t\t<\/div>\n\t\t\t\t\t<\/div>\n\t\t<\/div>\n\t\t\t\t\t<\/div>\n\t\t<\/section>\n\t\t\t\t<\/div>\n\t\t","protected":false},"excerpt":{"rendered":"<p>Inteligencia Organizacional En KEISEN Consultores, realizamos estudios para recopilar la voz del cliente y dise\u00f1ar productos y procesos que realmente satisfagan sus necesidades. Adem\u00e1s, aplicamos Kansei Engineering para entender y traducir las<a class=\"moretag\" href=\"https:\/\/keisen.com\/es\/inteligencia\/\">Leer m\u00e1s&#8230;<\/a><\/p>\n","protected":false},"author":6,"featured_media":0,"parent":0,"menu_order":3,"comment_status":"closed","ping_status":"closed","template":"","meta":{"footnotes":""},"class_list":["post-67","page","type-page","status-publish","hentry"],"yoast_head":"<!-- This site is optimized with the Yoast SEO plugin v27.4 - https:\/\/yoast.com\/product\/yoast-seo-wordpress\/ -->\n<title>Inteligencia - Keisen Consultores<\/title>\n<meta name=\"robots\" content=\"index, follow, max-snippet:-1, max-image-preview:large, max-video-preview:-1\" \/>\n<link rel=\"canonical\" href=\"https:\/\/keisen.com\/es\/inteligencia\/\" \/>\n<meta property=\"og:locale\" content=\"es_ES\" \/>\n<meta property=\"og:type\" content=\"article\" \/>\n<meta property=\"og:title\" content=\"Inteligencia - Keisen Consultores\" \/>\n<meta property=\"og:description\" content=\"Inteligencia Organizacional En KEISEN Consultores, realizamos estudios para recopilar la voz del cliente y dise\u00f1ar productos y procesos que realmente satisfagan sus necesidades. Adem\u00e1s, aplicamos Kansei Engineering para entender y traducir lasLeer m\u00e1s...\" \/>\n<meta property=\"og:url\" content=\"https:\/\/keisen.com\/es\/inteligencia\/\" \/>\n<meta property=\"og:site_name\" content=\"Keisen Consultores\" \/>\n<meta property=\"article:modified_time\" content=\"2025-02-11T20:40:14+00:00\" \/>\n<meta name=\"twitter:card\" content=\"summary_large_image\" \/>\n<meta name=\"twitter:label1\" content=\"Tiempo de lectura\" \/>\n\t<meta name=\"twitter:data1\" content=\"1 minuto\" \/>\n<script type=\"application\/ld+json\" class=\"yoast-schema-graph\">{\"@context\":\"https:\\\/\\\/schema.org\",\"@graph\":[{\"@type\":\"WebPage\",\"@id\":\"https:\\\/\\\/keisen.com\\\/es\\\/inteligencia\\\/\",\"url\":\"https:\\\/\\\/keisen.com\\\/es\\\/inteligencia\\\/\",\"name\":\"Inteligencia - Keisen Consultores\",\"isPartOf\":{\"@id\":\"https:\\\/\\\/keisen.com\\\/es\\\/#website\"},\"datePublished\":\"2015-05-04T19:12:13+00:00\",\"dateModified\":\"2025-02-11T20:40:14+00:00\",\"breadcrumb\":{\"@id\":\"https:\\\/\\\/keisen.com\\\/es\\\/inteligencia\\\/#breadcrumb\"},\"inLanguage\":\"es\",\"potentialAction\":[{\"@type\":\"ReadAction\",\"target\":[\"https:\\\/\\\/keisen.com\\\/es\\\/inteligencia\\\/\"]}]},{\"@type\":\"BreadcrumbList\",\"@id\":\"https:\\\/\\\/keisen.com\\\/es\\\/inteligencia\\\/#breadcrumb\",\"itemListElement\":[{\"@type\":\"ListItem\",\"position\":1,\"name\":\"Portada\",\"item\":\"https:\\\/\\\/keisen.com\\\/es\\\/\"},{\"@type\":\"ListItem\",\"position\":2,\"name\":\"Inteligencia\"}]},{\"@type\":\"WebSite\",\"@id\":\"https:\\\/\\\/keisen.com\\\/es\\\/#website\",\"url\":\"https:\\\/\\\/keisen.com\\\/es\\\/\",\"name\":\"Keisen Consultores\",\"description\":\"Expertos en Mejora Continua, Calidad y Planeaci\u00f3n Estrat\u00e9gica\",\"potentialAction\":[{\"@type\":\"SearchAction\",\"target\":{\"@type\":\"EntryPoint\",\"urlTemplate\":\"https:\\\/\\\/keisen.com\\\/es\\\/?s={search_term_string}\"},\"query-input\":{\"@type\":\"PropertyValueSpecification\",\"valueRequired\":true,\"valueName\":\"search_term_string\"}}],\"inLanguage\":\"es\"}]}<\/script>\n<!-- \/ Yoast SEO plugin. -->","yoast_head_json":{"title":"Inteligencia - Keisen Consultores","robots":{"index":"index","follow":"follow","max-snippet":"max-snippet:-1","max-image-preview":"max-image-preview:large","max-video-preview":"max-video-preview:-1"},"canonical":"https:\/\/keisen.com\/es\/inteligencia\/","og_locale":"es_ES","og_type":"article","og_title":"Inteligencia - Keisen Consultores","og_description":"Inteligencia Organizacional En KEISEN Consultores, realizamos estudios para recopilar la voz del cliente y dise\u00f1ar productos y procesos que realmente satisfagan sus necesidades. Adem\u00e1s, aplicamos Kansei Engineering para entender y traducir lasLeer m\u00e1s...","og_url":"https:\/\/keisen.com\/es\/inteligencia\/","og_site_name":"Keisen Consultores","article_modified_time":"2025-02-11T20:40:14+00:00","twitter_card":"summary_large_image","twitter_misc":{"Tiempo de lectura":"1 minuto"},"schema":{"@context":"https:\/\/schema.org","@graph":[{"@type":"WebPage","@id":"https:\/\/keisen.com\/es\/inteligencia\/","url":"https:\/\/keisen.com\/es\/inteligencia\/","name":"Inteligencia - Keisen Consultores","isPartOf":{"@id":"https:\/\/keisen.com\/es\/#website"},"datePublished":"2015-05-04T19:12:13+00:00","dateModified":"2025-02-11T20:40:14+00:00","breadcrumb":{"@id":"https:\/\/keisen.com\/es\/inteligencia\/#breadcrumb"},"inLanguage":"es","potentialAction":[{"@type":"ReadAction","target":["https:\/\/keisen.com\/es\/inteligencia\/"]}]},{"@type":"BreadcrumbList","@id":"https:\/\/keisen.com\/es\/inteligencia\/#breadcrumb","itemListElement":[{"@type":"ListItem","position":1,"name":"Portada","item":"https:\/\/keisen.com\/es\/"},{"@type":"ListItem","position":2,"name":"Inteligencia"}]},{"@type":"WebSite","@id":"https:\/\/keisen.com\/es\/#website","url":"https:\/\/keisen.com\/es\/","name":"Keisen Consultores","description":"Expertos en Mejora Continua, Calidad y Planeaci\u00f3n Estrat\u00e9gica","potentialAction":[{"@type":"SearchAction","target":{"@type":"EntryPoint","urlTemplate":"https:\/\/keisen.com\/es\/?s={search_term_string}"},"query-input":{"@type":"PropertyValueSpecification","valueRequired":true,"valueName":"search_term_string"}}],"inLanguage":"es"}]}},"_links":{"self":[{"href":"https:\/\/keisen.com\/es\/wp-json\/wp\/v2\/pages\/67","targetHints":{"allow":["GET"]}}],"collection":[{"href":"https:\/\/keisen.com\/es\/wp-json\/wp\/v2\/pages"}],"about":[{"href":"https:\/\/keisen.com\/es\/wp-json\/wp\/v2\/types\/page"}],"author":[{"embeddable":true,"href":"https:\/\/keisen.com\/es\/wp-json\/wp\/v2\/users\/6"}],"replies":[{"embeddable":true,"href":"https:\/\/keisen.com\/es\/wp-json\/wp\/v2\/comments?post=67"}],"version-history":[{"count":1,"href":"https:\/\/keisen.com\/es\/wp-json\/wp\/v2\/pages\/67\/revisions"}],"predecessor-version":[{"id":8604,"href":"https:\/\/keisen.com\/es\/wp-json\/wp\/v2\/pages\/67\/revisions\/8604"}],"wp:attachment":[{"href":"https:\/\/keisen.com\/es\/wp-json\/wp\/v2\/media?parent=67"}],"curies":[{"name":"wp","href":"https:\/\/api.w.org\/{rel}","templated":true}]}}