{"id":63,"date":"2015-05-04T14:11:35","date_gmt":"2015-05-04T19:11:35","guid":{"rendered":"http:\/\/keisen.com\/es\/?page_id=63"},"modified":"2025-02-07T13:19:47","modified_gmt":"2025-02-07T19:19:47","slug":"consultoria","status":"publish","type":"page","link":"https:\/\/keisen.com\/es\/consultoria\/","title":{"rendered":"Consultor\u00eda"},"content":{"rendered":"\t\t<div data-elementor-type=\"wp-page\" data-elementor-id=\"63\" class=\"elementor elementor-63\">\n\t\t\t\t\t\t<section class=\"elementor-section elementor-top-section elementor-element elementor-element-56b8eb5b elementor-section-boxed elementor-section-height-default elementor-section-height-default\" data-id=\"56b8eb5b\" data-element_type=\"section\" data-e-type=\"section\">\n\t\t\t\t\t\t<div class=\"elementor-container elementor-column-gap-default\">\n\t\t\t\t\t<div class=\"elementor-column elementor-col-100 elementor-top-column elementor-element elementor-element-56f464dc\" data-id=\"56f464dc\" data-element_type=\"column\" data-e-type=\"column\">\n\t\t\t<div class=\"elementor-widget-wrap elementor-element-populated\">\n\t\t\t\t\t\t<div class=\"elementor-element elementor-element-463ede86 elementor-widget elementor-widget-text-editor\" data-id=\"463ede86\" data-element_type=\"widget\" data-e-type=\"widget\" data-widget_type=\"text-editor.default\">\n\t\t\t\t<div class=\"elementor-widget-container\">\n\t\t\t\t\t\t\t\t\t<h3 style=\"text-align: justify;\"><span data-teams=\"true\">En KEISEN Consultores, colaboramos estrechamente con nuestros clientes para diagnosticar, dise\u00f1ar estrategias, ejecutar, medir y estandarizar las mejores pr\u00e1cticas en nuestras \u00e1reas de especialidad.<\/span><\/h3>\n<h3 style=\"text-align: justify;\"><span style=\"color: #800000;\">Nuestras \u00c1reas de Especialidad:<\/span><\/h3>\n<ol>\n<li><strong>Modelos de Planeaci\u00f3n Estrat\u00e9gica<\/strong>:\n<ul>\n<li>Dise\u00f1amos y construimos planes, estrategias y estructuras sostenibles que articulan eficazmente la visi\u00f3n de la organizaci\u00f3n, sus indicadores clave y los resultados de las acciones implementadas.<\/li>\n<\/ul>\n<\/li>\n<li><strong>Medici\u00f3n y Mejora de la Efectividad Organizacional<\/strong>:\n<ul>\n<li>Medimos y desarrollamos la efectividad de individuos, equipos y culturas organizacionales mediante el dise\u00f1o e implementaci\u00f3n de modelos estrat\u00e9gicos de articulaci\u00f3n de recursos.<\/li>\n<\/ul>\n<\/li>\n<li><strong>Calidad y Cambio para la Rentabilidad<\/strong>:\n<ul>\n<li>Implementamos sistemas, t\u00e9cnicas y modelos de calidad y mejora continua para el desarrollo del personal y la generaci\u00f3n de valor.<\/li>\n<\/ul>\n<\/li>\n<li><strong>Mejora e Innovaci\u00f3n de Procesos<\/strong>:\n<ul>\n<li>Analizamos, dise\u00f1amos, desarrollamos y mejoramos integralmente los procesos clave que agregan valor al modelo de negocio de las organizaciones.<\/li>\n<\/ul>\n<\/li>\n<li><strong>An\u00e1lisis y Traducci\u00f3n de la Voz del Cliente<\/strong>:\n<ul>\n<li>Dise\u00f1amos e implementamos estrategias para detectar y traducir las necesidades del cliente en procesos clave, productos, servicios y oportunidades de mercado.<\/li>\n<\/ul>\n<\/li>\n<li><strong>Kansei Engineering \/ Ergonomics<\/strong>:\n<ul>\n<li>Traducimos e interpretamos las necesidades profundas, afectivas y emocionales del cliente para el dise\u00f1o o mejora de productos y servicios, bas\u00e1ndonos en el modelo del Dr. Mitsuo Nagamachi.<\/li>\n<\/ul>\n<\/li>\n<\/ol>\n<h4 style=\"text-align: center;\"><strong>Cont\u00e1ctanos<\/strong><\/h4>\n<p style=\"text-align: center;\"><strong><a href=\"http:\/\/keisen.com\/es\/contactenos\/\"><img decoding=\"async\" class=\"wp-image-991 aligncenter\" src=\"http:\/\/keisen.com\/es\/wp-content\/uploads\/2015\/05\/contacto.png\" alt=\"Contacto\" width=\"50\" height=\"31\"><\/a><\/strong><strong>Desarrollamos Organizaciones Sostenibles<\/strong><\/p>\t\t\t\t\t\t\t\t<\/div>\n\t\t\t\t<\/div>\n\t\t\t\t\t<\/div>\n\t\t<\/div>\n\t\t\t\t\t<\/div>\n\t\t<\/section>\n\t\t\t\t<\/div>\n\t\t","protected":false},"excerpt":{"rendered":"<p>En KEISEN Consultores, colaboramos estrechamente con nuestros clientes para diagnosticar, dise\u00f1ar estrategias, ejecutar, medir y estandarizar las mejores pr\u00e1cticas en nuestras \u00e1reas de especialidad. Nuestras \u00c1reas de Especialidad: Modelos de Planeaci\u00f3n Estrat\u00e9gica:<a class=\"moretag\" href=\"https:\/\/keisen.com\/es\/consultoria\/\">Leer m\u00e1s&#8230;<\/a><\/p>\n","protected":false},"author":6,"featured_media":0,"parent":0,"menu_order":1,"comment_status":"closed","ping_status":"closed","template":"","meta":{"footnotes":""},"class_list":["post-63","page","type-page","status-publish","hentry"],"yoast_head":"<!-- This site is optimized with the Yoast SEO plugin v27.4 - https:\/\/yoast.com\/product\/yoast-seo-wordpress\/ -->\n<title>Consultor\u00eda - Keisen Consultores<\/title>\n<meta name=\"robots\" content=\"index, follow, max-snippet:-1, max-image-preview:large, max-video-preview:-1\" \/>\n<link rel=\"canonical\" href=\"https:\/\/keisen.com\/es\/consultoria\/\" \/>\n<meta property=\"og:locale\" content=\"es_ES\" \/>\n<meta property=\"og:type\" content=\"article\" \/>\n<meta property=\"og:title\" content=\"Consultor\u00eda - Keisen Consultores\" \/>\n<meta property=\"og:description\" content=\"En KEISEN Consultores, colaboramos estrechamente con nuestros clientes para diagnosticar, dise\u00f1ar estrategias, ejecutar, medir y estandarizar las mejores pr\u00e1cticas en nuestras \u00e1reas de especialidad. Nuestras \u00c1reas de Especialidad: Modelos de Planeaci\u00f3n Estrat\u00e9gica:Leer m\u00e1s...\" \/>\n<meta property=\"og:url\" content=\"https:\/\/keisen.com\/es\/consultoria\/\" \/>\n<meta property=\"og:site_name\" content=\"Keisen Consultores\" \/>\n<meta property=\"article:modified_time\" content=\"2025-02-07T19:19:47+00:00\" \/>\n<meta property=\"og:image\" content=\"https:\/\/keisen.com\/es\/wp-content\/uploads\/2015\/05\/contacto.png\" \/>\n\t<meta property=\"og:image:width\" content=\"62\" \/>\n\t<meta property=\"og:image:height\" content=\"39\" \/>\n\t<meta property=\"og:image:type\" content=\"image\/png\" \/>\n<meta name=\"twitter:card\" content=\"summary_large_image\" \/>\n<meta name=\"twitter:label1\" content=\"Tiempo de lectura\" \/>\n\t<meta name=\"twitter:data1\" content=\"2 minutos\" \/>\n<script type=\"application\/ld+json\" class=\"yoast-schema-graph\">{\"@context\":\"https:\\\/\\\/schema.org\",\"@graph\":[{\"@type\":\"WebPage\",\"@id\":\"https:\\\/\\\/keisen.com\\\/es\\\/consultoria\\\/\",\"url\":\"https:\\\/\\\/keisen.com\\\/es\\\/consultoria\\\/\",\"name\":\"Consultor\u00eda - Keisen Consultores\",\"isPartOf\":{\"@id\":\"https:\\\/\\\/keisen.com\\\/es\\\/#website\"},\"primaryImageOfPage\":{\"@id\":\"https:\\\/\\\/keisen.com\\\/es\\\/consultoria\\\/#primaryimage\"},\"image\":{\"@id\":\"https:\\\/\\\/keisen.com\\\/es\\\/consultoria\\\/#primaryimage\"},\"thumbnailUrl\":\"http:\\\/\\\/keisen.com\\\/es\\\/wp-content\\\/uploads\\\/2015\\\/05\\\/contacto.png\",\"datePublished\":\"2015-05-04T19:11:35+00:00\",\"dateModified\":\"2025-02-07T19:19:47+00:00\",\"breadcrumb\":{\"@id\":\"https:\\\/\\\/keisen.com\\\/es\\\/consultoria\\\/#breadcrumb\"},\"inLanguage\":\"es\",\"potentialAction\":[{\"@type\":\"ReadAction\",\"target\":[\"https:\\\/\\\/keisen.com\\\/es\\\/consultoria\\\/\"]}]},{\"@type\":\"ImageObject\",\"inLanguage\":\"es\",\"@id\":\"https:\\\/\\\/keisen.com\\\/es\\\/consultoria\\\/#primaryimage\",\"url\":\"http:\\\/\\\/keisen.com\\\/es\\\/wp-content\\\/uploads\\\/2015\\\/05\\\/contacto.png\",\"contentUrl\":\"http:\\\/\\\/keisen.com\\\/es\\\/wp-content\\\/uploads\\\/2015\\\/05\\\/contacto.png\"},{\"@type\":\"BreadcrumbList\",\"@id\":\"https:\\\/\\\/keisen.com\\\/es\\\/consultoria\\\/#breadcrumb\",\"itemListElement\":[{\"@type\":\"ListItem\",\"position\":1,\"name\":\"Portada\",\"item\":\"https:\\\/\\\/keisen.com\\\/es\\\/\"},{\"@type\":\"ListItem\",\"position\":2,\"name\":\"Consultor\u00eda\"}]},{\"@type\":\"WebSite\",\"@id\":\"https:\\\/\\\/keisen.com\\\/es\\\/#website\",\"url\":\"https:\\\/\\\/keisen.com\\\/es\\\/\",\"name\":\"Keisen Consultores\",\"description\":\"Expertos en Mejora Continua, Calidad y Planeaci\u00f3n Estrat\u00e9gica\",\"potentialAction\":[{\"@type\":\"SearchAction\",\"target\":{\"@type\":\"EntryPoint\",\"urlTemplate\":\"https:\\\/\\\/keisen.com\\\/es\\\/?s={search_term_string}\"},\"query-input\":{\"@type\":\"PropertyValueSpecification\",\"valueRequired\":true,\"valueName\":\"search_term_string\"}}],\"inLanguage\":\"es\"}]}<\/script>\n<!-- \/ Yoast SEO plugin. -->","yoast_head_json":{"title":"Consultor\u00eda - Keisen Consultores","robots":{"index":"index","follow":"follow","max-snippet":"max-snippet:-1","max-image-preview":"max-image-preview:large","max-video-preview":"max-video-preview:-1"},"canonical":"https:\/\/keisen.com\/es\/consultoria\/","og_locale":"es_ES","og_type":"article","og_title":"Consultor\u00eda - Keisen Consultores","og_description":"En KEISEN Consultores, colaboramos estrechamente con nuestros clientes para diagnosticar, dise\u00f1ar estrategias, ejecutar, medir y estandarizar las mejores pr\u00e1cticas en nuestras \u00e1reas de especialidad. Nuestras \u00c1reas de Especialidad: Modelos de Planeaci\u00f3n Estrat\u00e9gica:Leer m\u00e1s...","og_url":"https:\/\/keisen.com\/es\/consultoria\/","og_site_name":"Keisen Consultores","article_modified_time":"2025-02-07T19:19:47+00:00","og_image":[{"width":62,"height":39,"url":"https:\/\/keisen.com\/es\/wp-content\/uploads\/2015\/05\/contacto.png","type":"image\/png"}],"twitter_card":"summary_large_image","twitter_misc":{"Tiempo de lectura":"2 minutos"},"schema":{"@context":"https:\/\/schema.org","@graph":[{"@type":"WebPage","@id":"https:\/\/keisen.com\/es\/consultoria\/","url":"https:\/\/keisen.com\/es\/consultoria\/","name":"Consultor\u00eda - Keisen Consultores","isPartOf":{"@id":"https:\/\/keisen.com\/es\/#website"},"primaryImageOfPage":{"@id":"https:\/\/keisen.com\/es\/consultoria\/#primaryimage"},"image":{"@id":"https:\/\/keisen.com\/es\/consultoria\/#primaryimage"},"thumbnailUrl":"http:\/\/keisen.com\/es\/wp-content\/uploads\/2015\/05\/contacto.png","datePublished":"2015-05-04T19:11:35+00:00","dateModified":"2025-02-07T19:19:47+00:00","breadcrumb":{"@id":"https:\/\/keisen.com\/es\/consultoria\/#breadcrumb"},"inLanguage":"es","potentialAction":[{"@type":"ReadAction","target":["https:\/\/keisen.com\/es\/consultoria\/"]}]},{"@type":"ImageObject","inLanguage":"es","@id":"https:\/\/keisen.com\/es\/consultoria\/#primaryimage","url":"http:\/\/keisen.com\/es\/wp-content\/uploads\/2015\/05\/contacto.png","contentUrl":"http:\/\/keisen.com\/es\/wp-content\/uploads\/2015\/05\/contacto.png"},{"@type":"BreadcrumbList","@id":"https:\/\/keisen.com\/es\/consultoria\/#breadcrumb","itemListElement":[{"@type":"ListItem","position":1,"name":"Portada","item":"https:\/\/keisen.com\/es\/"},{"@type":"ListItem","position":2,"name":"Consultor\u00eda"}]},{"@type":"WebSite","@id":"https:\/\/keisen.com\/es\/#website","url":"https:\/\/keisen.com\/es\/","name":"Keisen Consultores","description":"Expertos en Mejora Continua, Calidad y Planeaci\u00f3n Estrat\u00e9gica","potentialAction":[{"@type":"SearchAction","target":{"@type":"EntryPoint","urlTemplate":"https:\/\/keisen.com\/es\/?s={search_term_string}"},"query-input":{"@type":"PropertyValueSpecification","valueRequired":true,"valueName":"search_term_string"}}],"inLanguage":"es"}]}},"_links":{"self":[{"href":"https:\/\/keisen.com\/es\/wp-json\/wp\/v2\/pages\/63","targetHints":{"allow":["GET"]}}],"collection":[{"href":"https:\/\/keisen.com\/es\/wp-json\/wp\/v2\/pages"}],"about":[{"href":"https:\/\/keisen.com\/es\/wp-json\/wp\/v2\/types\/page"}],"author":[{"embeddable":true,"href":"https:\/\/keisen.com\/es\/wp-json\/wp\/v2\/users\/6"}],"replies":[{"embeddable":true,"href":"https:\/\/keisen.com\/es\/wp-json\/wp\/v2\/comments?post=63"}],"version-history":[{"count":2,"href":"https:\/\/keisen.com\/es\/wp-json\/wp\/v2\/pages\/63\/revisions"}],"predecessor-version":[{"id":8350,"href":"https:\/\/keisen.com\/es\/wp-json\/wp\/v2\/pages\/63\/revisions\/8350"}],"wp:attachment":[{"href":"https:\/\/keisen.com\/es\/wp-json\/wp\/v2\/media?parent=63"}],"curies":[{"name":"wp","href":"https:\/\/api.w.org\/{rel}","templated":true}]}}