{"id":61,"date":"2015-05-04T14:10:31","date_gmt":"2015-05-04T19:10:31","guid":{"rendered":"http:\/\/keisen.com\/es\/?page_id=61"},"modified":"2023-01-19T13:00:37","modified_gmt":"2023-01-19T19:00:37","slug":"kansei-engineering-ergonomics","status":"publish","type":"page","link":"https:\/\/keisen.com\/es\/kansei-engineering-ergonomics\/","title":{"rendered":"Kansei Engineering \/ Ergonomics"},"content":{"rendered":"\t\t<div data-elementor-type=\"wp-page\" data-elementor-id=\"61\" class=\"elementor elementor-61\">\n\t\t\t\t\t\t<section class=\"elementor-section elementor-top-section elementor-element elementor-element-b047d1f elementor-section-boxed elementor-section-height-default elementor-section-height-default\" data-id=\"b047d1f\" data-element_type=\"section\" data-e-type=\"section\">\n\t\t\t\t\t\t<div class=\"elementor-container elementor-column-gap-default\">\n\t\t\t\t\t<div class=\"elementor-column elementor-col-100 elementor-top-column elementor-element elementor-element-afcd99c\" data-id=\"afcd99c\" data-element_type=\"column\" data-e-type=\"column\">\n\t\t\t<div class=\"elementor-widget-wrap elementor-element-populated\">\n\t\t\t\t\t\t<div class=\"elementor-element elementor-element-10cf55f9 elementor-widget elementor-widget-text-editor\" data-id=\"10cf55f9\" data-element_type=\"widget\" data-e-type=\"widget\" data-widget_type=\"text-editor.default\">\n\t\t\t\t<div class=\"elementor-widget-container\">\n\t\t\t\t\t\t\t\t\t<h3 style=\"text-align: justify;\"><strong>Traducci\u00f3n e interpretaci\u00f3n de las necesidades profundas, afectivas y emocionales del cliente para el dise\u00f1o o mejora de productos y servicios basados en el Modelo del Dr. Mistuo Nagamachi.<\/strong><\/h3><h3 style=\"text-align: justify;\"><span style=\"color: #800000;\"><strong>L\u00edneas Tem\u00e1ticas<\/strong><\/span><\/h3><h4 style=\"text-align: justify;\">\u2022 <span style=\"color: #333333;\">Proyectos de Dise\u00f1o con Kansei Engineering<\/span><\/h4><p style=\"padding-left: 30px; text-align: justify;\">Cuando los atributos como la calidad, las funciones, el costo y la utilizabilidad dejan de ser factores de diferenciaci\u00f3n en el mercado, son las necesidades profundas, afectivas y emocionales (llamadas KANSEI) las que al ser satisfechas marcan la clave de un producto en el mercado global. La Ingenier\u00eda Kansei \/ Afectiva fundada en 1975 por el Dr. Mitsuo Nagamachi, es una tecnolog\u00eda para traducir las necesidades Kansei de un mercado en par\u00e1metros y elementos de dise\u00f1o de productos o servicios. El Dr. Ricardo Hirata, Director de Keisen Consultores es miembro del equipo de investigaci\u00f3n del Dr. Mitsuo Nagamachi y no solo lo representa como nodo de conocimiento, sino ejecuta proyectos de Ingenier\u00eda Kansei en sus diferentes tipos.<\/p><h4 style=\"text-align: justify;\">\u2022 <span style=\"color: #333333;\">Proyectos de Mejora Kansei Ergonomics<\/span><\/h4><p style=\"padding-left: 30px; text-align: justify;\">Se refiere a la Ingenier\u00eda Kansei aplicada a proyectos de ergonom\u00eda como por ejemplo, dise\u00f1o de barandales, elevadores, tableros de cajeros autom\u00e1ticos, colchones, escaleras, entre otros.<\/p><h4 style=\"text-align: justify;\">\u2022\u00a0<span style=\"color: #333333;\">Modelo de Prevenci\u00f3n de Accidentes del Dr. Nagamachi<\/span><\/h4><p style=\"padding-left: 30px; text-align: justify;\">Modelo japon\u00e9s de seguridad basado en la predicci\u00f3n de los riesgos para la prevenci\u00f3n de accidentes y mejora de la salud. Sus siglas KY (Kiken Yochi) significan Predicci\u00f3n de Riesgos y a diferencia del modelo de entrenamiento KY tradicional que se orienta al cambio en los comportamientos haciendo evidente una condici\u00f3n insegura o acto inseguro, el modelo Nagamachi est\u00e1 orientado a la activaci\u00f3n del cerebro racionalizando dichos hechos y reduciendo las respuestas emocionales e irracionales de las personas. Se basa en trabajo en equipo y se implanta en toda una organizaci\u00f3n<\/p><h4 style=\"text-align: center;\"><a href=\"https:\/\/keisen.com\/es\/contactenos\/\">Cont\u00e1ctanos (Haz click aqu\u00ed)\u00a0<br \/><\/a><\/h4><p>\u00a0<\/p><p><!-- \/wp:shortcode --><\/p>\t\t\t\t\t\t\t\t<\/div>\n\t\t\t\t<\/div>\n\t\t\t\t\t<\/div>\n\t\t<\/div>\n\t\t\t\t\t<\/div>\n\t\t<\/section>\n\t\t\t\t<\/div>\n\t\t","protected":false},"excerpt":{"rendered":"<p>Traducci\u00f3n e interpretaci\u00f3n de las necesidades profundas, afectivas y emocionales del cliente para el dise\u00f1o o mejora de productos y servicios basados en el Modelo del Dr. Mistuo Nagamachi. L\u00edneas Tem\u00e1ticas \u2022<a class=\"moretag\" href=\"https:\/\/keisen.com\/es\/kansei-engineering-ergonomics\/\">Leer m\u00e1s&#8230;<\/a><\/p>\n","protected":false},"author":6,"featured_media":0,"parent":0,"menu_order":6,"comment_status":"closed","ping_status":"closed","template":"elementor_header_footer","meta":{"footnotes":""},"class_list":["post-61","page","type-page","status-publish","hentry"],"yoast_head":"<!-- This site is optimized with the Yoast SEO plugin v27.4 - https:\/\/yoast.com\/product\/yoast-seo-wordpress\/ -->\n<title>Kansei Engineering \/ Ergonomics - Keisen Consultores<\/title>\n<meta name=\"robots\" content=\"index, follow, max-snippet:-1, max-image-preview:large, max-video-preview:-1\" \/>\n<link rel=\"canonical\" href=\"https:\/\/keisen.com\/es\/kansei-engineering-ergonomics\/\" \/>\n<meta property=\"og:locale\" content=\"es_ES\" \/>\n<meta property=\"og:type\" content=\"article\" \/>\n<meta property=\"og:title\" content=\"Kansei Engineering \/ Ergonomics - Keisen Consultores\" \/>\n<meta property=\"og:description\" content=\"Traducci\u00f3n e interpretaci\u00f3n de las necesidades profundas, afectivas y emocionales del cliente para el dise\u00f1o o mejora de productos y servicios basados en el Modelo del Dr. Mistuo Nagamachi. L\u00edneas Tem\u00e1ticas \u2022Leer m\u00e1s...\" \/>\n<meta property=\"og:url\" content=\"https:\/\/keisen.com\/es\/kansei-engineering-ergonomics\/\" \/>\n<meta property=\"og:site_name\" content=\"Keisen Consultores\" \/>\n<meta property=\"article:modified_time\" content=\"2023-01-19T19:00:37+00:00\" \/>\n<meta name=\"twitter:card\" content=\"summary_large_image\" \/>\n<meta name=\"twitter:label1\" content=\"Tiempo de lectura\" \/>\n\t<meta name=\"twitter:data1\" content=\"2 minutos\" \/>\n<script type=\"application\/ld+json\" class=\"yoast-schema-graph\">{\"@context\":\"https:\\\/\\\/schema.org\",\"@graph\":[{\"@type\":\"WebPage\",\"@id\":\"https:\\\/\\\/keisen.com\\\/es\\\/kansei-engineering-ergonomics\\\/\",\"url\":\"https:\\\/\\\/keisen.com\\\/es\\\/kansei-engineering-ergonomics\\\/\",\"name\":\"Kansei Engineering \\\/ Ergonomics - Keisen Consultores\",\"isPartOf\":{\"@id\":\"https:\\\/\\\/keisen.com\\\/es\\\/#website\"},\"datePublished\":\"2015-05-04T19:10:31+00:00\",\"dateModified\":\"2023-01-19T19:00:37+00:00\",\"breadcrumb\":{\"@id\":\"https:\\\/\\\/keisen.com\\\/es\\\/kansei-engineering-ergonomics\\\/#breadcrumb\"},\"inLanguage\":\"es\",\"potentialAction\":[{\"@type\":\"ReadAction\",\"target\":[\"https:\\\/\\\/keisen.com\\\/es\\\/kansei-engineering-ergonomics\\\/\"]}]},{\"@type\":\"BreadcrumbList\",\"@id\":\"https:\\\/\\\/keisen.com\\\/es\\\/kansei-engineering-ergonomics\\\/#breadcrumb\",\"itemListElement\":[{\"@type\":\"ListItem\",\"position\":1,\"name\":\"Portada\",\"item\":\"https:\\\/\\\/keisen.com\\\/es\\\/\"},{\"@type\":\"ListItem\",\"position\":2,\"name\":\"Kansei Engineering \\\/ Ergonomics\"}]},{\"@type\":\"WebSite\",\"@id\":\"https:\\\/\\\/keisen.com\\\/es\\\/#website\",\"url\":\"https:\\\/\\\/keisen.com\\\/es\\\/\",\"name\":\"Keisen Consultores\",\"description\":\"Expertos en Mejora Continua, Calidad y Planeaci\u00f3n Estrat\u00e9gica\",\"potentialAction\":[{\"@type\":\"SearchAction\",\"target\":{\"@type\":\"EntryPoint\",\"urlTemplate\":\"https:\\\/\\\/keisen.com\\\/es\\\/?s={search_term_string}\"},\"query-input\":{\"@type\":\"PropertyValueSpecification\",\"valueRequired\":true,\"valueName\":\"search_term_string\"}}],\"inLanguage\":\"es\"}]}<\/script>\n<!-- \/ Yoast SEO plugin. -->","yoast_head_json":{"title":"Kansei Engineering \/ Ergonomics - Keisen Consultores","robots":{"index":"index","follow":"follow","max-snippet":"max-snippet:-1","max-image-preview":"max-image-preview:large","max-video-preview":"max-video-preview:-1"},"canonical":"https:\/\/keisen.com\/es\/kansei-engineering-ergonomics\/","og_locale":"es_ES","og_type":"article","og_title":"Kansei Engineering \/ Ergonomics - Keisen Consultores","og_description":"Traducci\u00f3n e interpretaci\u00f3n de las necesidades profundas, afectivas y emocionales del cliente para el dise\u00f1o o mejora de productos y servicios basados en el Modelo del Dr. Mistuo Nagamachi. L\u00edneas Tem\u00e1ticas \u2022Leer m\u00e1s...","og_url":"https:\/\/keisen.com\/es\/kansei-engineering-ergonomics\/","og_site_name":"Keisen Consultores","article_modified_time":"2023-01-19T19:00:37+00:00","twitter_card":"summary_large_image","twitter_misc":{"Tiempo de lectura":"2 minutos"},"schema":{"@context":"https:\/\/schema.org","@graph":[{"@type":"WebPage","@id":"https:\/\/keisen.com\/es\/kansei-engineering-ergonomics\/","url":"https:\/\/keisen.com\/es\/kansei-engineering-ergonomics\/","name":"Kansei Engineering \/ Ergonomics - Keisen Consultores","isPartOf":{"@id":"https:\/\/keisen.com\/es\/#website"},"datePublished":"2015-05-04T19:10:31+00:00","dateModified":"2023-01-19T19:00:37+00:00","breadcrumb":{"@id":"https:\/\/keisen.com\/es\/kansei-engineering-ergonomics\/#breadcrumb"},"inLanguage":"es","potentialAction":[{"@type":"ReadAction","target":["https:\/\/keisen.com\/es\/kansei-engineering-ergonomics\/"]}]},{"@type":"BreadcrumbList","@id":"https:\/\/keisen.com\/es\/kansei-engineering-ergonomics\/#breadcrumb","itemListElement":[{"@type":"ListItem","position":1,"name":"Portada","item":"https:\/\/keisen.com\/es\/"},{"@type":"ListItem","position":2,"name":"Kansei Engineering \/ Ergonomics"}]},{"@type":"WebSite","@id":"https:\/\/keisen.com\/es\/#website","url":"https:\/\/keisen.com\/es\/","name":"Keisen Consultores","description":"Expertos en Mejora Continua, Calidad y Planeaci\u00f3n Estrat\u00e9gica","potentialAction":[{"@type":"SearchAction","target":{"@type":"EntryPoint","urlTemplate":"https:\/\/keisen.com\/es\/?s={search_term_string}"},"query-input":{"@type":"PropertyValueSpecification","valueRequired":true,"valueName":"search_term_string"}}],"inLanguage":"es"}]}},"_links":{"self":[{"href":"https:\/\/keisen.com\/es\/wp-json\/wp\/v2\/pages\/61","targetHints":{"allow":["GET"]}}],"collection":[{"href":"https:\/\/keisen.com\/es\/wp-json\/wp\/v2\/pages"}],"about":[{"href":"https:\/\/keisen.com\/es\/wp-json\/wp\/v2\/types\/page"}],"author":[{"embeddable":true,"href":"https:\/\/keisen.com\/es\/wp-json\/wp\/v2\/users\/6"}],"replies":[{"embeddable":true,"href":"https:\/\/keisen.com\/es\/wp-json\/wp\/v2\/comments?post=61"}],"version-history":[{"count":1,"href":"https:\/\/keisen.com\/es\/wp-json\/wp\/v2\/pages\/61\/revisions"}],"predecessor-version":[{"id":7258,"href":"https:\/\/keisen.com\/es\/wp-json\/wp\/v2\/pages\/61\/revisions\/7258"}],"wp:attachment":[{"href":"https:\/\/keisen.com\/es\/wp-json\/wp\/v2\/media?parent=61"}],"curies":[{"name":"wp","href":"https:\/\/api.w.org\/{rel}","templated":true}]}}