{"id":57,"date":"2015-05-04T14:09:40","date_gmt":"2015-05-04T19:09:40","guid":{"rendered":"http:\/\/keisen.com\/es\/?page_id=57"},"modified":"2015-09-30T12:13:56","modified_gmt":"2015-09-30T17:13:56","slug":"mejora-e-innovacion-de-procesos","status":"publish","type":"page","link":"https:\/\/keisen.com\/es\/mejora-e-innovacion-de-procesos\/","title":{"rendered":"Mejora e Innovaci\u00f3n de Procesos"},"content":{"rendered":"<h3 style=\"text-align: justify;\">An\u00e1lisis, dise\u00f1o, desarrollo y mejoramiento integral de los procesos clave que agregan valor al modelo de negocio de las organizaciones.<\/h3>\n<h3 style=\"text-align: justify;\"><span style=\"color: #800000;\"><strong>L\u00edneas Tem\u00e1ticas <\/strong><\/span><\/h3>\n<p style=\"text-align: justify;\">Proceso es un conjunto de actividades que transforman un insumo en un producto o servicio; \u00e9stos nunca permanecen est\u00e1ticos y debido a ello resulta esencial analizarlos peri\u00f3dicamente con la finalidad de identificar si la forma en la que se realizan agrega valor al cliente o en su defecto redise\u00f1arlos para cumplir con ese objetivo.\u00a0Una vez establecidos, se convierte en una necesidad estabilizarlos, gestionarlos y controlarlos para estandarizarlos y optimizarlos, asegurando su calidad.<\/p>\n<h4>\u2022\u00a0<span style=\"color: #333333;\">Mapeo, An\u00e1lisis y Mejora de Procesos<\/span><\/h4>\n<p style=\"text-align: justify; padding-left: 30px;\">Es de suma importancia saber c\u00f3mo se hacen las cosas dentro de las organizaciones, esto es posible mediante un mapeo de los elementos que componen a los procesos, una vez identificados se analizan y mejoran o de ser necesario se redise\u00f1an mediante una reingenier\u00eda o rearquitectura.\u00a0Keisen Consultores tiene un formato visual de procesos que ense\u00f1a adem\u00e1s del diagrama de flujo o mapa, el inventario de registros y documentos, normativas y reglas, indicadores, elementos de operaci\u00f3n y control, an\u00e1lisis de riesgo y planes de contingencia.<\/p>\n<h4>\u2022\u00a0<span style=\"color: #333333;\">Gesti\u00f3n y Estandarizaci\u00f3n de Procesos<\/span><\/h4>\n<p style=\"text-align: justify; padding-left: 30px;\"><span style=\"color: #000000;\">Cuando las organizaciones han definido sus procesos es necesario estabilizarlos, gestionarlos y controlarlos, desarrollando indicadores que permitan generar m\u00e9tricas para su optimizarlos y estandarizarlos, asegurando su estabilidad y garantizando su calidad.\u00a0<\/span>La aplicaci\u00f3n de nuestro modelo garantiza la consistencia de los productos y servicios que son entregados al cliente.<\/p>\n<p style=\"text-align: center;\"><img decoding=\"async\" class=\" wp-image-1164 alignnone\" src=\"http:\/\/keisen.com\/es\/wp-content\/uploads\/2015\/05\/descarga.png\" alt=\"Descarga\" width=\"50\" height=\"50\" \/><a href=\"http:\/\/keisen.com\/es\/wp-content\/uploads\/2015\/09\/\u00c1reas-de-Especiliad-30092015.pdf\" target=\"_blank\">Descargue informaci\u00f3n adicional en PDF<\/a><\/p>\n<h4 style=\"text-align: center;\"><strong>Cont\u00e1ctenos<\/strong><\/h4>\n<p style=\"text-align: center;\"><strong><a href=\"http:\/\/keisen.com\/es\/contactenos\/\"><img decoding=\"async\" class=\"wp-image-991 aligncenter\" src=\"http:\/\/keisen.com\/es\/wp-content\/uploads\/2015\/05\/contacto.png\" alt=\"Contacto\" width=\"50\" height=\"31\" \/><\/a><\/strong><strong>Tenemos una soluci\u00f3n para su negocio<\/strong><\/p>\n<h4 style=\"text-align: center;\"><\/h4>\n","protected":false},"excerpt":{"rendered":"<p>An\u00e1lisis, dise\u00f1o, desarrollo y mejoramiento integral de los procesos clave que agregan valor al modelo de negocio de las organizaciones. L\u00edneas Tem\u00e1ticas Proceso es un conjunto de actividades que transforman un insumo<a class=\"moretag\" href=\"https:\/\/keisen.com\/es\/mejora-e-innovacion-de-procesos\/\">Leer m\u00e1s&#8230;<\/a><\/p>\n","protected":false},"author":6,"featured_media":0,"parent":0,"menu_order":4,"comment_status":"closed","ping_status":"closed","template":"","meta":{"footnotes":""},"class_list":["post-57","page","type-page","status-publish","hentry"],"yoast_head":"<!-- This site is optimized with the Yoast SEO plugin v27.4 - https:\/\/yoast.com\/product\/yoast-seo-wordpress\/ -->\n<title>Mejora e Innovaci\u00f3n de Procesos - Keisen Consultores<\/title>\n<meta name=\"robots\" content=\"index, follow, max-snippet:-1, max-image-preview:large, max-video-preview:-1\" \/>\n<link rel=\"canonical\" href=\"https:\/\/keisen.com\/es\/mejora-e-innovacion-de-procesos\/\" \/>\n<meta property=\"og:locale\" content=\"es_ES\" \/>\n<meta property=\"og:type\" content=\"article\" \/>\n<meta property=\"og:title\" content=\"Mejora e Innovaci\u00f3n de Procesos - Keisen Consultores\" \/>\n<meta property=\"og:description\" content=\"An\u00e1lisis, dise\u00f1o, desarrollo y mejoramiento integral de los procesos clave que agregan valor al modelo de negocio de las organizaciones. L\u00edneas Tem\u00e1ticas Proceso es un conjunto de actividades que transforman un insumoLeer m\u00e1s...\" \/>\n<meta property=\"og:url\" content=\"https:\/\/keisen.com\/es\/mejora-e-innovacion-de-procesos\/\" \/>\n<meta property=\"og:site_name\" content=\"Keisen Consultores\" \/>\n<meta property=\"article:modified_time\" content=\"2015-09-30T17:13:56+00:00\" \/>\n<meta property=\"og:image\" content=\"http:\/\/keisen.com\/es\/wp-content\/uploads\/2015\/05\/descarga.png\" \/>\n<meta name=\"twitter:card\" content=\"summary_large_image\" \/>\n<meta name=\"twitter:label1\" content=\"Tiempo de lectura\" \/>\n\t<meta name=\"twitter:data1\" content=\"1 minuto\" \/>\n<script type=\"application\/ld+json\" class=\"yoast-schema-graph\">{\"@context\":\"https:\\\/\\\/schema.org\",\"@graph\":[{\"@type\":\"WebPage\",\"@id\":\"https:\\\/\\\/keisen.com\\\/es\\\/mejora-e-innovacion-de-procesos\\\/\",\"url\":\"https:\\\/\\\/keisen.com\\\/es\\\/mejora-e-innovacion-de-procesos\\\/\",\"name\":\"Mejora e Innovaci\u00f3n de Procesos - Keisen Consultores\",\"isPartOf\":{\"@id\":\"https:\\\/\\\/keisen.com\\\/es\\\/#website\"},\"primaryImageOfPage\":{\"@id\":\"https:\\\/\\\/keisen.com\\\/es\\\/mejora-e-innovacion-de-procesos\\\/#primaryimage\"},\"image\":{\"@id\":\"https:\\\/\\\/keisen.com\\\/es\\\/mejora-e-innovacion-de-procesos\\\/#primaryimage\"},\"thumbnailUrl\":\"http:\\\/\\\/keisen.com\\\/es\\\/wp-content\\\/uploads\\\/2015\\\/05\\\/descarga.png\",\"datePublished\":\"2015-05-04T19:09:40+00:00\",\"dateModified\":\"2015-09-30T17:13:56+00:00\",\"breadcrumb\":{\"@id\":\"https:\\\/\\\/keisen.com\\\/es\\\/mejora-e-innovacion-de-procesos\\\/#breadcrumb\"},\"inLanguage\":\"es\",\"potentialAction\":[{\"@type\":\"ReadAction\",\"target\":[\"https:\\\/\\\/keisen.com\\\/es\\\/mejora-e-innovacion-de-procesos\\\/\"]}]},{\"@type\":\"ImageObject\",\"inLanguage\":\"es\",\"@id\":\"https:\\\/\\\/keisen.com\\\/es\\\/mejora-e-innovacion-de-procesos\\\/#primaryimage\",\"url\":\"http:\\\/\\\/keisen.com\\\/es\\\/wp-content\\\/uploads\\\/2015\\\/05\\\/descarga.png\",\"contentUrl\":\"http:\\\/\\\/keisen.com\\\/es\\\/wp-content\\\/uploads\\\/2015\\\/05\\\/descarga.png\"},{\"@type\":\"BreadcrumbList\",\"@id\":\"https:\\\/\\\/keisen.com\\\/es\\\/mejora-e-innovacion-de-procesos\\\/#breadcrumb\",\"itemListElement\":[{\"@type\":\"ListItem\",\"position\":1,\"name\":\"Portada\",\"item\":\"https:\\\/\\\/keisen.com\\\/es\\\/\"},{\"@type\":\"ListItem\",\"position\":2,\"name\":\"Mejora e Innovaci\u00f3n de Procesos\"}]},{\"@type\":\"WebSite\",\"@id\":\"https:\\\/\\\/keisen.com\\\/es\\\/#website\",\"url\":\"https:\\\/\\\/keisen.com\\\/es\\\/\",\"name\":\"Keisen Consultores\",\"description\":\"Expertos en Mejora Continua, Calidad y Planeaci\u00f3n Estrat\u00e9gica\",\"potentialAction\":[{\"@type\":\"SearchAction\",\"target\":{\"@type\":\"EntryPoint\",\"urlTemplate\":\"https:\\\/\\\/keisen.com\\\/es\\\/?s={search_term_string}\"},\"query-input\":{\"@type\":\"PropertyValueSpecification\",\"valueRequired\":true,\"valueName\":\"search_term_string\"}}],\"inLanguage\":\"es\"}]}<\/script>\n<!-- \/ Yoast SEO plugin. -->","yoast_head_json":{"title":"Mejora e Innovaci\u00f3n de Procesos - Keisen Consultores","robots":{"index":"index","follow":"follow","max-snippet":"max-snippet:-1","max-image-preview":"max-image-preview:large","max-video-preview":"max-video-preview:-1"},"canonical":"https:\/\/keisen.com\/es\/mejora-e-innovacion-de-procesos\/","og_locale":"es_ES","og_type":"article","og_title":"Mejora e Innovaci\u00f3n de Procesos - Keisen Consultores","og_description":"An\u00e1lisis, dise\u00f1o, desarrollo y mejoramiento integral de los procesos clave que agregan valor al modelo de negocio de las organizaciones. L\u00edneas Tem\u00e1ticas Proceso es un conjunto de actividades que transforman un insumoLeer m\u00e1s...","og_url":"https:\/\/keisen.com\/es\/mejora-e-innovacion-de-procesos\/","og_site_name":"Keisen Consultores","article_modified_time":"2015-09-30T17:13:56+00:00","og_image":[{"url":"http:\/\/keisen.com\/es\/wp-content\/uploads\/2015\/05\/descarga.png","type":"","width":"","height":""}],"twitter_card":"summary_large_image","twitter_misc":{"Tiempo de lectura":"1 minuto"},"schema":{"@context":"https:\/\/schema.org","@graph":[{"@type":"WebPage","@id":"https:\/\/keisen.com\/es\/mejora-e-innovacion-de-procesos\/","url":"https:\/\/keisen.com\/es\/mejora-e-innovacion-de-procesos\/","name":"Mejora e Innovaci\u00f3n de Procesos - Keisen Consultores","isPartOf":{"@id":"https:\/\/keisen.com\/es\/#website"},"primaryImageOfPage":{"@id":"https:\/\/keisen.com\/es\/mejora-e-innovacion-de-procesos\/#primaryimage"},"image":{"@id":"https:\/\/keisen.com\/es\/mejora-e-innovacion-de-procesos\/#primaryimage"},"thumbnailUrl":"http:\/\/keisen.com\/es\/wp-content\/uploads\/2015\/05\/descarga.png","datePublished":"2015-05-04T19:09:40+00:00","dateModified":"2015-09-30T17:13:56+00:00","breadcrumb":{"@id":"https:\/\/keisen.com\/es\/mejora-e-innovacion-de-procesos\/#breadcrumb"},"inLanguage":"es","potentialAction":[{"@type":"ReadAction","target":["https:\/\/keisen.com\/es\/mejora-e-innovacion-de-procesos\/"]}]},{"@type":"ImageObject","inLanguage":"es","@id":"https:\/\/keisen.com\/es\/mejora-e-innovacion-de-procesos\/#primaryimage","url":"http:\/\/keisen.com\/es\/wp-content\/uploads\/2015\/05\/descarga.png","contentUrl":"http:\/\/keisen.com\/es\/wp-content\/uploads\/2015\/05\/descarga.png"},{"@type":"BreadcrumbList","@id":"https:\/\/keisen.com\/es\/mejora-e-innovacion-de-procesos\/#breadcrumb","itemListElement":[{"@type":"ListItem","position":1,"name":"Portada","item":"https:\/\/keisen.com\/es\/"},{"@type":"ListItem","position":2,"name":"Mejora e Innovaci\u00f3n de Procesos"}]},{"@type":"WebSite","@id":"https:\/\/keisen.com\/es\/#website","url":"https:\/\/keisen.com\/es\/","name":"Keisen Consultores","description":"Expertos en Mejora Continua, Calidad y Planeaci\u00f3n Estrat\u00e9gica","potentialAction":[{"@type":"SearchAction","target":{"@type":"EntryPoint","urlTemplate":"https:\/\/keisen.com\/es\/?s={search_term_string}"},"query-input":{"@type":"PropertyValueSpecification","valueRequired":true,"valueName":"search_term_string"}}],"inLanguage":"es"}]}},"_links":{"self":[{"href":"https:\/\/keisen.com\/es\/wp-json\/wp\/v2\/pages\/57","targetHints":{"allow":["GET"]}}],"collection":[{"href":"https:\/\/keisen.com\/es\/wp-json\/wp\/v2\/pages"}],"about":[{"href":"https:\/\/keisen.com\/es\/wp-json\/wp\/v2\/types\/page"}],"author":[{"embeddable":true,"href":"https:\/\/keisen.com\/es\/wp-json\/wp\/v2\/users\/6"}],"replies":[{"embeddable":true,"href":"https:\/\/keisen.com\/es\/wp-json\/wp\/v2\/comments?post=57"}],"version-history":[{"count":1,"href":"https:\/\/keisen.com\/es\/wp-json\/wp\/v2\/pages\/57\/revisions"}],"predecessor-version":[{"id":3833,"href":"https:\/\/keisen.com\/es\/wp-json\/wp\/v2\/pages\/57\/revisions\/3833"}],"wp:attachment":[{"href":"https:\/\/keisen.com\/es\/wp-json\/wp\/v2\/media?parent=57"}],"curies":[{"name":"wp","href":"https:\/\/api.w.org\/{rel}","templated":true}]}}