{"id":4840,"date":"2018-02-21T17:41:20","date_gmt":"2018-02-21T23:41:20","guid":{"rendered":"http:\/\/keisen.com\/es\/?page_id=4840"},"modified":"2018-02-21T18:01:16","modified_gmt":"2018-02-22T00:01:16","slug":"politica-de-uso-de-cookies","status":"publish","type":"page","link":"https:\/\/keisen.com\/es\/politica-de-uso-de-cookies\/","title":{"rendered":"Politica de uso de Cookies"},"content":{"rendered":"<ol>\n<li><strong>Concepto de cookies <\/strong><\/li>\n<\/ol>\n<p style=\"text-align: justify;\">Las cookies son ficheros que se almacenan en el ordenador del usuario que navega a trav\u00e9s de Internet y que, en particular, contiene un n\u00famero que permite identificar un\u00edvocamente el ordenador del usuario, aunque \u00e9ste cambie de localizaci\u00f3n o de direcci\u00f3n IP.<\/p>\n<p style=\"text-align: justify;\">Las cookies son instaladas durante la navegaci\u00f3n por Internet, bien por los sitios web que visita el usuario o bien por terceros con los que se relaciona el sitio web, y permiten a \u00e9ste conocer su actividad en el mismo sitio o en otros con los que se relaciona \u00e9ste, por ejemplo: el lugar desde el que accede, el tiempo de conexi\u00f3n, el dispositivo desde el que accede (fijo o m\u00f3vil), el sistema operativo y navegador utilizados, las p\u00e1ginas m\u00e1s visitadas, el n\u00famero de clicks realizados y de datos respecto al comportamiento del usuario en Internet.<\/p>\n<p style=\"text-align: justify;\">El sitio web es accesible sin necesidad de que las cookies est\u00e9n activadas, si bien, su desactivaci\u00f3n puede impedir el correcto funcionamiento de este.<\/p>\n<ol style=\"text-align: justify;\" start=\"2\">\n<li><strong>Autorizaci\u00f3n para el uso de cookies <\/strong><\/li>\n<\/ol>\n<p style=\"text-align: justify;\">De conformidad con el aviso de cookies que aparece en el pie de p\u00e1gina del sitio web, el usuario o visitante del mismo acepta que, al navegar por el mismo, consiente expresamente el uso de cookies seg\u00fan la descripci\u00f3n que se detalla a continuaci\u00f3n, excepto en la medida que haya modificado la configuraci\u00f3n de su navegador para rechazar la utilizaci\u00f3n de las mismas.<\/p>\n<ol style=\"text-align: justify;\" start=\"3\">\n<li><strong> Tipos de Cookies que se utilizan en la Web<\/strong><\/li>\n<\/ol>\n<p style=\"text-align: justify;\">El usuario que navega por la Web puede encontrar cookies insertadas directamente por el Titular seg\u00fan lo detallado en el siguiente apartado:<\/p>\n<table>\n<tbody>\n<tr>\n<td width=\"152\">Cookie<\/td>\n<td width=\"152\">Propietario<\/td>\n<td width=\"152\">Fecha de caducidad<\/td>\n<td width=\"152\">Funci\u00f3n<\/td>\n<\/tr>\n<tr>\n<td width=\"152\">_gid<\/td>\n<td width=\"152\">Google Analytics<\/td>\n<td width=\"152\">24 horas<\/td>\n<td width=\"152\">Se usa para distinguir a los usuarios<\/td>\n<\/tr>\n<tr>\n<td width=\"152\">__utmb<\/td>\n<td width=\"152\">Google Analytics<\/td>\n<td width=\"152\">30 minutos a partir de la configuraci\u00f3n o actualizaci\u00f3n<\/td>\n<td width=\"152\">Se usa para determinar nuevas sesiones o visitas.<\/td>\n<\/tr>\n<tr>\n<td width=\"152\">__utmz<\/td>\n<td width=\"152\">Google Analytics<\/td>\n<td width=\"152\">Seis meses a partir de la configuraci\u00f3n o actualizaci\u00f3n<\/td>\n<td width=\"152\">Almacena la fuente de tr\u00e1fico o la campa\u00f1a que explica c\u00f3mo ha llegado el usuario al sitio.<\/td>\n<\/tr>\n<tr>\n<td width=\"152\">__utma<\/td>\n<td width=\"152\">Google Analytics<\/td>\n<td width=\"152\">Dos a\u00f1os a partir de la configuraci\u00f3n o actualizaci\u00f3n<\/td>\n<td width=\"152\">Se usa para distinguir usuarios y sesiones.<\/td>\n<\/tr>\n<tr>\n<td width=\"152\">hsPagesViewedThisSession<\/td>\n<td width=\"152\">Hubspot<\/td>\n<td width=\"152\">Persistente<\/td>\n<td width=\"152\">No. De p\u00e1ginas que vio el usuario en una sesi\u00f3n<\/td>\n<\/tr>\n<tr>\n<td width=\"152\">__hstc<\/td>\n<td width=\"152\">Hubspot<\/td>\n<td width=\"152\">Persistente<\/td>\n<td width=\"152\">Muestra el dominio, primera visita, ultima visita.<\/td>\n<\/tr>\n<\/tbody>\n<\/table>\n<ol style=\"text-align: justify;\" start=\"3\">\n<li><strong>Configuraci\u00f3n del navegador<\/strong><\/li>\n<\/ol>\n<p style=\"text-align: justify;\">El Titular recuerda a sus usuarios que el uso de cookies podr\u00e1 estar sujeto a su aceptaci\u00f3n durante la instalaci\u00f3n o actualizaci\u00f3n del navegador utilizado por \u00e9stos.<\/p>\n<p style=\"text-align: justify;\">Esta aceptaci\u00f3n podr\u00e1 ser revocada mediante las opciones de configuraci\u00f3n de contenidos y privacidad disponibles en el mismo. El Titular recomienda a sus usuarios que consulten la ayuda de su navegador o acceda a las p\u00e1ginas web de ayuda de los principales navegadores:<\/p>\n<p style=\"text-align: justify;\">Firefox:\u00a0<a href=\"http:\/\/support.mozilla.org\/es\/home\">http:\/\/support.mozilla.org\/es\/home<\/a><br \/>\nInternet Explorer:\u00a0<a href=\"http:\/\/support.microsoft.com\/ph\/807\/es-es\">http:\/\/support.microsoft.com\/ph\/807\/es-es<\/a><br \/>\nSafari:\u00a0<a href=\"http:\/\/support.apple.com\/kb\/HT1677?viewlocale=es_ES\">http:\/\/support.apple.com\/kb\/HT1677?viewlocale=es_ES<\/a><br \/>\nOpera:\u00a0<a href=\"http:\/\/help.opera.com\/Windows\/8.54\/es-ES\/index.html\">http:\/\/help.opera.com\/Windows\/8.54\/es-ES\/index.html<\/a><br \/>\nChrome:\u00a0<a href=\"https:\/\/support.google.com\/chrome\/?hl=es\">https:\/\/support.google.com\/chrome\/?hl=es<\/a><\/p>\n<p style=\"text-align: justify;\">Si el usuario desea realizar alguna pregunta sobre la Pol\u00edtica de Cookies del Sitio Web, o revocar el consentimiento prestado con anterioridad, se puede poner en contacto con el Titular a trav\u00e9s de la siguiente direcci\u00f3n:\u00a0<a href=\"mailto:info@keisen.com\">info@keisen.com<\/a>, indicando en el asunto \u201cPol\u00edtica de Cookies\u201d.<\/p>\n","protected":false},"excerpt":{"rendered":"<p>Concepto de cookies Las cookies son ficheros que se almacenan en el ordenador del usuario que navega a trav\u00e9s de Internet y que, en particular, contiene un n\u00famero que permite identificar un\u00edvocamente<a class=\"moretag\" href=\"https:\/\/keisen.com\/es\/politica-de-uso-de-cookies\/\">Leer m\u00e1s&#8230;<\/a><\/p>\n","protected":false},"author":6,"featured_media":0,"parent":0,"menu_order":0,"comment_status":"closed","ping_status":"closed","template":"","meta":{"footnotes":""},"class_list":["post-4840","page","type-page","status-publish","hentry"],"yoast_head":"<!-- This site is optimized with the Yoast SEO plugin v27.4 - https:\/\/yoast.com\/product\/yoast-seo-wordpress\/ -->\n<title>Politica de uso de Cookies - Keisen Consultores<\/title>\n<meta name=\"robots\" content=\"index, follow, max-snippet:-1, max-image-preview:large, max-video-preview:-1\" \/>\n<link rel=\"canonical\" href=\"https:\/\/keisen.com\/es\/politica-de-uso-de-cookies\/\" \/>\n<meta property=\"og:locale\" content=\"es_ES\" \/>\n<meta property=\"og:type\" content=\"article\" \/>\n<meta property=\"og:title\" content=\"Politica de uso de Cookies - Keisen Consultores\" \/>\n<meta property=\"og:description\" content=\"Concepto de cookies Las cookies son ficheros que se almacenan en el ordenador del usuario que navega a trav\u00e9s de Internet y que, en particular, contiene un n\u00famero que permite identificar un\u00edvocamenteLeer m\u00e1s...\" \/>\n<meta property=\"og:url\" content=\"https:\/\/keisen.com\/es\/politica-de-uso-de-cookies\/\" \/>\n<meta property=\"og:site_name\" content=\"Keisen Consultores\" \/>\n<meta property=\"article:modified_time\" content=\"2018-02-22T00:01:16+00:00\" \/>\n<meta name=\"twitter:card\" content=\"summary_large_image\" \/>\n<meta name=\"twitter:label1\" content=\"Tiempo de lectura\" \/>\n\t<meta name=\"twitter:data1\" content=\"3 minutos\" \/>\n<script type=\"application\/ld+json\" class=\"yoast-schema-graph\">{\"@context\":\"https:\\\/\\\/schema.org\",\"@graph\":[{\"@type\":\"WebPage\",\"@id\":\"https:\\\/\\\/keisen.com\\\/es\\\/politica-de-uso-de-cookies\\\/\",\"url\":\"https:\\\/\\\/keisen.com\\\/es\\\/politica-de-uso-de-cookies\\\/\",\"name\":\"Politica de uso de Cookies - Keisen Consultores\",\"isPartOf\":{\"@id\":\"https:\\\/\\\/keisen.com\\\/es\\\/#website\"},\"datePublished\":\"2018-02-21T23:41:20+00:00\",\"dateModified\":\"2018-02-22T00:01:16+00:00\",\"breadcrumb\":{\"@id\":\"https:\\\/\\\/keisen.com\\\/es\\\/politica-de-uso-de-cookies\\\/#breadcrumb\"},\"inLanguage\":\"es\",\"potentialAction\":[{\"@type\":\"ReadAction\",\"target\":[\"https:\\\/\\\/keisen.com\\\/es\\\/politica-de-uso-de-cookies\\\/\"]}]},{\"@type\":\"BreadcrumbList\",\"@id\":\"https:\\\/\\\/keisen.com\\\/es\\\/politica-de-uso-de-cookies\\\/#breadcrumb\",\"itemListElement\":[{\"@type\":\"ListItem\",\"position\":1,\"name\":\"Portada\",\"item\":\"https:\\\/\\\/keisen.com\\\/es\\\/\"},{\"@type\":\"ListItem\",\"position\":2,\"name\":\"Politica de uso de Cookies\"}]},{\"@type\":\"WebSite\",\"@id\":\"https:\\\/\\\/keisen.com\\\/es\\\/#website\",\"url\":\"https:\\\/\\\/keisen.com\\\/es\\\/\",\"name\":\"Keisen Consultores\",\"description\":\"Expertos en Mejora Continua, Calidad y Planeaci\u00f3n Estrat\u00e9gica\",\"potentialAction\":[{\"@type\":\"SearchAction\",\"target\":{\"@type\":\"EntryPoint\",\"urlTemplate\":\"https:\\\/\\\/keisen.com\\\/es\\\/?s={search_term_string}\"},\"query-input\":{\"@type\":\"PropertyValueSpecification\",\"valueRequired\":true,\"valueName\":\"search_term_string\"}}],\"inLanguage\":\"es\"}]}<\/script>\n<!-- \/ Yoast SEO plugin. -->","yoast_head_json":{"title":"Politica de uso de Cookies - Keisen Consultores","robots":{"index":"index","follow":"follow","max-snippet":"max-snippet:-1","max-image-preview":"max-image-preview:large","max-video-preview":"max-video-preview:-1"},"canonical":"https:\/\/keisen.com\/es\/politica-de-uso-de-cookies\/","og_locale":"es_ES","og_type":"article","og_title":"Politica de uso de Cookies - Keisen Consultores","og_description":"Concepto de cookies Las cookies son ficheros que se almacenan en el ordenador del usuario que navega a trav\u00e9s de Internet y que, en particular, contiene un n\u00famero que permite identificar un\u00edvocamenteLeer m\u00e1s...","og_url":"https:\/\/keisen.com\/es\/politica-de-uso-de-cookies\/","og_site_name":"Keisen Consultores","article_modified_time":"2018-02-22T00:01:16+00:00","twitter_card":"summary_large_image","twitter_misc":{"Tiempo de lectura":"3 minutos"},"schema":{"@context":"https:\/\/schema.org","@graph":[{"@type":"WebPage","@id":"https:\/\/keisen.com\/es\/politica-de-uso-de-cookies\/","url":"https:\/\/keisen.com\/es\/politica-de-uso-de-cookies\/","name":"Politica de uso de Cookies - Keisen Consultores","isPartOf":{"@id":"https:\/\/keisen.com\/es\/#website"},"datePublished":"2018-02-21T23:41:20+00:00","dateModified":"2018-02-22T00:01:16+00:00","breadcrumb":{"@id":"https:\/\/keisen.com\/es\/politica-de-uso-de-cookies\/#breadcrumb"},"inLanguage":"es","potentialAction":[{"@type":"ReadAction","target":["https:\/\/keisen.com\/es\/politica-de-uso-de-cookies\/"]}]},{"@type":"BreadcrumbList","@id":"https:\/\/keisen.com\/es\/politica-de-uso-de-cookies\/#breadcrumb","itemListElement":[{"@type":"ListItem","position":1,"name":"Portada","item":"https:\/\/keisen.com\/es\/"},{"@type":"ListItem","position":2,"name":"Politica de uso de Cookies"}]},{"@type":"WebSite","@id":"https:\/\/keisen.com\/es\/#website","url":"https:\/\/keisen.com\/es\/","name":"Keisen Consultores","description":"Expertos en Mejora Continua, Calidad y Planeaci\u00f3n Estrat\u00e9gica","potentialAction":[{"@type":"SearchAction","target":{"@type":"EntryPoint","urlTemplate":"https:\/\/keisen.com\/es\/?s={search_term_string}"},"query-input":{"@type":"PropertyValueSpecification","valueRequired":true,"valueName":"search_term_string"}}],"inLanguage":"es"}]}},"_links":{"self":[{"href":"https:\/\/keisen.com\/es\/wp-json\/wp\/v2\/pages\/4840","targetHints":{"allow":["GET"]}}],"collection":[{"href":"https:\/\/keisen.com\/es\/wp-json\/wp\/v2\/pages"}],"about":[{"href":"https:\/\/keisen.com\/es\/wp-json\/wp\/v2\/types\/page"}],"author":[{"embeddable":true,"href":"https:\/\/keisen.com\/es\/wp-json\/wp\/v2\/users\/6"}],"replies":[{"embeddable":true,"href":"https:\/\/keisen.com\/es\/wp-json\/wp\/v2\/comments?post=4840"}],"version-history":[{"count":1,"href":"https:\/\/keisen.com\/es\/wp-json\/wp\/v2\/pages\/4840\/revisions"}],"predecessor-version":[{"id":4844,"href":"https:\/\/keisen.com\/es\/wp-json\/wp\/v2\/pages\/4840\/revisions\/4844"}],"wp:attachment":[{"href":"https:\/\/keisen.com\/es\/wp-json\/wp\/v2\/media?parent=4840"}],"curies":[{"name":"wp","href":"https:\/\/api.w.org\/{rel}","templated":true}]}}