{"id":473,"date":"2022-01-21T09:54:50","date_gmt":"2022-01-21T15:54:50","guid":{"rendered":"http:\/\/keisen.com\/es\/?page_id=473"},"modified":"2022-01-21T19:23:52","modified_gmt":"2022-01-22T01:23:52","slug":"evaluaciones-modelo-keisen-medicion-desarrollo-liderazgo-efectivo","status":"publish","type":"page","link":"https:\/\/keisen.com\/es\/evaluaciones-modelo-keisen-medicion-desarrollo-liderazgo-efectivo\/","title":{"rendered":"Evaluaciones Modelo Keisen de Medici\u00f3n y Desarrollo del Liderazgo Efectivo"},"content":{"rendered":"<p style=\"text-align: justify;\"><a href=\"http:\/\/keisen.com\/es\/modelo-keisen-symlog-for-effectiveness\/\"><img decoding=\"async\" class=\" wp-image-2436 alignright\" src=\"http:\/\/keisen.com\/es\/wp-content\/uploads\/2015\/06\/Modelo-Keisen.png\" alt=\"Modelo Keisen\" width=\"250\" height=\"60\" \/><\/a>Keisen Consultores realiza evaluaciones p\u00fablicas y evaluaciones privadas a trav\u00e9s\u00a0del <a href=\"http:\/\/keisen.com\/es\/modelo-keisen-symlog-for-effectiveness\/\">Modelo Keisen de Medici\u00f3n y Desarrollo del Liderazgo Efectivo <\/a>de Individuos, Equipos y Culturas Organizacionales. Las evaluaciones p\u00fablicas tienen como fin hacer que usted participe gratuitamente y nos comparta su opini\u00f3n, mientras que las evaluaciones privadas son exclusivamente para organizaciones que les interesa realizar un proyecto personalizado.<\/p>\n<p style=\"text-align: justify;\">Si le interesa participar en una evaluaci\u00f3n del Modelo Keisen para la medici\u00f3n y desarrollo del Liderazgo Efectivo de Individuos, Equipos y Culturas Organizacionales, elija la opci\u00f3n correspondiente:<\/p>\n<h3 style=\"text-align: justify;\"><span style=\"color: #ff0000;\">EVALUACIONES P\u00daBLICAS<\/span><\/h3>\n<p style=\"text-align: justify;\">Seleccione la encuesta del Modelo Keisen de Medici\u00f3n y Desarrollo del Liderazgo Efectivo de Individuos, Equipos y Culturas Organizacionales de su inter\u00e9s y a continuaci\u00f3n complete el formulario.<\/p>\n<p style=\"text-align: justify;\"><span style=\"color: #333333;\"><strong>Individuos<\/strong><\/span><\/p>\n<ul style=\"text-align: justify;\">\n<li>Locutores de noticias<\/li>\n<li>Los actores de la calle I<\/li>\n<li>Los actores de la calle II<\/li>\n<li>La vecindad del chavo del 8<\/li>\n<\/ul>\n<p style=\"text-align: justify;\"><span style=\"color: #333333;\"><strong>Equipos<\/strong><\/span><\/p>\n<ul style=\"text-align: justify;\">\n<li>C\u00e1mara de Diputados en M\u00e9xico<\/li>\n<li>C\u00e1mara de Senadores en M\u00e9xico<\/li>\n<li><a href=\"http:\/\/keisen.com\/es\/evaluacion-de-la-efectividad-de-la-seleccion-mexicana-de-futbol\/\">Selecci\u00f3n Mexicana de F\u00fatbol<\/a><\/li>\n<\/ul>\n<p style=\"text-align: justify;\"><span style=\"color: #333333;\"><strong>Cultura Organizacional<\/strong><\/span><\/p>\n<ul style=\"text-align: justify;\">\n<li>Cultura Organizacional del Seguro Social<\/li>\n<li>Cultura Organizacional &#8211; Sector de la Construcci\u00f3n<\/li>\n<li>Cultura Organizacional &#8211; Sector Hotelero<\/li>\n<li>Cultura Organizacional &#8211; Sector Restaurantero<\/li>\n<\/ul>\n<h3 style=\"text-align: justify;\"><span style=\"color: #ff0000;\">PROYECTOS\u00a0PRIVADOS<\/span><\/h3>\n<p style=\"text-align: justify;\">Si est\u00e1 interesado en realizar un proyecto de evaluaci\u00f3n con el<a href=\"http:\/\/keisen.com\/es\/modelo-keisen-symlog-for-effectiveness\/\"> Modelo Keisen de Medici\u00f3n y Desarrollo del Liderazgo Efectivo<\/a>\u00a0por favor comun\u00edquese con nuestra Direcci\u00f3n General para concertar una cita, conocer sus necesidades y construir un proyecto que impacte en su organizaci\u00f3n.<\/p>\n<p style=\"text-align: center;\"><img decoding=\"async\" class=\"aligncenter wp-image-1335\" src=\"http:\/\/keisen.com\/es\/wp-content\/uploads\/2015\/05\/weblink.png\" alt=\"Weblink\" width=\"40\" height=\"55\" \/><span style=\"color: #333333;\"><a href=\"http:\/\/keisen.com\/es\/contactenos\/\">Entrar a Proyectos Privados\u00a0<\/a><\/span><\/p>\n","protected":false},"excerpt":{"rendered":"<p>Keisen Consultores realiza evaluaciones p\u00fablicas y evaluaciones privadas a trav\u00e9s\u00a0del Modelo Keisen de Medici\u00f3n y Desarrollo del Liderazgo Efectivo de Individuos, Equipos y Culturas Organizacionales. Las evaluaciones p\u00fablicas tienen como fin hacer<a class=\"moretag\" href=\"https:\/\/keisen.com\/es\/evaluaciones-modelo-keisen-medicion-desarrollo-liderazgo-efectivo\/\">Leer m\u00e1s&#8230;<\/a><\/p>\n","protected":false},"author":3,"featured_media":0,"parent":0,"menu_order":0,"comment_status":"closed","ping_status":"closed","template":"","meta":{"footnotes":""},"class_list":["post-473","page","type-page","status-publish","hentry"],"yoast_head":"<!-- This site is optimized with the Yoast SEO plugin v27.4 - https:\/\/yoast.com\/product\/yoast-seo-wordpress\/ -->\n<title>Evaluaciones Modelo Keisen de Medici\u00f3n y Desarrollo del Liderazgo Efectivo - Keisen Consultores<\/title>\n<meta name=\"robots\" content=\"index, follow, max-snippet:-1, max-image-preview:large, max-video-preview:-1\" \/>\n<link rel=\"canonical\" href=\"https:\/\/keisen.com\/es\/evaluaciones-modelo-keisen-medicion-desarrollo-liderazgo-efectivo\/\" \/>\n<meta property=\"og:locale\" content=\"es_ES\" \/>\n<meta property=\"og:type\" content=\"article\" \/>\n<meta property=\"og:title\" content=\"Evaluaciones Modelo Keisen de Medici\u00f3n y Desarrollo del Liderazgo Efectivo - Keisen Consultores\" \/>\n<meta property=\"og:description\" content=\"Keisen Consultores realiza evaluaciones p\u00fablicas y evaluaciones privadas a trav\u00e9s\u00a0del Modelo Keisen de Medici\u00f3n y Desarrollo del Liderazgo Efectivo de Individuos, Equipos y Culturas Organizacionales. Las evaluaciones p\u00fablicas tienen como fin hacerLeer m\u00e1s...\" \/>\n<meta property=\"og:url\" content=\"https:\/\/keisen.com\/es\/evaluaciones-modelo-keisen-medicion-desarrollo-liderazgo-efectivo\/\" \/>\n<meta property=\"og:site_name\" content=\"Keisen Consultores\" \/>\n<meta property=\"article:modified_time\" content=\"2022-01-22T01:23:52+00:00\" \/>\n<meta property=\"og:image\" content=\"http:\/\/keisen.com\/es\/wp-content\/uploads\/2015\/06\/Modelo-Keisen.png\" \/>\n<meta name=\"twitter:card\" content=\"summary_large_image\" \/>\n<meta name=\"twitter:label1\" content=\"Tiempo de lectura\" \/>\n\t<meta name=\"twitter:data1\" content=\"1 minuto\" \/>\n<script type=\"application\/ld+json\" class=\"yoast-schema-graph\">{\"@context\":\"https:\\\/\\\/schema.org\",\"@graph\":[{\"@type\":\"WebPage\",\"@id\":\"https:\\\/\\\/keisen.com\\\/es\\\/evaluaciones-modelo-keisen-medicion-desarrollo-liderazgo-efectivo\\\/\",\"url\":\"https:\\\/\\\/keisen.com\\\/es\\\/evaluaciones-modelo-keisen-medicion-desarrollo-liderazgo-efectivo\\\/\",\"name\":\"Evaluaciones Modelo Keisen de Medici\u00f3n y Desarrollo del Liderazgo Efectivo - Keisen Consultores\",\"isPartOf\":{\"@id\":\"https:\\\/\\\/keisen.com\\\/es\\\/#website\"},\"primaryImageOfPage\":{\"@id\":\"https:\\\/\\\/keisen.com\\\/es\\\/evaluaciones-modelo-keisen-medicion-desarrollo-liderazgo-efectivo\\\/#primaryimage\"},\"image\":{\"@id\":\"https:\\\/\\\/keisen.com\\\/es\\\/evaluaciones-modelo-keisen-medicion-desarrollo-liderazgo-efectivo\\\/#primaryimage\"},\"thumbnailUrl\":\"http:\\\/\\\/keisen.com\\\/es\\\/wp-content\\\/uploads\\\/2015\\\/06\\\/Modelo-Keisen.png\",\"datePublished\":\"2022-01-21T15:54:50+00:00\",\"dateModified\":\"2022-01-22T01:23:52+00:00\",\"breadcrumb\":{\"@id\":\"https:\\\/\\\/keisen.com\\\/es\\\/evaluaciones-modelo-keisen-medicion-desarrollo-liderazgo-efectivo\\\/#breadcrumb\"},\"inLanguage\":\"es\",\"potentialAction\":[{\"@type\":\"ReadAction\",\"target\":[\"https:\\\/\\\/keisen.com\\\/es\\\/evaluaciones-modelo-keisen-medicion-desarrollo-liderazgo-efectivo\\\/\"]}]},{\"@type\":\"ImageObject\",\"inLanguage\":\"es\",\"@id\":\"https:\\\/\\\/keisen.com\\\/es\\\/evaluaciones-modelo-keisen-medicion-desarrollo-liderazgo-efectivo\\\/#primaryimage\",\"url\":\"http:\\\/\\\/keisen.com\\\/es\\\/wp-content\\\/uploads\\\/2015\\\/06\\\/Modelo-Keisen.png\",\"contentUrl\":\"http:\\\/\\\/keisen.com\\\/es\\\/wp-content\\\/uploads\\\/2015\\\/06\\\/Modelo-Keisen.png\"},{\"@type\":\"BreadcrumbList\",\"@id\":\"https:\\\/\\\/keisen.com\\\/es\\\/evaluaciones-modelo-keisen-medicion-desarrollo-liderazgo-efectivo\\\/#breadcrumb\",\"itemListElement\":[{\"@type\":\"ListItem\",\"position\":1,\"name\":\"Portada\",\"item\":\"https:\\\/\\\/keisen.com\\\/es\\\/\"},{\"@type\":\"ListItem\",\"position\":2,\"name\":\"Evaluaciones Modelo Keisen de Medici\u00f3n y Desarrollo del Liderazgo Efectivo\"}]},{\"@type\":\"WebSite\",\"@id\":\"https:\\\/\\\/keisen.com\\\/es\\\/#website\",\"url\":\"https:\\\/\\\/keisen.com\\\/es\\\/\",\"name\":\"Keisen Consultores\",\"description\":\"Expertos en Mejora Continua, Calidad y Planeaci\u00f3n Estrat\u00e9gica\",\"potentialAction\":[{\"@type\":\"SearchAction\",\"target\":{\"@type\":\"EntryPoint\",\"urlTemplate\":\"https:\\\/\\\/keisen.com\\\/es\\\/?s={search_term_string}\"},\"query-input\":{\"@type\":\"PropertyValueSpecification\",\"valueRequired\":true,\"valueName\":\"search_term_string\"}}],\"inLanguage\":\"es\"}]}<\/script>\n<!-- \/ Yoast SEO plugin. -->","yoast_head_json":{"title":"Evaluaciones Modelo Keisen de Medici\u00f3n y Desarrollo del Liderazgo Efectivo - Keisen Consultores","robots":{"index":"index","follow":"follow","max-snippet":"max-snippet:-1","max-image-preview":"max-image-preview:large","max-video-preview":"max-video-preview:-1"},"canonical":"https:\/\/keisen.com\/es\/evaluaciones-modelo-keisen-medicion-desarrollo-liderazgo-efectivo\/","og_locale":"es_ES","og_type":"article","og_title":"Evaluaciones Modelo Keisen de Medici\u00f3n y Desarrollo del Liderazgo Efectivo - Keisen Consultores","og_description":"Keisen Consultores realiza evaluaciones p\u00fablicas y evaluaciones privadas a trav\u00e9s\u00a0del Modelo Keisen de Medici\u00f3n y Desarrollo del Liderazgo Efectivo de Individuos, Equipos y Culturas Organizacionales. Las evaluaciones p\u00fablicas tienen como fin hacerLeer m\u00e1s...","og_url":"https:\/\/keisen.com\/es\/evaluaciones-modelo-keisen-medicion-desarrollo-liderazgo-efectivo\/","og_site_name":"Keisen Consultores","article_modified_time":"2022-01-22T01:23:52+00:00","og_image":[{"url":"http:\/\/keisen.com\/es\/wp-content\/uploads\/2015\/06\/Modelo-Keisen.png","type":"","width":"","height":""}],"twitter_card":"summary_large_image","twitter_misc":{"Tiempo de lectura":"1 minuto"},"schema":{"@context":"https:\/\/schema.org","@graph":[{"@type":"WebPage","@id":"https:\/\/keisen.com\/es\/evaluaciones-modelo-keisen-medicion-desarrollo-liderazgo-efectivo\/","url":"https:\/\/keisen.com\/es\/evaluaciones-modelo-keisen-medicion-desarrollo-liderazgo-efectivo\/","name":"Evaluaciones Modelo Keisen de Medici\u00f3n y Desarrollo del Liderazgo Efectivo - Keisen Consultores","isPartOf":{"@id":"https:\/\/keisen.com\/es\/#website"},"primaryImageOfPage":{"@id":"https:\/\/keisen.com\/es\/evaluaciones-modelo-keisen-medicion-desarrollo-liderazgo-efectivo\/#primaryimage"},"image":{"@id":"https:\/\/keisen.com\/es\/evaluaciones-modelo-keisen-medicion-desarrollo-liderazgo-efectivo\/#primaryimage"},"thumbnailUrl":"http:\/\/keisen.com\/es\/wp-content\/uploads\/2015\/06\/Modelo-Keisen.png","datePublished":"2022-01-21T15:54:50+00:00","dateModified":"2022-01-22T01:23:52+00:00","breadcrumb":{"@id":"https:\/\/keisen.com\/es\/evaluaciones-modelo-keisen-medicion-desarrollo-liderazgo-efectivo\/#breadcrumb"},"inLanguage":"es","potentialAction":[{"@type":"ReadAction","target":["https:\/\/keisen.com\/es\/evaluaciones-modelo-keisen-medicion-desarrollo-liderazgo-efectivo\/"]}]},{"@type":"ImageObject","inLanguage":"es","@id":"https:\/\/keisen.com\/es\/evaluaciones-modelo-keisen-medicion-desarrollo-liderazgo-efectivo\/#primaryimage","url":"http:\/\/keisen.com\/es\/wp-content\/uploads\/2015\/06\/Modelo-Keisen.png","contentUrl":"http:\/\/keisen.com\/es\/wp-content\/uploads\/2015\/06\/Modelo-Keisen.png"},{"@type":"BreadcrumbList","@id":"https:\/\/keisen.com\/es\/evaluaciones-modelo-keisen-medicion-desarrollo-liderazgo-efectivo\/#breadcrumb","itemListElement":[{"@type":"ListItem","position":1,"name":"Portada","item":"https:\/\/keisen.com\/es\/"},{"@type":"ListItem","position":2,"name":"Evaluaciones Modelo Keisen de Medici\u00f3n y Desarrollo del Liderazgo Efectivo"}]},{"@type":"WebSite","@id":"https:\/\/keisen.com\/es\/#website","url":"https:\/\/keisen.com\/es\/","name":"Keisen Consultores","description":"Expertos en Mejora Continua, Calidad y Planeaci\u00f3n Estrat\u00e9gica","potentialAction":[{"@type":"SearchAction","target":{"@type":"EntryPoint","urlTemplate":"https:\/\/keisen.com\/es\/?s={search_term_string}"},"query-input":{"@type":"PropertyValueSpecification","valueRequired":true,"valueName":"search_term_string"}}],"inLanguage":"es"}]}},"_links":{"self":[{"href":"https:\/\/keisen.com\/es\/wp-json\/wp\/v2\/pages\/473","targetHints":{"allow":["GET"]}}],"collection":[{"href":"https:\/\/keisen.com\/es\/wp-json\/wp\/v2\/pages"}],"about":[{"href":"https:\/\/keisen.com\/es\/wp-json\/wp\/v2\/types\/page"}],"author":[{"embeddable":true,"href":"https:\/\/keisen.com\/es\/wp-json\/wp\/v2\/users\/3"}],"replies":[{"embeddable":true,"href":"https:\/\/keisen.com\/es\/wp-json\/wp\/v2\/comments?post=473"}],"version-history":[{"count":3,"href":"https:\/\/keisen.com\/es\/wp-json\/wp\/v2\/pages\/473\/revisions"}],"predecessor-version":[{"id":3885,"href":"https:\/\/keisen.com\/es\/wp-json\/wp\/v2\/pages\/473\/revisions\/3885"}],"wp:attachment":[{"href":"https:\/\/keisen.com\/es\/wp-json\/wp\/v2\/media?parent=473"}],"curies":[{"name":"wp","href":"https:\/\/api.w.org\/{rel}","templated":true}]}}