{"id":471,"date":"2022-01-21T09:50:36","date_gmt":"2022-01-21T15:50:36","guid":{"rendered":"http:\/\/keisen.com\/es\/?page_id=471"},"modified":"2022-01-21T19:27:37","modified_gmt":"2022-01-22T01:27:37","slug":"centro-kansei","status":"publish","type":"page","link":"https:\/\/keisen.com\/es\/centro-kansei\/","title":{"rendered":"Centro Kansei"},"content":{"rendered":"<p style=\"text-align: justify;\">\u201c<strong>Kansei<\/strong>\u201d es una palabra japonesa que no tiene una traducci\u00f3n precisa al idioma espa\u00f1ol, pero s<a href=\"http:\/\/keisen.com\/es\/evaluaciones-centro-kansei\/\"><img decoding=\"async\" class=\" wp-image-684 alignleft\" src=\"http:\/\/keisen.com\/es\/wp-content\/uploads\/2015\/05\/Centro-Kansei.gif\" alt=\"Centro-Kansei\" width=\"155\" height=\"67\" \/><\/a>u significado es cercano a un \u201csentimiento psicol\u00f3gico\u201d m\u00e1s que a una emoci\u00f3n.<\/p>\n<p style=\"text-align: justify;\">Kansei en el contexto de desarrollo de un nuevo producto se puede definir como \u201cla impresi\u00f3n que una persona tiene de un determinado artefacto, entorno o situaci\u00f3n utilizando sus sentidos de visi\u00f3n, o\u00eddo, tacto, olfato y la cognici\u00f3n\u201d. (Shutte, S. 2008).<\/p>\n<p style=\"text-align: justify;\">Las traducciones definen Kansei como \u201cun sentimiento o imagen psicol\u00f3gica del consumidor respecto a un nuevo producto\u201d (Nagamachi, 2004) .<\/p>\n<p style=\"text-align: justify;\">\u611f = KAN = Sensaci\u00f3n, Sentimiento, Impresi\u00f3n.<br \/>\n\u6027 = SEI = Caracter\u00edsticas, Naturaleza, Cualidad.<br \/>\n\u611f\u6027 KAN SEI = Sentimiento (imagen mental) + Caracter\u00edsticas<br \/>\n<em><span style=\"text-decoration: underline;\"> Caracteres japoneses de la palabra KANSEI.<\/span><\/em><\/p>\n<p style=\"text-align: justify;\">Est\u00e1 relacionada con otras palabras como \u201cKankaku\u201d (sentidos) y \u201cKannou\u201d (sensorial), cuya definici\u00f3n es la correspondiente al reconocimiento de las propiedades f\u00edsicas del mundo exterior a trav\u00e9s de est\u00edmulos externos por los sensores de nuestro cuerpo.<\/p>\n<p style=\"text-align: justify;\">El Kansei es el sentimiento (imagen mental) generado por el procesamiento cognitivo de un conjunto de sensaciones (emociones). Cuando un est\u00edmulo externo es capturado por nuestros sentidos, es procesado basado en las vivencias, experiencias y conocimientos de un consumidor, para provocar una respuesta llamada sentimiento (consciente o inconsciente) que se traduce en im\u00e1genes o impresiones subjetivas.<\/p>\n<p style=\"text-align: justify;\">El Kansei no solo es dif\u00edcil de cuantificar debido a su car\u00e1cter individual, sino tambi\u00e9n por el cambio en su significado dependiendo del contexto o cultura (no es lo mismo \u201celegante\u201d en Jap\u00f3n que en M\u00e9xico) donde se utiliza, as\u00ed como del momento (no es lo mismo \u201celegante\u201d hoy que hace 5 a\u00f1os).<\/p>\n<p style=\"text-align: justify;\"><strong>Relaci\u00f3n entre Kankaku (sentido) y Kansei (Nagamachi, 1989)<\/strong><\/p>\n<table border=\"1\" cellspacing=\"0\" cellpadding=\"0\" align=\"center\">\n<tbody>\n<tr>\n<td style=\"text-align: center;\" valign=\"top\" bgcolor=\"#C92020\" width=\"113\"><strong><span style=\"color: #ffffff;\">Motivo o concepto<\/span><\/strong><\/td>\n<td style=\"text-align: center;\" bgcolor=\"#C92020\" width=\"113\"><strong><span style=\"color: #ffffff;\">KanseiSentimiento<\/span><\/strong><\/td>\n<td style=\"text-align: center;\" bgcolor=\"#C92020\" width=\"147\"><strong><span style=\"color: #ffffff;\">KannouSensaci\u00f3n<\/span><\/strong><\/td>\n<td style=\"text-align: center;\" bgcolor=\"#C92020\" width=\"125\"><strong><span style=\"color: #ffffff;\">KankakuSentido<\/span><\/strong><\/td>\n<td style=\"text-align: center;\" bgcolor=\"#C92020\" width=\"125\"><strong><span style=\"color: #ffffff;\">Propiedades f\u00edsicas<\/span><\/strong><\/td>\n<\/tr>\n<tr>\n<td rowspan=\"5\" valign=\"top\" width=\"113\">El consumidor desea o quiere:<\/p>\n<ul>\n<li>Manejar auto,<\/li>\n<\/ul>\n<\/td>\n<td rowspan=\"2\" width=\"113\">Magnifico<\/td>\n<td valign=\"top\" width=\"147\">Llamativo<\/td>\n<td valign=\"top\" width=\"125\">Vista<\/td>\n<td rowspan=\"2\" valign=\"top\" width=\"125\">Propiedad \u00f3ptica de la luz<\/td>\n<\/tr>\n<tr>\n<td valign=\"top\" width=\"147\">Luminosidad<\/td>\n<td valign=\"top\" width=\"125\">Vista<\/td>\n<\/tr>\n<tr>\n<td rowspan=\"3\" width=\"113\">Masculino<\/td>\n<td valign=\"top\" width=\"147\">Ruidoso<\/td>\n<td valign=\"top\" width=\"125\">O\u00eddo<\/td>\n<td valign=\"top\" width=\"125\">Vibraci\u00f3n<\/td>\n<\/tr>\n<tr>\n<td valign=\"top\" width=\"147\">Aceleraci\u00f3n<\/td>\n<td valign=\"top\" width=\"125\">Sentido de gravedad<\/td>\n<td valign=\"top\" width=\"125\">Velocidad<\/td>\n<\/tr>\n<tr>\n<td valign=\"top\" width=\"147\">Color<\/td>\n<td valign=\"top\" width=\"125\">Vista<\/td>\n<td valign=\"top\" width=\"125\">Pantone<\/td>\n<\/tr>\n<tr>\n<td rowspan=\"2\" valign=\"top\" width=\"113\">\n<ul>\n<li>Comprar ropa<\/li>\n<\/ul>\n<\/td>\n<td rowspan=\"2\" width=\"113\">A la moda<\/td>\n<td valign=\"top\" width=\"147\">Color<\/td>\n<td valign=\"top\" width=\"125\">Vista<\/td>\n<td valign=\"top\" width=\"125\">Pantone<\/td>\n<\/tr>\n<tr>\n<td valign=\"top\" width=\"147\">Textura<\/td>\n<td valign=\"top\" width=\"125\">Tacto<\/td>\n<td valign=\"top\" width=\"125\">Rugosidad<\/td>\n<\/tr>\n<tr>\n<td rowspan=\"3\" valign=\"top\" width=\"113\">\n<ul>\n<li>Comer<\/li>\n<\/ul>\n<\/td>\n<td width=\"113\">Sabroso<\/td>\n<td valign=\"top\" width=\"147\">Condimentado<\/td>\n<td valign=\"top\" width=\"125\">Gusto<\/td>\n<td valign=\"top\" width=\"125\">Dulce, picante<\/td>\n<\/tr>\n<tr>\n<td rowspan=\"2\" width=\"113\">Buen aroma<\/td>\n<td valign=\"top\" width=\"147\">Sensaci\u00f3n de olor<\/td>\n<td valign=\"top\" width=\"125\">Olfato<\/td>\n<td valign=\"top\" width=\"125\"><\/td>\n<\/tr>\n<tr>\n<td valign=\"top\" width=\"147\">Sabor<\/td>\n<td valign=\"top\" width=\"125\">Gusto<\/td>\n<td valign=\"top\" width=\"125\">Acidez<\/td>\n<\/tr>\n<tr>\n<td rowspan=\"2\" valign=\"top\" width=\"113\">\n<ul>\n<li>Vender producto<\/li>\n<\/ul>\n<\/td>\n<td rowspan=\"2\" width=\"113\">Estilo urbano de vida<\/td>\n<td valign=\"top\" width=\"147\">Letras de etiqueta<\/td>\n<td rowspan=\"2\" valign=\"top\" width=\"125\">Vista<\/td>\n<td valign=\"top\" width=\"125\">Fuente (Font)<\/td>\n<\/tr>\n<tr>\n<td valign=\"top\" width=\"147\">Colores<\/td>\n<td valign=\"top\" width=\"125\">Pantone<\/td>\n<\/tr>\n<\/tbody>\n<\/table>\n<p style=\"text-align: justify;\">Por lo tanto, una necesidad \u201cKansei\u201d se refiere no solamente a lo que se siente o desea en funci\u00f3n de las caracter\u00edsticas del producto o servicio, sino que est\u00e1 determinada por el estilo de vida, su entorno, la experiencia y conocimientos de cada persona.<\/p>\n<p style=\"text-align: justify;\">As\u00ed, una necesidad \u201cKansei\u201d denominado \u201csabroso\u201d en un alimento no se refiere \u00fanicamente a lo dulce o lo picoso, sino tambi\u00e9n a otros atributos que incluyen los colores que adornan la mesa, la forma del plato y aquellos elementos que inciden en el estilo de vida de cada persona, su edad, g\u00e9nero y experiencia.<\/p>\n<p style=\"text-align: justify;\">Las pruebas sensoriales son una manera de efectuar pruebas o evaluaciones utilizando los sentidos f\u00edsicos humanos (tacto, vista, gusto, o\u00eddo u olfato). Existen dos formas de medici\u00f3n de las reacciones humanas: Fisiol\u00f3gicas y Psico fisiol\u00f3gicas. Las primeras se refieren a las mediciones de actividad cerebral, movimiento ocular, frecuencia cardiaca, sudoraci\u00f3n, temperatura corporal, entre otras. Las segundas respuestas se eval\u00faan a trav\u00e9s de encuestas de preferencias, encuestas de actitudes, posturas de trabajo, etnograf\u00eda, Diferencial Sem\u00e1ntico, entre otros m\u00e9todos.<\/p>\n<p style=\"text-align: justify;\">Los mercados y sus clientes tienen necesidades Kansei que desean ser satisfechas, m\u00e1s all\u00e1 de las necesidades funcionales o de uso de un producto o servicio, y por esta raz\u00f3n, deseamos un autom\u00f3vil no solamente por su espacio interior, su velocidad o costo de mantenimiento, sino tambi\u00e9n por su atractividad, sobriedad, masculinidad y elegancia.<\/p>\n<p style=\"text-align: justify;\"><span style=\"color: #ff0000;\"><strong>\u00bfQu\u00e9 es Kansei Engineering?<\/strong><\/span><\/p>\n<p style=\"text-align: justify;\">Fundada en 1975 por el Dr. Mitsuo Nagamachi en la Universidad de Hiroshima, la Ingenier\u00eda Kansei es una tecnolog\u00eda para traducir los Kansei (sentimientos) del cliente en el dise\u00f1o de un nuevo producto (Nagamachi, 1989, 1995a b, 1999, 2001, 2004, 2005, 2007).<\/p>\n<p style=\"text-align: justify;\">En sus inicios, Nagamachi, convencido de que despu\u00e9s de la satisfacci\u00f3n de necesidades funcionales, vendr\u00eda la satisfacci\u00f3n de emociones o Jocho (emoci\u00f3n en Japon\u00e9s), en 1970 presenta la Tecnolog\u00eda Jocho (Emotion Technology) a la que dedic\u00f3 todo su esfuerzo como investigador.<\/p>\n<p style=\"text-align: justify;\">El primero en utilizar el t\u00e9rmino \u201cIngenier\u00eda Kansei\u201d fue Kenichi Yamamoto, en 1986 cuando se desempe\u00f1aba como presidente de la empresa Mazda Ltd., durante una conferencia en la Universidad de Michigan exponiendo su \u201ctesis sobre la cultura automotriz\u201d. Explica que un autom\u00f3vil deber\u00eda crear una cultura y explica que a trav\u00e9s de la Ingenier\u00eda Kansei se buscar\u00eda la fabricaci\u00f3n de un auto con la comodidad de manejo y dise\u00f1o interior adaptado a las necesidades Kansei del conductor y sus ocupantes. Como resultado de su propuesta, fund\u00f3 el Laboratorio Kansei dentro de las instalaciones del Laboratorio en Yokohama y propuso el concepto de \u201cInterior-ismo\u201d con lo cual desarroll\u00f3 el autom\u00f3vil llamado \u201cPersona\u201d (Yamamoto, 1986).<\/p>\n<p style=\"text-align: justify;\">En 1988 en el marco del X Simposio Internacional de Ergonom\u00eda (S\u00eddney, Australia) presenta sus 17 a\u00f1os de investigaci\u00f3n, ya con el nuevo nombre de Ingenier\u00eda Kansei, recibiendo una aceptaci\u00f3n por los participantes y el Gobierno Australiano para probarlo en sus productos.<\/p>\n<p style=\"text-align: justify;\">La Ingenier\u00eda Kansei, hoy se conoce tambi\u00e9n como Ingenier\u00eda o Ergonom\u00eda Afectiva, o bien como Ingenier\u00eda de Emociones y es considerada una de las tecnolog\u00edas mejor estructuradas para traducir las necesidades Kansei en elementos de dise\u00f1o de nuevos productos y servicios. (para la propuesta metodol\u00f3gica).<\/p>\n<p style=\"text-align: justify;\">Esta \u201corientado al cliente\u201d, porque la Ingenier\u00eda Kansei dialoga con los deseos y necesidades sensoriales, afectivas y emocionales de un cliente y analiza en forma num\u00e9rica, dichas necesidades y las relaciona con elementos de dise\u00f1o de un producto para que junto con un grupo experto de dise\u00f1o e ingenier\u00eda de la empresa, se construyan prototipos m\u00e1s confiables y en consecuencia mayores probabilidades de \u00e9xito en la introducci\u00f3n de dicho producto al mercado.<\/p>\n<p style=\"text-align: justify;\">La Ingenier\u00eda Kansei busca la traducci\u00f3n de las necesidades Kansei (im\u00e1genes y sentimientos) que todo Ser humano tiene para el logro de sus deseos, en elementos (f\u00edsicos y t\u00e9cnicos) para el dise\u00f1o de nuevos productos (o mejora de los actuales).<\/p>\n<p style=\"text-align: justify;\"><em>La diferencia primordial con otros acercamientos de dise\u00f1o es la satisfacci\u00f3n de lo que el consumidor \u201csiente\u201d adicionalmente a la satisfacci\u00f3n de lo que el consumidor \u201cquiere o desea\u201d. (Nagamachi, 1999)<\/em><\/p>\n<p style=\"text-align: justify;\"><span style=\"text-decoration: underline;\"><em>Ingenier\u00eda Kansei como medio de traducci\u00f3n de necesidades de Mercado.<\/em><\/span><\/p>\n<p style=\"text-align: justify;\"><span style=\"color: #ff0000;\"><strong>Desarrollo de Kansei Engineering.<\/strong><\/span><\/p>\n<p style=\"text-align: justify;\">La Ingenier\u00eda Kansei se ha desarrollado en grandes fases como sigue:<\/p>\n<ul style=\"text-align: justify;\" type=\"disc\">\n<li>Periodo dela fundaci\u00f3n: 1970 \u2013 1985.\n<ul type=\"circle\">\n<li>El Dr. Nagamachi inicia dise\u00f1os aplicando Ergonom\u00eda para satisfacer necesidades emocionales (Jocho en japon\u00e9s) con el nombre de \u201cTecnolog\u00eda Jocho\u201d.<\/li>\n<li>Primeros trabajos relacionados con colores e iluminaci\u00f3n en habitaciones (Matsushita Electric Works).<\/li>\n<\/ul>\n<\/li>\n<\/ul>\n<ul style=\"text-align: justify;\" type=\"disc\">\n<li>Crecimiento:1985 \u2013 1995.\n<ul type=\"circle\">\n<li>La palabra KANSEI es utilizada por primera vez por el Director de Mazda Kenichi Yamamoto en 1986 en la Universidad de Michigan.<\/li>\n<li>Desarrollo de sistemas de ingenier\u00eda y aplicaciones estad\u00edsticas.<\/li>\n<\/ul>\n<\/li>\n<\/ul>\n<ul style=\"text-align: justify;\" type=\"disc\">\n<li>Diversificaci\u00f3nde aplicaciones: 1995 &#8211; 2004.\n<ul type=\"circle\">\n<li>Crecimiento del acercamiento a dise\u00f1o de productos de Nagamachi en el mundo.<\/li>\n<li>Nuevas l\u00edneas de investigaci\u00f3n y desarrollo (psicolog\u00eda, neurolog\u00eda, artes, rob\u00f3tica, etc.).<\/li>\n<li>1996: El Dr. Nagamachi se retira de la Universidad de Hiroshima y es nombrado el Presidente del Instituto Nacional Tecnol\u00f3gico de Kure.<\/li>\n<li>1998: Se establece The Japan Society for Kansei Engineering (JSKE) con m\u00e1s de 40 comit\u00e9s funcionando.<\/li>\n<li>2001 a 2006: Nagamachi es el Director del Colegio de Medio Ambiente Social y Humano de la Universidad Internacional de Hiroshima.<\/li>\n<\/ul>\n<\/li>\n<\/ul>\n<ul style=\"text-align: justify;\" type=\"disc\">\n<li>Futuro: 2005\u2013 en adelante.\n<ul type=\"circle\">\n<li>Interacci\u00f3n con otras metodolog\u00edas y tecnolog\u00edas.<\/li>\n<\/ul>\n<\/li>\n<\/ul>\n<p style=\"text-align: justify;\"><em>Fuente:<\/em> Hirata, Ricardo (2009), Traducci\u00f3n de las emociones y sensaciones del cliente en productos y servicios &#8211; Una herramientas de la sexta generaci\u00f3n de calidad-, Programa de Posgrado en Ciencias de la Administraci\u00f3n, Facultad de Contadur\u00eda y Administraci\u00f3n, UNAM, M\u00e9xico<\/p>\n","protected":false},"excerpt":{"rendered":"<p>\u201cKansei\u201d es una palabra japonesa que no tiene una traducci\u00f3n precisa al idioma espa\u00f1ol, pero su significado es cercano a un \u201csentimiento psicol\u00f3gico\u201d m\u00e1s que a una emoci\u00f3n. Kansei en el contexto<a class=\"moretag\" href=\"https:\/\/keisen.com\/es\/centro-kansei\/\">Leer m\u00e1s&#8230;<\/a><\/p>\n","protected":false},"author":3,"featured_media":0,"parent":0,"menu_order":0,"comment_status":"closed","ping_status":"closed","template":"","meta":{"footnotes":""},"class_list":["post-471","page","type-page","status-publish","hentry"],"yoast_head":"<!-- This site is optimized with the Yoast SEO plugin v27.4 - https:\/\/yoast.com\/product\/yoast-seo-wordpress\/ -->\n<title>Centro Kansei - Keisen Consultores<\/title>\n<meta name=\"robots\" content=\"index, follow, max-snippet:-1, max-image-preview:large, max-video-preview:-1\" \/>\n<link rel=\"canonical\" href=\"https:\/\/keisen.com\/es\/centro-kansei\/\" \/>\n<meta property=\"og:locale\" content=\"es_ES\" \/>\n<meta property=\"og:type\" content=\"article\" \/>\n<meta property=\"og:title\" content=\"Centro Kansei - Keisen Consultores\" \/>\n<meta property=\"og:description\" content=\"\u201cKansei\u201d es una palabra japonesa que no tiene una traducci\u00f3n precisa al idioma espa\u00f1ol, pero su significado es cercano a un \u201csentimiento psicol\u00f3gico\u201d m\u00e1s que a una emoci\u00f3n. Kansei en el contextoLeer m\u00e1s...\" \/>\n<meta property=\"og:url\" content=\"https:\/\/keisen.com\/es\/centro-kansei\/\" \/>\n<meta property=\"og:site_name\" content=\"Keisen Consultores\" \/>\n<meta property=\"article:modified_time\" content=\"2022-01-22T01:27:37+00:00\" \/>\n<meta property=\"og:image\" content=\"http:\/\/keisen.com\/es\/wp-content\/uploads\/2015\/05\/Centro-Kansei.gif\" \/>\n<meta name=\"twitter:card\" content=\"summary_large_image\" \/>\n<meta name=\"twitter:label1\" content=\"Tiempo de lectura\" \/>\n\t<meta name=\"twitter:data1\" content=\"7 minutos\" \/>\n<script type=\"application\/ld+json\" class=\"yoast-schema-graph\">{\"@context\":\"https:\\\/\\\/schema.org\",\"@graph\":[{\"@type\":\"WebPage\",\"@id\":\"https:\\\/\\\/keisen.com\\\/es\\\/centro-kansei\\\/\",\"url\":\"https:\\\/\\\/keisen.com\\\/es\\\/centro-kansei\\\/\",\"name\":\"Centro Kansei - Keisen Consultores\",\"isPartOf\":{\"@id\":\"https:\\\/\\\/keisen.com\\\/es\\\/#website\"},\"primaryImageOfPage\":{\"@id\":\"https:\\\/\\\/keisen.com\\\/es\\\/centro-kansei\\\/#primaryimage\"},\"image\":{\"@id\":\"https:\\\/\\\/keisen.com\\\/es\\\/centro-kansei\\\/#primaryimage\"},\"thumbnailUrl\":\"http:\\\/\\\/keisen.com\\\/es\\\/wp-content\\\/uploads\\\/2015\\\/05\\\/Centro-Kansei.gif\",\"datePublished\":\"2022-01-21T15:50:36+00:00\",\"dateModified\":\"2022-01-22T01:27:37+00:00\",\"breadcrumb\":{\"@id\":\"https:\\\/\\\/keisen.com\\\/es\\\/centro-kansei\\\/#breadcrumb\"},\"inLanguage\":\"es\",\"potentialAction\":[{\"@type\":\"ReadAction\",\"target\":[\"https:\\\/\\\/keisen.com\\\/es\\\/centro-kansei\\\/\"]}]},{\"@type\":\"ImageObject\",\"inLanguage\":\"es\",\"@id\":\"https:\\\/\\\/keisen.com\\\/es\\\/centro-kansei\\\/#primaryimage\",\"url\":\"https:\\\/\\\/keisen.com\\\/es\\\/wp-content\\\/uploads\\\/2015\\\/05\\\/Centro-Kansei.gif\",\"contentUrl\":\"https:\\\/\\\/keisen.com\\\/es\\\/wp-content\\\/uploads\\\/2015\\\/05\\\/Centro-Kansei.gif\",\"width\":306,\"height\":133,\"caption\":\"Centro Kansei 2\"},{\"@type\":\"BreadcrumbList\",\"@id\":\"https:\\\/\\\/keisen.com\\\/es\\\/centro-kansei\\\/#breadcrumb\",\"itemListElement\":[{\"@type\":\"ListItem\",\"position\":1,\"name\":\"Portada\",\"item\":\"https:\\\/\\\/keisen.com\\\/es\\\/\"},{\"@type\":\"ListItem\",\"position\":2,\"name\":\"Centro Kansei\"}]},{\"@type\":\"WebSite\",\"@id\":\"https:\\\/\\\/keisen.com\\\/es\\\/#website\",\"url\":\"https:\\\/\\\/keisen.com\\\/es\\\/\",\"name\":\"Keisen Consultores\",\"description\":\"Expertos en Mejora Continua, Calidad y Planeaci\u00f3n Estrat\u00e9gica\",\"potentialAction\":[{\"@type\":\"SearchAction\",\"target\":{\"@type\":\"EntryPoint\",\"urlTemplate\":\"https:\\\/\\\/keisen.com\\\/es\\\/?s={search_term_string}\"},\"query-input\":{\"@type\":\"PropertyValueSpecification\",\"valueRequired\":true,\"valueName\":\"search_term_string\"}}],\"inLanguage\":\"es\"}]}<\/script>\n<!-- \/ Yoast SEO plugin. -->","yoast_head_json":{"title":"Centro Kansei - Keisen Consultores","robots":{"index":"index","follow":"follow","max-snippet":"max-snippet:-1","max-image-preview":"max-image-preview:large","max-video-preview":"max-video-preview:-1"},"canonical":"https:\/\/keisen.com\/es\/centro-kansei\/","og_locale":"es_ES","og_type":"article","og_title":"Centro Kansei - Keisen Consultores","og_description":"\u201cKansei\u201d es una palabra japonesa que no tiene una traducci\u00f3n precisa al idioma espa\u00f1ol, pero su significado es cercano a un \u201csentimiento psicol\u00f3gico\u201d m\u00e1s que a una emoci\u00f3n. Kansei en el contextoLeer m\u00e1s...","og_url":"https:\/\/keisen.com\/es\/centro-kansei\/","og_site_name":"Keisen Consultores","article_modified_time":"2022-01-22T01:27:37+00:00","og_image":[{"url":"http:\/\/keisen.com\/es\/wp-content\/uploads\/2015\/05\/Centro-Kansei.gif","type":"","width":"","height":""}],"twitter_card":"summary_large_image","twitter_misc":{"Tiempo de lectura":"7 minutos"},"schema":{"@context":"https:\/\/schema.org","@graph":[{"@type":"WebPage","@id":"https:\/\/keisen.com\/es\/centro-kansei\/","url":"https:\/\/keisen.com\/es\/centro-kansei\/","name":"Centro Kansei - Keisen Consultores","isPartOf":{"@id":"https:\/\/keisen.com\/es\/#website"},"primaryImageOfPage":{"@id":"https:\/\/keisen.com\/es\/centro-kansei\/#primaryimage"},"image":{"@id":"https:\/\/keisen.com\/es\/centro-kansei\/#primaryimage"},"thumbnailUrl":"http:\/\/keisen.com\/es\/wp-content\/uploads\/2015\/05\/Centro-Kansei.gif","datePublished":"2022-01-21T15:50:36+00:00","dateModified":"2022-01-22T01:27:37+00:00","breadcrumb":{"@id":"https:\/\/keisen.com\/es\/centro-kansei\/#breadcrumb"},"inLanguage":"es","potentialAction":[{"@type":"ReadAction","target":["https:\/\/keisen.com\/es\/centro-kansei\/"]}]},{"@type":"ImageObject","inLanguage":"es","@id":"https:\/\/keisen.com\/es\/centro-kansei\/#primaryimage","url":"https:\/\/keisen.com\/es\/wp-content\/uploads\/2015\/05\/Centro-Kansei.gif","contentUrl":"https:\/\/keisen.com\/es\/wp-content\/uploads\/2015\/05\/Centro-Kansei.gif","width":306,"height":133,"caption":"Centro Kansei 2"},{"@type":"BreadcrumbList","@id":"https:\/\/keisen.com\/es\/centro-kansei\/#breadcrumb","itemListElement":[{"@type":"ListItem","position":1,"name":"Portada","item":"https:\/\/keisen.com\/es\/"},{"@type":"ListItem","position":2,"name":"Centro Kansei"}]},{"@type":"WebSite","@id":"https:\/\/keisen.com\/es\/#website","url":"https:\/\/keisen.com\/es\/","name":"Keisen Consultores","description":"Expertos en Mejora Continua, Calidad y Planeaci\u00f3n Estrat\u00e9gica","potentialAction":[{"@type":"SearchAction","target":{"@type":"EntryPoint","urlTemplate":"https:\/\/keisen.com\/es\/?s={search_term_string}"},"query-input":{"@type":"PropertyValueSpecification","valueRequired":true,"valueName":"search_term_string"}}],"inLanguage":"es"}]}},"_links":{"self":[{"href":"https:\/\/keisen.com\/es\/wp-json\/wp\/v2\/pages\/471","targetHints":{"allow":["GET"]}}],"collection":[{"href":"https:\/\/keisen.com\/es\/wp-json\/wp\/v2\/pages"}],"about":[{"href":"https:\/\/keisen.com\/es\/wp-json\/wp\/v2\/types\/page"}],"author":[{"embeddable":true,"href":"https:\/\/keisen.com\/es\/wp-json\/wp\/v2\/users\/3"}],"replies":[{"embeddable":true,"href":"https:\/\/keisen.com\/es\/wp-json\/wp\/v2\/comments?post=471"}],"version-history":[{"count":1,"href":"https:\/\/keisen.com\/es\/wp-json\/wp\/v2\/pages\/471\/revisions"}],"predecessor-version":[{"id":3213,"href":"https:\/\/keisen.com\/es\/wp-json\/wp\/v2\/pages\/471\/revisions\/3213"}],"wp:attachment":[{"href":"https:\/\/keisen.com\/es\/wp-json\/wp\/v2\/media?parent=471"}],"curies":[{"name":"wp","href":"https:\/\/api.w.org\/{rel}","templated":true}]}}