{"id":4059,"date":"2016-07-11T20:02:06","date_gmt":"2016-07-12T01:02:06","guid":{"rendered":"http:\/\/keisen.com\/es\/?page_id=4059"},"modified":"2025-03-01T15:33:07","modified_gmt":"2025-03-01T21:33:07","slug":"software-estadistico-statworks-de-juse","status":"publish","type":"page","link":"https:\/\/keisen.com\/es\/tienda\/software-estadistico-statworks-de-juse\/","title":{"rendered":"JUSE-STATWORKS Software Estad\u00edstico"},"content":{"rendered":"<h2 style=\"text-align: center;\"><strong>JUSE-StatWorks<\/strong> es un Software Estad\u00edstico desarrollado en Jap\u00f3n por el\u00a0<a href=\"http:\/\/www.i-juse.co.jp\/statistics\/product_e\/\" target=\"_blank\" rel=\"noopener noreferrer\">Institute of JUSE (Union of Japanese Scientists &amp; Engineers)<\/a>\u00a0con\u00a0gran aceptaci\u00f3n en el\u00a0mercado.<\/h2>\n<p style=\"text-align: justify;\"><strong>JUSE-StatWorks <\/strong>proporciona un conjunto completo de herramientas estad\u00edsticas de an\u00e1lisis para mejorar los procesos de cualquier organizaci\u00f3n de manera eficiente y sistem\u00e1tica. Permite extraer r\u00e1pidamente informaci\u00f3n \u00fatil de grandes cantidades de datos y mejorar la resoluci\u00f3n de problemas, abarcando todo el proceso de desarrollo de negocios: planificaci\u00f3n, adquisici\u00f3n, desarrollo del dise\u00f1o, control de fabricaci\u00f3n, atenci\u00f3n al cliente y comercializaci\u00f3n.<\/p>\n<h3 style=\"text-align: justify;\"><strong>Funciones principales de JUSE-StatWorks<\/strong><\/h3>\n<ol>\n<li style=\"text-align: justify;\">Permite crear informes concretos y an\u00e1lisis estad\u00edsticos claros.<\/li>\n<li style=\"text-align: justify;\">Interfaz f\u00e1cil de utilizar.<\/li>\n<li style=\"text-align: justify;\">Manejo de gran cantidad de datos y uso efectivo de los mismos.<\/li>\n<li style=\"text-align: justify;\">De gran utilidad en materia de Control de Calidad y en\u00a0Gesti\u00f3n de Operaciones.<\/li>\n<li style=\"text-align: justify;\">Contribuye\u00a0al proceso de estandarizaci\u00f3n de cualquier organizaci\u00f3n.<\/li>\n<\/ol>\n<h3><strong>Principales \u00e1reas de aplicaci\u00f3n<\/strong><\/h3>\n<ul>\n<li>Planeaci\u00f3n y dise\u00f1o del producto.<\/li>\n<li>Investigaci\u00f3n b\u00e1sica, dise\u00f1o y desarrollo tecnol\u00f3gico.<\/li>\n<li>Preparaci\u00f3n de la producci\u00f3n y control del proceso de fabricaci\u00f3n.<\/li>\n<li>Desarrollo de habilidades t\u00e9cnicas.<\/li>\n<\/ul>\n<p>El software\u00a0cuenta con 2 versiones:<\/p>\n<p style=\"text-align: justify;\"><strong>1) Versi\u00f3n \u201cQuality Control 7 Basic Tools\u201d<\/strong>, con las siguientes herramientas:<\/p>\n<ul>\n<li style=\"text-align: justify;\">7 herramientas b\u00e1sicas<\/li>\n<li style=\"text-align: justify;\">Estad\u00edsticas b\u00e1sicas<\/li>\n<li style=\"text-align: justify;\">Coeficiente de relaci\u00f3n<\/li>\n<li style=\"text-align: justify;\">Tablas de frecuencia<\/li>\n<li style=\"text-align: justify;\">Pruebas y estimaciones (datos continuos y discretos)<\/li>\n<li style=\"text-align: justify;\">Pruebas no param\u00e9tricas.<\/li>\n<\/ul>\n<p style=\"text-align: justify;\"><strong>2) Versi\u00f3n \u201cQuality Management Premium\u201d<\/strong>, con todas las herramientas de la versi\u00f3n 1 y adicionalmente:<\/p>\n<ul>\n<li style=\"text-align: justify;\">7 nuevas herramientas<\/li>\n<li style=\"text-align: justify;\">Herramientas estad\u00edsticas para el an\u00e1lisis de procesos (SPC, MSA, FMEA, QFD, CUSUM, otros)<\/li>\n<li style=\"text-align: justify;\">Dise\u00f1o de experimentos<\/li>\n<li style=\"text-align: justify;\">An\u00e1lisis de regresi\u00f3n (simple y m\u00faltiple)<\/li>\n<li style=\"text-align: justify;\">An\u00e1lisis multivariado<\/li>\n<li style=\"text-align: justify;\">An\u00e1lisis de confiabilidad.<\/li>\n<\/ul>\n<h3 style=\"text-align: center;\"><strong><em>Usado por las empresas l\u00edderes japonesas y recomendado para su uso por principiantes y usuarios avanzados en el campo de calidad y mejora continua.<\/em><\/strong><\/h3>\n<p style=\"text-align: center;\"><a class=\"fasc-button fasc-size-medium fasc-type-flat fasc-rounded-medium fasc-ico-before dashicons-email\" style=\"background-color: #e61232; color: #ffffff;\" href=\"http:\/\/keisen.com\/es\/contactenos\/\">Cont\u00e1ctenos para mayor informaci\u00f3n<\/a><\/p>\n<div id=\"attachment_686\" style=\"width: 224px\" class=\"wp-caption aligncenter\"><a href=\"http:\/\/keisen.com\/es\/wp-content\/uploads\/2015\/05\/JUSE-StatWorks-V4-English-Version.pdf\"><img fetchpriority=\"high\" decoding=\"async\" aria-describedby=\"caption-attachment-686\" class=\"wp-image-686 size-medium\" src=\"http:\/\/keisen.com\/es\/wp-content\/uploads\/2015\/05\/Juse-StatWorks-214x300.jpg\" alt=\"Juse-StatWorks\" width=\"214\" height=\"300\" srcset=\"https:\/\/keisen.com\/es\/wp-content\/uploads\/2015\/05\/Juse-StatWorks-214x300.jpg 214w, https:\/\/keisen.com\/es\/wp-content\/uploads\/2015\/05\/Juse-StatWorks.jpg 301w\" sizes=\"(max-width: 214px) 100vw, 214px\" \/><\/a><p id=\"caption-attachment-686\" class=\"wp-caption-text\"><strong>Flyer JUSE-StatWorks<\/strong><\/p><\/div>\n","protected":false},"excerpt":{"rendered":"<p>JUSE-StatWorks es un Software Estad\u00edstico desarrollado en Jap\u00f3n por el\u00a0Institute of JUSE (Union of Japanese Scientists &amp; Engineers)\u00a0con\u00a0gran aceptaci\u00f3n en el\u00a0mercado. JUSE-StatWorks proporciona un conjunto completo de herramientas estad\u00edsticas de an\u00e1lisis para<a class=\"moretag\" href=\"https:\/\/keisen.com\/es\/tienda\/software-estadistico-statworks-de-juse\/\">Leer m\u00e1s&#8230;<\/a><\/p>\n","protected":false},"author":6,"featured_media":4110,"parent":95,"menu_order":0,"comment_status":"closed","ping_status":"closed","template":"page-sidebar.php","meta":{"footnotes":""},"class_list":["post-4059","page","type-page","status-publish","has-post-thumbnail","hentry"],"yoast_head":"<!-- This site is optimized with the Yoast SEO plugin v27.4 - https:\/\/yoast.com\/product\/yoast-seo-wordpress\/ -->\n<title>JUSE-STATWORKS Software Estad\u00edstico - Keisen Consultores<\/title>\n<meta name=\"robots\" content=\"index, follow, max-snippet:-1, max-image-preview:large, max-video-preview:-1\" \/>\n<link rel=\"canonical\" href=\"https:\/\/keisen.com\/es\/tienda\/software-estadistico-statworks-de-juse\/\" \/>\n<meta property=\"og:locale\" content=\"es_ES\" \/>\n<meta property=\"og:type\" content=\"article\" \/>\n<meta property=\"og:title\" content=\"JUSE-STATWORKS Software Estad\u00edstico - Keisen Consultores\" \/>\n<meta property=\"og:description\" content=\"JUSE-StatWorks es un Software Estad\u00edstico desarrollado en Jap\u00f3n por el\u00a0Institute of JUSE (Union of Japanese Scientists &amp; Engineers)\u00a0con\u00a0gran aceptaci\u00f3n en el\u00a0mercado. JUSE-StatWorks proporciona un conjunto completo de herramientas estad\u00edsticas de an\u00e1lisis paraLeer m\u00e1s...\" \/>\n<meta property=\"og:url\" content=\"https:\/\/keisen.com\/es\/tienda\/software-estadistico-statworks-de-juse\/\" \/>\n<meta property=\"og:site_name\" content=\"Keisen Consultores\" \/>\n<meta property=\"article:modified_time\" content=\"2025-03-01T21:33:07+00:00\" \/>\n<meta property=\"og:image\" content=\"https:\/\/keisen.com\/es\/wp-content\/uploads\/2016\/07\/Software-Estad\u00edstico-2-e1642121622376.jpg\" \/>\n\t<meta property=\"og:image:width\" content=\"720\" \/>\n\t<meta property=\"og:image:height\" content=\"576\" \/>\n\t<meta property=\"og:image:type\" content=\"image\/jpeg\" \/>\n<meta name=\"twitter:card\" content=\"summary_large_image\" \/>\n<meta name=\"twitter:label1\" content=\"Tiempo de lectura\" \/>\n\t<meta name=\"twitter:data1\" content=\"2 minutos\" \/>\n<script type=\"application\/ld+json\" class=\"yoast-schema-graph\">{\"@context\":\"https:\\\/\\\/schema.org\",\"@graph\":[{\"@type\":\"WebPage\",\"@id\":\"https:\\\/\\\/keisen.com\\\/es\\\/tienda\\\/software-estadistico-statworks-de-juse\\\/\",\"url\":\"https:\\\/\\\/keisen.com\\\/es\\\/tienda\\\/software-estadistico-statworks-de-juse\\\/\",\"name\":\"JUSE-STATWORKS Software Estad\u00edstico - Keisen Consultores\",\"isPartOf\":{\"@id\":\"https:\\\/\\\/keisen.com\\\/es\\\/#website\"},\"primaryImageOfPage\":{\"@id\":\"https:\\\/\\\/keisen.com\\\/es\\\/tienda\\\/software-estadistico-statworks-de-juse\\\/#primaryimage\"},\"image\":{\"@id\":\"https:\\\/\\\/keisen.com\\\/es\\\/tienda\\\/software-estadistico-statworks-de-juse\\\/#primaryimage\"},\"thumbnailUrl\":\"https:\\\/\\\/keisen.com\\\/es\\\/wp-content\\\/uploads\\\/2016\\\/07\\\/Software-Estad\u00edstico-2-e1642121622376.jpg\",\"datePublished\":\"2016-07-12T01:02:06+00:00\",\"dateModified\":\"2025-03-01T21:33:07+00:00\",\"breadcrumb\":{\"@id\":\"https:\\\/\\\/keisen.com\\\/es\\\/tienda\\\/software-estadistico-statworks-de-juse\\\/#breadcrumb\"},\"inLanguage\":\"es\",\"potentialAction\":[{\"@type\":\"ReadAction\",\"target\":[\"https:\\\/\\\/keisen.com\\\/es\\\/tienda\\\/software-estadistico-statworks-de-juse\\\/\"]}]},{\"@type\":\"ImageObject\",\"inLanguage\":\"es\",\"@id\":\"https:\\\/\\\/keisen.com\\\/es\\\/tienda\\\/software-estadistico-statworks-de-juse\\\/#primaryimage\",\"url\":\"https:\\\/\\\/keisen.com\\\/es\\\/wp-content\\\/uploads\\\/2016\\\/07\\\/Software-Estad\u00edstico-2-e1642121622376.jpg\",\"contentUrl\":\"https:\\\/\\\/keisen.com\\\/es\\\/wp-content\\\/uploads\\\/2016\\\/07\\\/Software-Estad\u00edstico-2-e1642121622376.jpg\",\"width\":720,\"height\":576,\"caption\":\"JUSE-StatWorks Software Estad\u00edstico.\"},{\"@type\":\"BreadcrumbList\",\"@id\":\"https:\\\/\\\/keisen.com\\\/es\\\/tienda\\\/software-estadistico-statworks-de-juse\\\/#breadcrumb\",\"itemListElement\":[{\"@type\":\"ListItem\",\"position\":1,\"name\":\"Portada\",\"item\":\"https:\\\/\\\/keisen.com\\\/es\\\/\"},{\"@type\":\"ListItem\",\"position\":2,\"name\":\"Productos\",\"item\":\"https:\\\/\\\/keisen.com\\\/es\\\/tienda\\\/\"},{\"@type\":\"ListItem\",\"position\":3,\"name\":\"JUSE-STATWORKS Software Estad\u00edstico\"}]},{\"@type\":\"WebSite\",\"@id\":\"https:\\\/\\\/keisen.com\\\/es\\\/#website\",\"url\":\"https:\\\/\\\/keisen.com\\\/es\\\/\",\"name\":\"Keisen Consultores\",\"description\":\"Expertos en Mejora Continua, Calidad y Planeaci\u00f3n Estrat\u00e9gica\",\"potentialAction\":[{\"@type\":\"SearchAction\",\"target\":{\"@type\":\"EntryPoint\",\"urlTemplate\":\"https:\\\/\\\/keisen.com\\\/es\\\/?s={search_term_string}\"},\"query-input\":{\"@type\":\"PropertyValueSpecification\",\"valueRequired\":true,\"valueName\":\"search_term_string\"}}],\"inLanguage\":\"es\"}]}<\/script>\n<!-- \/ Yoast SEO plugin. -->","yoast_head_json":{"title":"JUSE-STATWORKS Software Estad\u00edstico - Keisen Consultores","robots":{"index":"index","follow":"follow","max-snippet":"max-snippet:-1","max-image-preview":"max-image-preview:large","max-video-preview":"max-video-preview:-1"},"canonical":"https:\/\/keisen.com\/es\/tienda\/software-estadistico-statworks-de-juse\/","og_locale":"es_ES","og_type":"article","og_title":"JUSE-STATWORKS Software Estad\u00edstico - Keisen Consultores","og_description":"JUSE-StatWorks es un Software Estad\u00edstico desarrollado en Jap\u00f3n por el\u00a0Institute of JUSE (Union of Japanese Scientists &amp; Engineers)\u00a0con\u00a0gran aceptaci\u00f3n en el\u00a0mercado. JUSE-StatWorks proporciona un conjunto completo de herramientas estad\u00edsticas de an\u00e1lisis paraLeer m\u00e1s...","og_url":"https:\/\/keisen.com\/es\/tienda\/software-estadistico-statworks-de-juse\/","og_site_name":"Keisen Consultores","article_modified_time":"2025-03-01T21:33:07+00:00","og_image":[{"width":720,"height":576,"url":"https:\/\/keisen.com\/es\/wp-content\/uploads\/2016\/07\/Software-Estad\u00edstico-2-e1642121622376.jpg","type":"image\/jpeg"}],"twitter_card":"summary_large_image","twitter_misc":{"Tiempo de lectura":"2 minutos"},"schema":{"@context":"https:\/\/schema.org","@graph":[{"@type":"WebPage","@id":"https:\/\/keisen.com\/es\/tienda\/software-estadistico-statworks-de-juse\/","url":"https:\/\/keisen.com\/es\/tienda\/software-estadistico-statworks-de-juse\/","name":"JUSE-STATWORKS Software Estad\u00edstico - Keisen Consultores","isPartOf":{"@id":"https:\/\/keisen.com\/es\/#website"},"primaryImageOfPage":{"@id":"https:\/\/keisen.com\/es\/tienda\/software-estadistico-statworks-de-juse\/#primaryimage"},"image":{"@id":"https:\/\/keisen.com\/es\/tienda\/software-estadistico-statworks-de-juse\/#primaryimage"},"thumbnailUrl":"https:\/\/keisen.com\/es\/wp-content\/uploads\/2016\/07\/Software-Estad\u00edstico-2-e1642121622376.jpg","datePublished":"2016-07-12T01:02:06+00:00","dateModified":"2025-03-01T21:33:07+00:00","breadcrumb":{"@id":"https:\/\/keisen.com\/es\/tienda\/software-estadistico-statworks-de-juse\/#breadcrumb"},"inLanguage":"es","potentialAction":[{"@type":"ReadAction","target":["https:\/\/keisen.com\/es\/tienda\/software-estadistico-statworks-de-juse\/"]}]},{"@type":"ImageObject","inLanguage":"es","@id":"https:\/\/keisen.com\/es\/tienda\/software-estadistico-statworks-de-juse\/#primaryimage","url":"https:\/\/keisen.com\/es\/wp-content\/uploads\/2016\/07\/Software-Estad\u00edstico-2-e1642121622376.jpg","contentUrl":"https:\/\/keisen.com\/es\/wp-content\/uploads\/2016\/07\/Software-Estad\u00edstico-2-e1642121622376.jpg","width":720,"height":576,"caption":"JUSE-StatWorks Software Estad\u00edstico."},{"@type":"BreadcrumbList","@id":"https:\/\/keisen.com\/es\/tienda\/software-estadistico-statworks-de-juse\/#breadcrumb","itemListElement":[{"@type":"ListItem","position":1,"name":"Portada","item":"https:\/\/keisen.com\/es\/"},{"@type":"ListItem","position":2,"name":"Productos","item":"https:\/\/keisen.com\/es\/tienda\/"},{"@type":"ListItem","position":3,"name":"JUSE-STATWORKS Software Estad\u00edstico"}]},{"@type":"WebSite","@id":"https:\/\/keisen.com\/es\/#website","url":"https:\/\/keisen.com\/es\/","name":"Keisen Consultores","description":"Expertos en Mejora Continua, Calidad y Planeaci\u00f3n Estrat\u00e9gica","potentialAction":[{"@type":"SearchAction","target":{"@type":"EntryPoint","urlTemplate":"https:\/\/keisen.com\/es\/?s={search_term_string}"},"query-input":{"@type":"PropertyValueSpecification","valueRequired":true,"valueName":"search_term_string"}}],"inLanguage":"es"}]}},"_links":{"self":[{"href":"https:\/\/keisen.com\/es\/wp-json\/wp\/v2\/pages\/4059","targetHints":{"allow":["GET"]}}],"collection":[{"href":"https:\/\/keisen.com\/es\/wp-json\/wp\/v2\/pages"}],"about":[{"href":"https:\/\/keisen.com\/es\/wp-json\/wp\/v2\/types\/page"}],"author":[{"embeddable":true,"href":"https:\/\/keisen.com\/es\/wp-json\/wp\/v2\/users\/6"}],"replies":[{"embeddable":true,"href":"https:\/\/keisen.com\/es\/wp-json\/wp\/v2\/comments?post=4059"}],"version-history":[{"count":1,"href":"https:\/\/keisen.com\/es\/wp-json\/wp\/v2\/pages\/4059\/revisions"}],"predecessor-version":[{"id":8622,"href":"https:\/\/keisen.com\/es\/wp-json\/wp\/v2\/pages\/4059\/revisions\/8622"}],"up":[{"embeddable":true,"href":"https:\/\/keisen.com\/es\/wp-json\/wp\/v2\/pages\/95"}],"wp:featuredmedia":[{"embeddable":true,"href":"https:\/\/keisen.com\/es\/wp-json\/wp\/v2\/media\/4110"}],"wp:attachment":[{"href":"https:\/\/keisen.com\/es\/wp-json\/wp\/v2\/media?parent=4059"}],"curies":[{"name":"wp","href":"https:\/\/api.w.org\/{rel}","templated":true}]}}