{"id":2542,"date":"2015-06-11T13:08:57","date_gmt":"2015-06-11T18:08:57","guid":{"rendered":"http:\/\/keisen.com\/es\/?page_id=2542"},"modified":"2018-11-15T14:18:33","modified_gmt":"2018-11-15T20:18:33","slug":"areas-de-especialidad","status":"publish","type":"page","link":"https:\/\/keisen.com\/es\/quienes-somos\/areas-de-especialidad\/","title":{"rendered":"\u00c1reas de Especialidad"},"content":{"rendered":"\t\t<div data-elementor-type=\"wp-post\" data-elementor-id=\"2542\" class=\"elementor elementor-2542 elementor-bc-flex-widget\">\n\t\t\t\t\t\t<section class=\"elementor-section elementor-top-section elementor-element elementor-element-300927ba elementor-section-boxed elementor-section-height-default elementor-section-height-default\" data-id=\"300927ba\" data-element_type=\"section\" data-e-type=\"section\">\n\t\t\t\t\t\t<div class=\"elementor-container elementor-column-gap-default\">\n\t\t\t\t\t<div class=\"elementor-column elementor-col-100 elementor-top-column elementor-element elementor-element-1a47139b\" data-id=\"1a47139b\" data-element_type=\"column\" data-e-type=\"column\">\n\t\t\t<div class=\"elementor-widget-wrap elementor-element-populated\">\n\t\t\t\t\t\t<div class=\"elementor-element elementor-element-4880d4a elementor-widget elementor-widget-text-editor\" data-id=\"4880d4a\" data-element_type=\"widget\" data-e-type=\"widget\" data-widget_type=\"text-editor.default\">\n\t\t\t\t<div class=\"elementor-widget-container\">\n\t\t\t\t\t\t\t\t\t<p>\u00a0<\/p><h3 style=\"text-align: left;\">\u2022 <span style=\"color: #800000;\"><strong><a style=\"color: #800000;\" href=\"http:\/\/keisen.com\/es\/areas-de-especialidad\/modelos-de-planeacion-estrategica\/\">Modelos de Planeaci\u00f3n Estrat\u00e9gica<\/a><\/strong><\/span><\/h3><p style=\"text-align: justify; padding-left: 30px;\">Dise\u00f1o y construcci\u00f3n de planes, estrategias y estructuras sostenibles, articulando de forma efectiva la visi\u00f3n de la organizaci\u00f3n, sus indicadores clave y los resultados de las acciones implantadas.<\/p><h3 style=\"text-align: justify;\">\u2022\u00a0<span style=\"color: #800000;\"><strong><a style=\"color: #800000;\" href=\"http:\/\/keisen.com\/es\/areas-de-especialidad\/medicion-y-mejora-de-la-efectividad-organizacional\/\">Medici\u00f3n y Mejora de la Efectividad Organizacional<\/a><\/strong><\/span><\/h3><p style=\"text-align: justify; padding-left: 30px;\">Medici\u00f3n y desarrollo de la efectividad en individuos, equipos y culturas organizacionales a trav\u00e9s del dise\u00f1o e implantaci\u00f3n del modelo de articulaci\u00f3n estrat\u00e9gica de recursos.<\/p><h3 style=\"text-align: justify;\">\u2022\u00a0<span style=\"color: #800000;\"><strong><a style=\"color: #800000;\" href=\"http:\/\/keisen.com\/es\/areas-de-especialidad\/calidad-y-cambio-para-la-rentabilidad\/\">Calidad y Cambio para la Rentabilidad<\/a><\/strong><\/span><\/h3><p style=\"text-align: justify; padding-left: 30px;\">Implantaci\u00f3n de los sistemas, t\u00e9cnicas y modelos en calidad y mejora continua para el desarrollo del personal y la generaci\u00f3n de valor.<\/p><h3 style=\"text-align: justify;\">\u2022\u00a0<span style=\"color: #800000;\"><strong><a style=\"color: #800000;\" href=\"http:\/\/keisen.com\/es\/areas-de-especialidad\/mejora-e-innovacion-de-procesos\/\">Mejora e Innovaci\u00f3n de Procesos<\/a><\/strong><\/span><\/h3><p style=\"text-align: justify; padding-left: 30px;\">An\u00e1lisis, dise\u00f1o, desarrollo y mejoramiento integral de los procesos clave que agregan valor al modelo de negocio de las organizaciones.<\/p><h3 style=\"text-align: justify;\">\u2022\u00a0<span style=\"color: #800000;\"><strong><a style=\"color: #800000;\" href=\"http:\/\/keisen.com\/es\/areas-de-especialidad\/analisis-y-traduccion-de-la-voz-del-cliente\/\">An\u00e1lisis y Traducci\u00f3n de la Voz del Cliente<\/a><\/strong><\/span><\/h3><p style=\"text-align: justify; padding-left: 30px;\">Dise\u00f1o e implantaci\u00f3n de estrategias para la detecci\u00f3n y traducci\u00f3n de las necesidades del cliente en procesos clave, productos, servicios y oportunidades de mercado.<\/p><h3 style=\"text-align: justify;\">\u2022\u00a0<span style=\"color: #800000;\"><strong><a style=\"color: #800000;\" href=\"http:\/\/keisen.com\/es\/areas-de-especialidad\/kansei-engineering-ergonomics\/\">Kansei Engineering \/ Ergonomics<\/a><\/strong><\/span><\/h3><p style=\"text-align: justify; padding-left: 30px;\">Traducci\u00f3n e interpretaci\u00f3n de las necesidades profundas, afectivas y emocionales del cliente para el dise\u00f1o o mejora de productos y servicios, basados en el Modelo del Dr. Mistuo Nagamachi.<\/p><p style=\"text-align: center;\"><img decoding=\"async\" class=\" wp-image-1164 aligncenter\" src=\"http:\/\/keisen.com\/es\/wp-content\/uploads\/2015\/05\/descarga.png\" alt=\"Descarga\" width=\"50\" height=\"50\" \/><a href=\"http:\/\/keisen.com\/es\/wp-content\/uploads\/2015\/09\/\u00c1reas-de-Especiliad-30092015.pdf\" target=\"_blank\" rel=\"noopener\">Descargue informaci\u00f3n adicional en PDF<\/a><\/p><h4 style=\"text-align: center;\"><strong>Cont\u00e1ctenos<\/strong><\/h4><p style=\"text-align: center;\"><strong><a href=\"http:\/\/keisen.com\/es\/contactenos\/\"><img decoding=\"async\" class=\"wp-image-991 aligncenter\" src=\"http:\/\/keisen.com\/es\/wp-content\/uploads\/2015\/05\/contacto.png\" alt=\"Contacto\" width=\"50\" height=\"31\" \/><\/a><\/strong><strong>Tenemos una soluci\u00f3n para su negocio<\/strong><\/p>\t\t\t\t\t\t\t\t<\/div>\n\t\t\t\t<\/div>\n\t\t\t\t\t<\/div>\n\t\t<\/div>\n\t\t\t\t\t<\/div>\n\t\t<\/section>\n\t\t\t\t<\/div>\n\t\t","protected":false},"excerpt":{"rendered":"<p>\u00a0 \u2022 Modelos de Planeaci\u00f3n Estrat\u00e9gica Dise\u00f1o y construcci\u00f3n de planes, estrategias y estructuras sostenibles, articulando de forma efectiva la visi\u00f3n de la organizaci\u00f3n, sus indicadores clave y los resultados de las<a class=\"moretag\" href=\"https:\/\/keisen.com\/es\/quienes-somos\/areas-de-especialidad\/\">Leer m\u00e1s&#8230;<\/a><\/p>\n","protected":false},"author":6,"featured_media":0,"parent":10,"menu_order":0,"comment_status":"closed","ping_status":"closed","template":"","meta":{"footnotes":""},"class_list":["post-2542","page","type-page","status-publish","hentry"],"yoast_head":"<!-- This site is optimized with the Yoast SEO plugin v27.4 - https:\/\/yoast.com\/product\/yoast-seo-wordpress\/ -->\n<title>\u00c1reas de Especialidad - Keisen Consultores<\/title>\n<meta name=\"robots\" content=\"index, follow, max-snippet:-1, max-image-preview:large, max-video-preview:-1\" \/>\n<link rel=\"canonical\" href=\"https:\/\/keisen.com\/es\/quienes-somos\/areas-de-especialidad\/\" \/>\n<meta property=\"og:locale\" content=\"es_ES\" \/>\n<meta property=\"og:type\" content=\"article\" \/>\n<meta property=\"og:title\" content=\"\u00c1reas de Especialidad - Keisen Consultores\" \/>\n<meta property=\"og:description\" content=\"\u00a0 \u2022 Modelos de Planeaci\u00f3n Estrat\u00e9gica Dise\u00f1o y construcci\u00f3n de planes, estrategias y estructuras sostenibles, articulando de forma efectiva la visi\u00f3n de la organizaci\u00f3n, sus indicadores clave y los resultados de lasLeer m\u00e1s...\" \/>\n<meta property=\"og:url\" content=\"https:\/\/keisen.com\/es\/quienes-somos\/areas-de-especialidad\/\" \/>\n<meta property=\"og:site_name\" content=\"Keisen Consultores\" \/>\n<meta property=\"article:modified_time\" content=\"2018-11-15T20:18:33+00:00\" \/>\n<meta property=\"og:image\" content=\"http:\/\/keisen.com\/es\/wp-content\/uploads\/2015\/05\/descarga.png\" \/>\n<meta name=\"twitter:card\" content=\"summary_large_image\" \/>\n<meta name=\"twitter:label1\" content=\"Tiempo de lectura\" \/>\n\t<meta name=\"twitter:data1\" content=\"1 minuto\" \/>\n<script type=\"application\/ld+json\" class=\"yoast-schema-graph\">{\"@context\":\"https:\\\/\\\/schema.org\",\"@graph\":[{\"@type\":\"WebPage\",\"@id\":\"https:\\\/\\\/keisen.com\\\/es\\\/quienes-somos\\\/areas-de-especialidad\\\/\",\"url\":\"https:\\\/\\\/keisen.com\\\/es\\\/quienes-somos\\\/areas-de-especialidad\\\/\",\"name\":\"\u00c1reas de Especialidad - Keisen Consultores\",\"isPartOf\":{\"@id\":\"https:\\\/\\\/keisen.com\\\/es\\\/#website\"},\"primaryImageOfPage\":{\"@id\":\"https:\\\/\\\/keisen.com\\\/es\\\/quienes-somos\\\/areas-de-especialidad\\\/#primaryimage\"},\"image\":{\"@id\":\"https:\\\/\\\/keisen.com\\\/es\\\/quienes-somos\\\/areas-de-especialidad\\\/#primaryimage\"},\"thumbnailUrl\":\"http:\\\/\\\/keisen.com\\\/es\\\/wp-content\\\/uploads\\\/2015\\\/05\\\/descarga.png\",\"datePublished\":\"2015-06-11T18:08:57+00:00\",\"dateModified\":\"2018-11-15T20:18:33+00:00\",\"breadcrumb\":{\"@id\":\"https:\\\/\\\/keisen.com\\\/es\\\/quienes-somos\\\/areas-de-especialidad\\\/#breadcrumb\"},\"inLanguage\":\"es\",\"potentialAction\":[{\"@type\":\"ReadAction\",\"target\":[\"https:\\\/\\\/keisen.com\\\/es\\\/quienes-somos\\\/areas-de-especialidad\\\/\"]}]},{\"@type\":\"ImageObject\",\"inLanguage\":\"es\",\"@id\":\"https:\\\/\\\/keisen.com\\\/es\\\/quienes-somos\\\/areas-de-especialidad\\\/#primaryimage\",\"url\":\"http:\\\/\\\/keisen.com\\\/es\\\/wp-content\\\/uploads\\\/2015\\\/05\\\/descarga.png\",\"contentUrl\":\"http:\\\/\\\/keisen.com\\\/es\\\/wp-content\\\/uploads\\\/2015\\\/05\\\/descarga.png\"},{\"@type\":\"BreadcrumbList\",\"@id\":\"https:\\\/\\\/keisen.com\\\/es\\\/quienes-somos\\\/areas-de-especialidad\\\/#breadcrumb\",\"itemListElement\":[{\"@type\":\"ListItem\",\"position\":1,\"name\":\"Portada\",\"item\":\"https:\\\/\\\/keisen.com\\\/es\\\/\"},{\"@type\":\"ListItem\",\"position\":2,\"name\":\"Qui\u00e9nes Somos\",\"item\":\"https:\\\/\\\/keisen.com\\\/es\\\/quienes-somos\\\/\"},{\"@type\":\"ListItem\",\"position\":3,\"name\":\"\u00c1reas de Especialidad\"}]},{\"@type\":\"WebSite\",\"@id\":\"https:\\\/\\\/keisen.com\\\/es\\\/#website\",\"url\":\"https:\\\/\\\/keisen.com\\\/es\\\/\",\"name\":\"Keisen Consultores\",\"description\":\"Expertos en Mejora Continua, Calidad y Planeaci\u00f3n Estrat\u00e9gica\",\"potentialAction\":[{\"@type\":\"SearchAction\",\"target\":{\"@type\":\"EntryPoint\",\"urlTemplate\":\"https:\\\/\\\/keisen.com\\\/es\\\/?s={search_term_string}\"},\"query-input\":{\"@type\":\"PropertyValueSpecification\",\"valueRequired\":true,\"valueName\":\"search_term_string\"}}],\"inLanguage\":\"es\"}]}<\/script>\n<!-- \/ Yoast SEO plugin. -->","yoast_head_json":{"title":"\u00c1reas de Especialidad - Keisen Consultores","robots":{"index":"index","follow":"follow","max-snippet":"max-snippet:-1","max-image-preview":"max-image-preview:large","max-video-preview":"max-video-preview:-1"},"canonical":"https:\/\/keisen.com\/es\/quienes-somos\/areas-de-especialidad\/","og_locale":"es_ES","og_type":"article","og_title":"\u00c1reas de Especialidad - Keisen Consultores","og_description":"\u00a0 \u2022 Modelos de Planeaci\u00f3n Estrat\u00e9gica Dise\u00f1o y construcci\u00f3n de planes, estrategias y estructuras sostenibles, articulando de forma efectiva la visi\u00f3n de la organizaci\u00f3n, sus indicadores clave y los resultados de lasLeer m\u00e1s...","og_url":"https:\/\/keisen.com\/es\/quienes-somos\/areas-de-especialidad\/","og_site_name":"Keisen Consultores","article_modified_time":"2018-11-15T20:18:33+00:00","og_image":[{"url":"http:\/\/keisen.com\/es\/wp-content\/uploads\/2015\/05\/descarga.png","type":"","width":"","height":""}],"twitter_card":"summary_large_image","twitter_misc":{"Tiempo de lectura":"1 minuto"},"schema":{"@context":"https:\/\/schema.org","@graph":[{"@type":"WebPage","@id":"https:\/\/keisen.com\/es\/quienes-somos\/areas-de-especialidad\/","url":"https:\/\/keisen.com\/es\/quienes-somos\/areas-de-especialidad\/","name":"\u00c1reas de Especialidad - Keisen Consultores","isPartOf":{"@id":"https:\/\/keisen.com\/es\/#website"},"primaryImageOfPage":{"@id":"https:\/\/keisen.com\/es\/quienes-somos\/areas-de-especialidad\/#primaryimage"},"image":{"@id":"https:\/\/keisen.com\/es\/quienes-somos\/areas-de-especialidad\/#primaryimage"},"thumbnailUrl":"http:\/\/keisen.com\/es\/wp-content\/uploads\/2015\/05\/descarga.png","datePublished":"2015-06-11T18:08:57+00:00","dateModified":"2018-11-15T20:18:33+00:00","breadcrumb":{"@id":"https:\/\/keisen.com\/es\/quienes-somos\/areas-de-especialidad\/#breadcrumb"},"inLanguage":"es","potentialAction":[{"@type":"ReadAction","target":["https:\/\/keisen.com\/es\/quienes-somos\/areas-de-especialidad\/"]}]},{"@type":"ImageObject","inLanguage":"es","@id":"https:\/\/keisen.com\/es\/quienes-somos\/areas-de-especialidad\/#primaryimage","url":"http:\/\/keisen.com\/es\/wp-content\/uploads\/2015\/05\/descarga.png","contentUrl":"http:\/\/keisen.com\/es\/wp-content\/uploads\/2015\/05\/descarga.png"},{"@type":"BreadcrumbList","@id":"https:\/\/keisen.com\/es\/quienes-somos\/areas-de-especialidad\/#breadcrumb","itemListElement":[{"@type":"ListItem","position":1,"name":"Portada","item":"https:\/\/keisen.com\/es\/"},{"@type":"ListItem","position":2,"name":"Qui\u00e9nes Somos","item":"https:\/\/keisen.com\/es\/quienes-somos\/"},{"@type":"ListItem","position":3,"name":"\u00c1reas de Especialidad"}]},{"@type":"WebSite","@id":"https:\/\/keisen.com\/es\/#website","url":"https:\/\/keisen.com\/es\/","name":"Keisen Consultores","description":"Expertos en Mejora Continua, Calidad y Planeaci\u00f3n Estrat\u00e9gica","potentialAction":[{"@type":"SearchAction","target":{"@type":"EntryPoint","urlTemplate":"https:\/\/keisen.com\/es\/?s={search_term_string}"},"query-input":{"@type":"PropertyValueSpecification","valueRequired":true,"valueName":"search_term_string"}}],"inLanguage":"es"}]}},"_links":{"self":[{"href":"https:\/\/keisen.com\/es\/wp-json\/wp\/v2\/pages\/2542","targetHints":{"allow":["GET"]}}],"collection":[{"href":"https:\/\/keisen.com\/es\/wp-json\/wp\/v2\/pages"}],"about":[{"href":"https:\/\/keisen.com\/es\/wp-json\/wp\/v2\/types\/page"}],"author":[{"embeddable":true,"href":"https:\/\/keisen.com\/es\/wp-json\/wp\/v2\/users\/6"}],"replies":[{"embeddable":true,"href":"https:\/\/keisen.com\/es\/wp-json\/wp\/v2\/comments?post=2542"}],"version-history":[{"count":2,"href":"https:\/\/keisen.com\/es\/wp-json\/wp\/v2\/pages\/2542\/revisions"}],"predecessor-version":[{"id":5165,"href":"https:\/\/keisen.com\/es\/wp-json\/wp\/v2\/pages\/2542\/revisions\/5165"}],"up":[{"embeddable":true,"href":"https:\/\/keisen.com\/es\/wp-json\/wp\/v2\/pages\/10"}],"wp:attachment":[{"href":"https:\/\/keisen.com\/es\/wp-json\/wp\/v2\/media?parent=2542"}],"curies":[{"name":"wp","href":"https:\/\/api.w.org\/{rel}","templated":true}]}}