{"id":1140,"date":"2015-05-20T17:33:49","date_gmt":"2015-05-20T22:33:49","guid":{"rendered":"http:\/\/keisen.com\/es\/?page_id=1140"},"modified":"2022-01-12T09:04:33","modified_gmt":"2022-01-12T15:04:33","slug":"aviso-de-privacidad","status":"publish","type":"page","link":"https:\/\/keisen.com\/es\/aviso-de-privacidad\/","title":{"rendered":"AVISO DE PRIVACIDAD"},"content":{"rendered":"\t\t<div data-elementor-type=\"wp-page\" data-elementor-id=\"1140\" class=\"elementor elementor-1140\">\n\t\t\t\t\t\t<section class=\"elementor-section elementor-top-section elementor-element elementor-element-447f713a elementor-section-boxed elementor-section-height-default elementor-section-height-default\" data-id=\"447f713a\" data-element_type=\"section\" data-e-type=\"section\">\n\t\t\t\t\t\t<div class=\"elementor-container elementor-column-gap-default\">\n\t\t\t\t\t<div class=\"elementor-column elementor-col-100 elementor-top-column elementor-element elementor-element-2a977afc\" data-id=\"2a977afc\" data-element_type=\"column\" data-e-type=\"column\">\n\t\t\t<div class=\"elementor-widget-wrap elementor-element-populated\">\n\t\t\t\t\t\t<div class=\"elementor-element elementor-element-428576d6 elementor-widget elementor-widget-text-editor\" data-id=\"428576d6\" data-element_type=\"widget\" data-e-type=\"widget\" data-widget_type=\"text-editor.default\">\n\t\t\t\t<div class=\"elementor-widget-container\">\n\t\t\t\t\t\t\t\t\t<p style=\"text-align: justify;\">\u00a0<\/p><p><strong>1<\/strong><strong>. Responsable de recabar sus datos, del uso de que le d\u00e9 a los mismos y la protecci\u00f3n de sus datos personales.<\/strong><\/p><p>Keisen Consultores, S.A. de C.V.<br \/>Domicilio en Norte 81 No. 163, Colonia Claver\u00eda, Alcald\u00eda de Azcapotzalco, Ciudad de M\u00e9xico., C.P. 02080<br \/>Correo electr\u00f3nico: <a href=\"mailto:info@keisen.com\">info@keisen.com<\/a><\/p><p>Tel\u00e9fono: +52 55 5341 6554<\/p><ol start=\"2\"><li><strong> \u00bfPara qu\u00e9 fines recabamos y utilizamos sus datos personales?<\/strong><\/li><\/ol><p>Su informaci\u00f3n personal ser\u00e1 utilizada principalmente para las siguientes finalidades: crear y mantener la base de datos para poder proveer los servicios y productos requeridos por usted; dar cumplimiento y seguimiento a obligaciones contra\u00eddas con nuestros clientes; realizar estudios para medir y mejorar la efectividad organizacional. Y de manera secundaria: evaluar la calidad del servicio interno; para informar sobre cambios o nuevos productos o servicios que ofrecemos.<\/p><ol start=\"3\"><li><strong> \u00bfQu\u00e9 datos personales obtenemos y de d\u00f3nde?<\/strong><\/li><\/ol><p>Para las finalidades se\u00f1aladas en el presente aviso de privacidad podemos recabar sus datos personales de distintas formas:<\/p><p><em>Datos personales que recabamos de forma directa:<\/em> Recabamos sus datos personales de forma directa cuando usted mismo nos los proporciona por diversos medios, cuando participa en nuestras promociones o nos da informaci\u00f3n con objeto de que le coticemos y\/o requieran un servicio. Los datos que obtenemos por este medio pueden ser: nombre completo, empresa, R.F.C., puesto, direcci\u00f3n, tel\u00e9fonos, correo electr\u00f3nico, p\u00e1gina de internet.<\/p><p><em>Datos personales que recabamos cuando se inscribe en nuestra p\u00e1gina de internet o utiliza nuestros servicios en l\u00ednea:<\/em> nombre completo, empresa, puesto, direcci\u00f3n, tel\u00e9fonos, pa\u00eds, correo electr\u00f3nico.<\/p><p><em>Datos personales que recabamos cuando participa en nuestro M\u00f3dulo de Inteligencia Keisen:<\/em> nombre completo, sexo, fecha de nacimiento, pa\u00eds, escolaridad, ocupaci\u00f3n, correo electr\u00f3nico.<\/p><p><em>Datos personales que recabamos a trav\u00e9s de otras fuentes:<\/em> Podemos obtener informaci\u00f3n de usted de otras fuentes permitidas por la ley tales como los directorios telef\u00f3nicos o laborales; redes sociales. Los datos que obtenemos por estos medios pueden ser: nombre completo, empresa, puesto, direcci\u00f3n, tel\u00e9fonos, correo electr\u00f3nico, p\u00e1gina de internet.<\/p><ol start=\"4\"><li><strong> Datos personales sensibles.<\/strong><\/li><\/ol><p>Le informamos que, para cumplir con las finalidades previstas en este aviso de privacidad, en caso de ser recabados datos personales sensibles como aquellos que refieren a: origen racial o \u00e9tnico; estado de salud presente y futuro; informaci\u00f3n gen\u00e9tica; creencia religiosa, filos\u00f3fica y moral; afiliaci\u00f3n sindical y pol\u00edtica; preferencia sexual; Keisen se compromete a que los mismos ser\u00e1n tratados bajo las m\u00e1s estrictas medidas de seguridad que garanticen su confidencialidad por lo que requerimos de su consentimiento expreso para el tratamiento de sus datos personales sensibles v\u00eda correo electr\u00f3nico a <a href=\"mailto:info@keisen.com\"><strong>info@keisen.com<\/strong><\/a> <strong>o a trav\u00e9s de su firma aut\u00f3grafa cuando se le solicite salvo cuando se encuentre en alguno se los supuestos del Art\u00edculo 10 de la Ley: <\/strong><\/p><ol><li>Est\u00e9 previsto en una Ley;<\/li><li>Los datos figuren en fuentes de acceso p\u00fablico;<\/li><\/ol><ul><li>Los datos personales se sometan a un procedimiento previo de disociaci\u00f3n;<\/li><\/ul><ol><li>Tenga el prop\u00f3sito de cumplir obligaciones derivadas de una relaci\u00f3n jur\u00eddica entre el titular y el responsable;<\/li><li>Exista una situaci\u00f3n de emergencia que potencialmente pueda da\u00f1ar a un individuo en su persona o en sus bienes;<\/li><li>Sean indispensables para la atenci\u00f3n m\u00e9dica, la prevenci\u00f3n, diagn\u00f3stico, la prestaci\u00f3n de asistencia sanitaria, tratamientos m\u00e9dicos o la gesti\u00f3n de servicios sanitarios, mientras el titular no est\u00e9 en condiciones de otorgar el consentimiento, en los t\u00e9rminos que establece la Ley General de Salud y dem\u00e1s disposiciones jur\u00eddicas aplicables y que dicho tratamiento de datos se realice por una persona sujeta al secreto profesional u obligaci\u00f3n equivalente, o se dicte resoluci\u00f3n de autoridad competente.<\/li><\/ol><ol start=\"5\"><li><strong> \u00bfC\u00f3mo puede limitar el uso y divulgaci\u00f3n; el acceso, rectificar sus datos personales, cancelar u oponerse a su uso (Derechos ARCO)? <\/strong><\/li><\/ol><p>Usted tiene derecho a limitar el uso y la divulgaci\u00f3n de sus datos personales que poseemos y a los detalles del tratamiento de los mismos, as\u00ed como a rectificarlos en caso de ser inexactos o incompletos; cancelarlos para alguna de las finalidades secundarias se\u00f1alados en el presente aviso de privacidad; est\u00e9n siendo utilizados para finalidades no consentidas, o bien oponerse al tratamiento de los mismos para fines espec\u00edficos. La negativa para el uso de sus datos personales para las finalidades secundarias no ser\u00e1 motivo para que se le niegue el servicio o producto que solicita.<\/p><p>Los mecanismos que se han implementado para el ejercicio de dichos derechos son a trav\u00e9s de la presentaci\u00f3n de la solicitud respectiva en <a href=\"mailto:info@keisen.com\">info@keisen.com<\/a>; en la informaci\u00f3n recibida por Keisen Consultores, S.A. de C.V. a trav\u00e9s del correo electr\u00f3nico, en la parte inferior <strong>\u201cDARSE DE BAJA\u201d<\/strong> y\/o v\u00eda telef\u00f3nica al +52 55 5341 6554. La solicitud deber\u00e1 contener la siguiente informaci\u00f3n: asunto, nombre, correo electr\u00f3nico y solicitud especificando su requerimiento (actualizaci\u00f3n de datos, limitar el uso para finalidades secundarias y\/o cancelaci\u00f3n). Los plazos para atender su solicitud son los siguientes: si es por medio de <strong>\u201cDARSE DE BAJA\u201d<\/strong> es de manera autom\u00e1tica; si por v\u00eda <a href=\"mailto:info@keisen.com\">info@keisen.com<\/a> o telef\u00f3nica en un plazo de 30 d\u00edas h\u00e1biles. En caso de que el aviso de privacidad sea entregado por correo postal, el titular tiene 5 d\u00edas h\u00e1biles para que, de ser el caso, manifieste su negativa para el tratamiento o aprovechamiento de sus datos personales para las finalidades secundarias.<\/p><p>Para m\u00e1s informaci\u00f3n, favor de comunicarse a <a href=\"mailto:info@keisen.com\">info@keisen.com<\/a> o al +52 55 5341 6554.<\/p><p>Tambi\u00e9n podr\u00e1 registrarse ante PROFECO o CONDUSEF para evitar publicidad ajena a Keisen.<\/p><ol start=\"6\"><li><strong> Sus datos pueden viajar a otro pa\u00eds o ser compartidos con otros.<\/strong><\/li><\/ol><p>Sus datos personales pueden ser transferidos y tratados dentro y fuera del pa\u00eds por personas distintas a esta empresa. En ese sentido, su informaci\u00f3n puede ser compartida con nuestras empresas afiliadas para proveer los servicios y productos requeridos por usted; evaluar la calidad del servicio, y realizar estudios internos.<\/p><p>Nos comprometemos a no transferir su informaci\u00f3n personal a terceros sin su consentimiento, salvo las excepciones previstas en el art\u00edculo 37 de la Ley:<\/p><ol><li>Cuando la transferencia est\u00e9 prevista en una Ley o Tratado en los que M\u00e9xico sea parte;<\/li><li>Cuando la transferencia sea necesaria para la prevenci\u00f3n o el diagn\u00f3stico m\u00e9dico, la prestaci\u00f3n de asistencia sanitaria, tratamiento m\u00e9dico o la gesti\u00f3n de servicios sanitarios;<\/li><\/ol><ul><li>Cuando la transferencia sea efectuada a sociedades controladoras, subsidiarias o afiliadas bajo el control com\u00fan del responsable, o a una sociedad matriz o a cualquier sociedad del mismo grupo del responsable que opere bajo los mismos procesos y pol\u00edticas internas;<\/li><\/ul><ol><li>Cuando la transferencia sea necesaria por virtud de un contrato celebrado o por celebrar en inter\u00e9s del titular, por el responsable y un tercero;<\/li><li>Cuando la transferencia sea necesaria o legalmente exigida para la salvaguarda de un inter\u00e9s p\u00fablico, o para la procuraci\u00f3n o administraci\u00f3n de justicia;<\/li><li>Cuando la transferencia sea precisa para el reconocimiento, ejercicio o defensa de un derecho en un proceso judicial;<\/li><\/ol><ul><li>Cuando la transferencia sea precisa para el mantenimiento o cumplimiento de una relaci\u00f3n jur\u00eddica entre el responsable y el titular.<\/li><\/ul><ol start=\"7\"><li><strong> Uso de cookies.<\/strong><\/li><\/ol><p><em>Los datos personales que recabamos cuando se inscribe en nuestra p\u00e1gina de internet o utiliza nuestros servicios en l\u00ednea se utilizan cookies para brindarle un mejor servicio y experiencia al navegar en la p\u00e1gina web. Para m\u00e1s informaci\u00f3n respecto a la pol\u00edtica, uso, des habilitaci\u00f3n de cookies ingresar a la p\u00e1gina web <\/em><a href=\"http:\/\/www.keisen.com\">www.keisen.com<\/a><\/p><p><strong>\u00a0<\/strong><\/p><ol start=\"8\"><li><strong> Modificaciones al aviso de privacidad<\/strong><\/li><\/ol><p>Nos reservamos el derecho de efectuar en cualquier momento modificaciones o actualizaciones al presente aviso de privacidad, para la atenci\u00f3n de novedades legislativas, pol\u00edticas internas o nuevos requerimientos para la presentaci\u00f3n u ofrecimiento de nuestros servicios o productos.<\/p><p>Keisen informar\u00e1 del nuevo aviso de privacidad a trav\u00e9s de la p\u00e1gina de internet: www.keisen.com (secci\u00f3n aviso de privacidad) indicando la fecha de la \u00faltima actualizaci\u00f3n.<\/p><ol start=\"9\"><li><strong> \u00bfAnte qui\u00e9n puede presentar sus quejas y denuncias por el tratamiento indebido de sus datos personales?<\/strong><\/li><\/ol><p>Si usted considera que su derecho de protecci\u00f3n de datos personales ha sido lesionado por alguna conducta de nuestros empleados o de nuestras actuaciones o respuestas, presume que en el tratamiento de sus datos personales existe alguna violaci\u00f3n a las disposiciones previstas en la Ley Federal de Protecci\u00f3n de Datos Personales en Posesi\u00f3n de los Particulares, podr\u00e1 interponer la queja o denuncia correspondiente ante el INAI, para mayor informaci\u00f3n visite <a href=\"http:\/\/inicio.inai.org.mx\/SitePages\/ifai.aspx\">www.inai.org.mx<\/a><\/p><p><em>Fecha \u00faltima actualizaci\u00f3n 12\/01\/2021.<\/em><\/p><p style=\"text-align: right;\">\u00a0<\/p>\t\t\t\t\t\t\t\t<\/div>\n\t\t\t\t<\/div>\n\t\t\t\t\t<\/div>\n\t\t<\/div>\n\t\t\t\t\t<\/div>\n\t\t<\/section>\n\t\t\t\t<\/div>\n\t\t","protected":false},"excerpt":{"rendered":"<p>\u00a0 1. Responsable de recabar sus datos, del uso de que le d\u00e9 a los mismos y la protecci\u00f3n de sus datos personales. Keisen Consultores, S.A. de C.V.Domicilio en Norte 81 No.<a class=\"moretag\" href=\"https:\/\/keisen.com\/es\/aviso-de-privacidad\/\">Leer m\u00e1s&#8230;<\/a><\/p>\n","protected":false},"author":6,"featured_media":0,"parent":0,"menu_order":0,"comment_status":"closed","ping_status":"closed","template":"","meta":{"footnotes":""},"class_list":["post-1140","page","type-page","status-publish","hentry"],"yoast_head":"<!-- This site is optimized with the Yoast SEO plugin v27.4 - https:\/\/yoast.com\/product\/yoast-seo-wordpress\/ -->\n<title>AVISO DE PRIVACIDAD - Keisen Consultores<\/title>\n<meta name=\"robots\" content=\"index, follow, max-snippet:-1, max-image-preview:large, max-video-preview:-1\" \/>\n<link rel=\"canonical\" href=\"https:\/\/keisen.com\/es\/aviso-de-privacidad\/\" \/>\n<meta property=\"og:locale\" content=\"es_ES\" \/>\n<meta property=\"og:type\" content=\"article\" \/>\n<meta property=\"og:title\" content=\"AVISO DE PRIVACIDAD - Keisen Consultores\" \/>\n<meta property=\"og:description\" content=\"\u00a0 1. Responsable de recabar sus datos, del uso de que le d\u00e9 a los mismos y la protecci\u00f3n de sus datos personales. Keisen Consultores, S.A. de C.V.Domicilio en Norte 81 No.Leer m\u00e1s...\" \/>\n<meta property=\"og:url\" content=\"https:\/\/keisen.com\/es\/aviso-de-privacidad\/\" \/>\n<meta property=\"og:site_name\" content=\"Keisen Consultores\" \/>\n<meta property=\"article:modified_time\" content=\"2022-01-12T15:04:33+00:00\" \/>\n<meta name=\"twitter:card\" content=\"summary_large_image\" \/>\n<meta name=\"twitter:label1\" content=\"Tiempo de lectura\" \/>\n\t<meta name=\"twitter:data1\" content=\"7 minutos\" \/>\n<script type=\"application\/ld+json\" class=\"yoast-schema-graph\">{\"@context\":\"https:\\\/\\\/schema.org\",\"@graph\":[{\"@type\":\"WebPage\",\"@id\":\"https:\\\/\\\/keisen.com\\\/es\\\/aviso-de-privacidad\\\/\",\"url\":\"https:\\\/\\\/keisen.com\\\/es\\\/aviso-de-privacidad\\\/\",\"name\":\"AVISO DE PRIVACIDAD - Keisen Consultores\",\"isPartOf\":{\"@id\":\"https:\\\/\\\/keisen.com\\\/es\\\/#website\"},\"datePublished\":\"2015-05-20T22:33:49+00:00\",\"dateModified\":\"2022-01-12T15:04:33+00:00\",\"breadcrumb\":{\"@id\":\"https:\\\/\\\/keisen.com\\\/es\\\/aviso-de-privacidad\\\/#breadcrumb\"},\"inLanguage\":\"es\",\"potentialAction\":[{\"@type\":\"ReadAction\",\"target\":[\"https:\\\/\\\/keisen.com\\\/es\\\/aviso-de-privacidad\\\/\"]}]},{\"@type\":\"BreadcrumbList\",\"@id\":\"https:\\\/\\\/keisen.com\\\/es\\\/aviso-de-privacidad\\\/#breadcrumb\",\"itemListElement\":[{\"@type\":\"ListItem\",\"position\":1,\"name\":\"Portada\",\"item\":\"https:\\\/\\\/keisen.com\\\/es\\\/\"},{\"@type\":\"ListItem\",\"position\":2,\"name\":\"AVISO DE PRIVACIDAD\"}]},{\"@type\":\"WebSite\",\"@id\":\"https:\\\/\\\/keisen.com\\\/es\\\/#website\",\"url\":\"https:\\\/\\\/keisen.com\\\/es\\\/\",\"name\":\"Keisen Consultores\",\"description\":\"Expertos en Mejora Continua, Calidad y Planeaci\u00f3n Estrat\u00e9gica\",\"potentialAction\":[{\"@type\":\"SearchAction\",\"target\":{\"@type\":\"EntryPoint\",\"urlTemplate\":\"https:\\\/\\\/keisen.com\\\/es\\\/?s={search_term_string}\"},\"query-input\":{\"@type\":\"PropertyValueSpecification\",\"valueRequired\":true,\"valueName\":\"search_term_string\"}}],\"inLanguage\":\"es\"}]}<\/script>\n<!-- \/ Yoast SEO plugin. -->","yoast_head_json":{"title":"AVISO DE PRIVACIDAD - Keisen Consultores","robots":{"index":"index","follow":"follow","max-snippet":"max-snippet:-1","max-image-preview":"max-image-preview:large","max-video-preview":"max-video-preview:-1"},"canonical":"https:\/\/keisen.com\/es\/aviso-de-privacidad\/","og_locale":"es_ES","og_type":"article","og_title":"AVISO DE PRIVACIDAD - Keisen Consultores","og_description":"\u00a0 1. Responsable de recabar sus datos, del uso de que le d\u00e9 a los mismos y la protecci\u00f3n de sus datos personales. Keisen Consultores, S.A. de C.V.Domicilio en Norte 81 No.Leer m\u00e1s...","og_url":"https:\/\/keisen.com\/es\/aviso-de-privacidad\/","og_site_name":"Keisen Consultores","article_modified_time":"2022-01-12T15:04:33+00:00","twitter_card":"summary_large_image","twitter_misc":{"Tiempo de lectura":"7 minutos"},"schema":{"@context":"https:\/\/schema.org","@graph":[{"@type":"WebPage","@id":"https:\/\/keisen.com\/es\/aviso-de-privacidad\/","url":"https:\/\/keisen.com\/es\/aviso-de-privacidad\/","name":"AVISO DE PRIVACIDAD - Keisen Consultores","isPartOf":{"@id":"https:\/\/keisen.com\/es\/#website"},"datePublished":"2015-05-20T22:33:49+00:00","dateModified":"2022-01-12T15:04:33+00:00","breadcrumb":{"@id":"https:\/\/keisen.com\/es\/aviso-de-privacidad\/#breadcrumb"},"inLanguage":"es","potentialAction":[{"@type":"ReadAction","target":["https:\/\/keisen.com\/es\/aviso-de-privacidad\/"]}]},{"@type":"BreadcrumbList","@id":"https:\/\/keisen.com\/es\/aviso-de-privacidad\/#breadcrumb","itemListElement":[{"@type":"ListItem","position":1,"name":"Portada","item":"https:\/\/keisen.com\/es\/"},{"@type":"ListItem","position":2,"name":"AVISO DE PRIVACIDAD"}]},{"@type":"WebSite","@id":"https:\/\/keisen.com\/es\/#website","url":"https:\/\/keisen.com\/es\/","name":"Keisen Consultores","description":"Expertos en Mejora Continua, Calidad y Planeaci\u00f3n Estrat\u00e9gica","potentialAction":[{"@type":"SearchAction","target":{"@type":"EntryPoint","urlTemplate":"https:\/\/keisen.com\/es\/?s={search_term_string}"},"query-input":{"@type":"PropertyValueSpecification","valueRequired":true,"valueName":"search_term_string"}}],"inLanguage":"es"}]}},"_links":{"self":[{"href":"https:\/\/keisen.com\/es\/wp-json\/wp\/v2\/pages\/1140","targetHints":{"allow":["GET"]}}],"collection":[{"href":"https:\/\/keisen.com\/es\/wp-json\/wp\/v2\/pages"}],"about":[{"href":"https:\/\/keisen.com\/es\/wp-json\/wp\/v2\/types\/page"}],"author":[{"embeddable":true,"href":"https:\/\/keisen.com\/es\/wp-json\/wp\/v2\/users\/6"}],"replies":[{"embeddable":true,"href":"https:\/\/keisen.com\/es\/wp-json\/wp\/v2\/comments?post=1140"}],"version-history":[{"count":1,"href":"https:\/\/keisen.com\/es\/wp-json\/wp\/v2\/pages\/1140\/revisions"}],"predecessor-version":[{"id":6223,"href":"https:\/\/keisen.com\/es\/wp-json\/wp\/v2\/pages\/1140\/revisions\/6223"}],"wp:attachment":[{"href":"https:\/\/keisen.com\/es\/wp-json\/wp\/v2\/media?parent=1140"}],"curies":[{"name":"wp","href":"https:\/\/api.w.org\/{rel}","templated":true}]}}