{"id":10,"date":"2015-05-01T14:32:27","date_gmt":"2015-05-01T19:32:27","guid":{"rendered":"http:\/\/keisen.com\/es\/?page_id=10"},"modified":"2015-06-25T15:31:31","modified_gmt":"2015-06-25T20:31:31","slug":"quienes-somos","status":"publish","type":"page","link":"https:\/\/keisen.com\/es\/quienes-somos\/","title":{"rendered":"Qui\u00e9nes Somos"},"content":{"rendered":"<p style=\"text-align: justify;\"><img decoding=\"async\" class=\"  alignleft wp-image-2357\" src=\"http:\/\/keisen.com\/es\/wp-content\/uploads\/2015\/06\/KEISEN-LOGO-Converted.png\" alt=\"KEISEN LOGO [Converted]\" width=\"90\" height=\"159\" srcset=\"https:\/\/keisen.com\/es\/wp-content\/uploads\/2015\/06\/KEISEN-LOGO-Converted.png 911w, https:\/\/keisen.com\/es\/wp-content\/uploads\/2015\/06\/KEISEN-LOGO-Converted-600x1059.png 600w, https:\/\/keisen.com\/es\/wp-content\/uploads\/2015\/06\/KEISEN-LOGO-Converted-170x300.png 170w, https:\/\/keisen.com\/es\/wp-content\/uploads\/2015\/06\/KEISEN-LOGO-Converted-580x1024.png 580w\" sizes=\"(max-width: 90px) 100vw, 90px\" \/>Empresa de consultor\u00eda especializada en incrementar la capacidad para generar valor a trav\u00e9s del dise\u00f1o, desarrollo, implementaci\u00f3n y promoci\u00f3n de estrategias y modelos para la optimizaci\u00f3n de recursos, innovaci\u00f3n de procesos y sistemas, as\u00ed como la mejora de la efectividad de personas, equipos y culturas de organizaciones p\u00fablicas, privadas y sociales.<\/p>\n<p style=\"text-align: justify;\">Fundada en 1990 por el <span style=\"color: #000000;\"><a style=\"color: #000000;\" href=\"http:\/\/keisen.com\/es\/ricardo-hirata-okamoto\/\">Dr. Ricardo Hirata Okamoto<\/a><\/span>, actualmente Keisen Consultores es referente es sus \u00e1reas de especialidad.<\/p>\n<h2 style=\"color: #ff0000;\" align=\"center\"><span style=\"color: #800000;\"><strong>Propuesta de Valor<\/strong><\/span><\/h2>\n<p><img decoding=\"async\" class=\"  alignleft wp-image-3143\" src=\"http:\/\/keisen.com\/es\/wp-content\/uploads\/2015\/06\/Consultoria.png\" alt=\"Consultoria\" width=\"98\" height=\"115\" \/>Trabajamos de forma conjunta con nuestros clientes diagnosticando, dise\u00f1ando estrategias, ejecutando, midiendo y estandarizando las buenas pr\u00e1cticas en nuestras l\u00edneas de especialidad.<\/p>\n<p><a href=\"http:\/\/keisen.com\/es\/propuesta-de-valor\/consultoria\/\">Conozca m\u00e1s<\/a><\/p>\n<p>&nbsp;<\/p>\n<p><img decoding=\"async\" class=\"  alignleft wp-image-3144\" src=\"http:\/\/keisen.com\/es\/wp-content\/uploads\/2015\/06\/Desarrollo-humano.png\" alt=\"Desarrollo humano\" width=\"99\" height=\"105\" \/><\/p>\n<p>Dise\u00f1amos eventos de formaci\u00f3n y desarrollo en cualquiera de nuestras \u00e1reas de especialidad.<\/p>\n<p><a href=\"http:\/\/keisen.com\/es\/propuesta-de-valor\/desarrollo-humano\/\">Conozca m\u00e1s<\/a><\/p>\n<p>&nbsp;<\/p>\n<p><img loading=\"lazy\" decoding=\"async\" class=\"  alignleft wp-image-3145\" src=\"http:\/\/keisen.com\/es\/wp-content\/uploads\/2015\/06\/Inteligencia1.png\" alt=\"Inteligencia\" width=\"97\" height=\"113\" \/>Realizamos estudios que recopilan:<br \/>\n&#8211; La voz del cliente para el dise\u00f1o de productos y procesos.<br \/>\n&#8211; Las necesidades afectivas del cliente para la aplicaci\u00f3n de proyectos con Kansei Engineering.<br \/>\n&#8211; La satisfacci\u00f3n del cliente con el fin de mejorar la calidad de productos, procesos y sistemas organizacionales.\u00a0<a href=\"http:\/\/keisen.com\/es\/propuesta-de-valor\/inteligencia\/\">Conozca m\u00e1s<\/a><\/p>\n<p>&nbsp;<\/p>\n<p><img loading=\"lazy\" decoding=\"async\" class=\"  wp-image-3146 alignleft\" src=\"http:\/\/keisen.com\/es\/wp-content\/uploads\/2015\/06\/Vinculacion-con-expertos.png\" alt=\"Vinculacion con expertos\" width=\"98\" height=\"111\" \/><\/p>\n<p>Articulamos y vinculamos a las organizaciones con expertos nacionales e internacionales.<\/p>\n<p><a href=\"http:\/\/keisen.com\/es\/propuesta-de-valor\/vinculacion-con-expertos\/\">Conozca m\u00e1s<\/a><\/p>\n","protected":false},"excerpt":{"rendered":"<p>Empresa de consultor\u00eda especializada en incrementar la capacidad para generar valor a trav\u00e9s del dise\u00f1o, desarrollo, implementaci\u00f3n y promoci\u00f3n de estrategias y modelos para la optimizaci\u00f3n de recursos, innovaci\u00f3n de procesos y<a class=\"moretag\" href=\"https:\/\/keisen.com\/es\/quienes-somos\/\">Leer m\u00e1s&#8230;<\/a><\/p>\n","protected":false},"author":1,"featured_media":0,"parent":0,"menu_order":3,"comment_status":"closed","ping_status":"closed","template":"","meta":{"footnotes":""},"class_list":["post-10","page","type-page","status-publish","hentry"],"yoast_head":"<!-- This site is optimized with the Yoast SEO plugin v27.4 - https:\/\/yoast.com\/product\/yoast-seo-wordpress\/ -->\n<title>Qui\u00e9nes Somos - Keisen Consultores<\/title>\n<meta name=\"robots\" content=\"index, follow, max-snippet:-1, max-image-preview:large, max-video-preview:-1\" \/>\n<link rel=\"canonical\" href=\"https:\/\/keisen.com\/es\/quienes-somos\/\" \/>\n<meta property=\"og:locale\" content=\"es_ES\" \/>\n<meta property=\"og:type\" content=\"article\" \/>\n<meta property=\"og:title\" content=\"Qui\u00e9nes Somos - Keisen Consultores\" \/>\n<meta property=\"og:description\" content=\"Empresa de consultor\u00eda especializada en incrementar la capacidad para generar valor a trav\u00e9s del dise\u00f1o, desarrollo, implementaci\u00f3n y promoci\u00f3n de estrategias y modelos para la optimizaci\u00f3n de recursos, innovaci\u00f3n de procesos yLeer m\u00e1s...\" \/>\n<meta property=\"og:url\" content=\"https:\/\/keisen.com\/es\/quienes-somos\/\" \/>\n<meta property=\"og:site_name\" content=\"Keisen Consultores\" \/>\n<meta property=\"article:modified_time\" content=\"2015-06-25T20:31:31+00:00\" \/>\n<meta property=\"og:image\" content=\"http:\/\/keisen.com\/es\/wp-content\/uploads\/2015\/06\/KEISEN-LOGO-Converted.png\" \/>\n<meta name=\"twitter:card\" content=\"summary_large_image\" \/>\n<meta name=\"twitter:label1\" content=\"Tiempo de lectura\" \/>\n\t<meta name=\"twitter:data1\" content=\"1 minuto\" \/>\n<script type=\"application\/ld+json\" class=\"yoast-schema-graph\">{\"@context\":\"https:\\\/\\\/schema.org\",\"@graph\":[{\"@type\":\"WebPage\",\"@id\":\"https:\\\/\\\/keisen.com\\\/es\\\/quienes-somos\\\/\",\"url\":\"https:\\\/\\\/keisen.com\\\/es\\\/quienes-somos\\\/\",\"name\":\"Qui\u00e9nes Somos - Keisen Consultores\",\"isPartOf\":{\"@id\":\"https:\\\/\\\/keisen.com\\\/es\\\/#website\"},\"primaryImageOfPage\":{\"@id\":\"https:\\\/\\\/keisen.com\\\/es\\\/quienes-somos\\\/#primaryimage\"},\"image\":{\"@id\":\"https:\\\/\\\/keisen.com\\\/es\\\/quienes-somos\\\/#primaryimage\"},\"thumbnailUrl\":\"http:\\\/\\\/keisen.com\\\/es\\\/wp-content\\\/uploads\\\/2015\\\/06\\\/KEISEN-LOGO-Converted.png\",\"datePublished\":\"2015-05-01T19:32:27+00:00\",\"dateModified\":\"2015-06-25T20:31:31+00:00\",\"breadcrumb\":{\"@id\":\"https:\\\/\\\/keisen.com\\\/es\\\/quienes-somos\\\/#breadcrumb\"},\"inLanguage\":\"es\",\"potentialAction\":[{\"@type\":\"ReadAction\",\"target\":[\"https:\\\/\\\/keisen.com\\\/es\\\/quienes-somos\\\/\"]}]},{\"@type\":\"ImageObject\",\"inLanguage\":\"es\",\"@id\":\"https:\\\/\\\/keisen.com\\\/es\\\/quienes-somos\\\/#primaryimage\",\"url\":\"https:\\\/\\\/keisen.com\\\/es\\\/wp-content\\\/uploads\\\/2015\\\/06\\\/KEISEN-LOGO-Converted.png\",\"contentUrl\":\"https:\\\/\\\/keisen.com\\\/es\\\/wp-content\\\/uploads\\\/2015\\\/06\\\/KEISEN-LOGO-Converted.png\",\"width\":911,\"height\":1608,\"caption\":\"Logo Keisen 3\"},{\"@type\":\"BreadcrumbList\",\"@id\":\"https:\\\/\\\/keisen.com\\\/es\\\/quienes-somos\\\/#breadcrumb\",\"itemListElement\":[{\"@type\":\"ListItem\",\"position\":1,\"name\":\"Portada\",\"item\":\"https:\\\/\\\/keisen.com\\\/es\\\/\"},{\"@type\":\"ListItem\",\"position\":2,\"name\":\"Qui\u00e9nes Somos\"}]},{\"@type\":\"WebSite\",\"@id\":\"https:\\\/\\\/keisen.com\\\/es\\\/#website\",\"url\":\"https:\\\/\\\/keisen.com\\\/es\\\/\",\"name\":\"Keisen Consultores\",\"description\":\"Expertos en Mejora Continua, Calidad y Planeaci\u00f3n Estrat\u00e9gica\",\"potentialAction\":[{\"@type\":\"SearchAction\",\"target\":{\"@type\":\"EntryPoint\",\"urlTemplate\":\"https:\\\/\\\/keisen.com\\\/es\\\/?s={search_term_string}\"},\"query-input\":{\"@type\":\"PropertyValueSpecification\",\"valueRequired\":true,\"valueName\":\"search_term_string\"}}],\"inLanguage\":\"es\"}]}<\/script>\n<!-- \/ Yoast SEO plugin. -->","yoast_head_json":{"title":"Qui\u00e9nes Somos - Keisen Consultores","robots":{"index":"index","follow":"follow","max-snippet":"max-snippet:-1","max-image-preview":"max-image-preview:large","max-video-preview":"max-video-preview:-1"},"canonical":"https:\/\/keisen.com\/es\/quienes-somos\/","og_locale":"es_ES","og_type":"article","og_title":"Qui\u00e9nes Somos - Keisen Consultores","og_description":"Empresa de consultor\u00eda especializada en incrementar la capacidad para generar valor a trav\u00e9s del dise\u00f1o, desarrollo, implementaci\u00f3n y promoci\u00f3n de estrategias y modelos para la optimizaci\u00f3n de recursos, innovaci\u00f3n de procesos yLeer m\u00e1s...","og_url":"https:\/\/keisen.com\/es\/quienes-somos\/","og_site_name":"Keisen Consultores","article_modified_time":"2015-06-25T20:31:31+00:00","og_image":[{"url":"http:\/\/keisen.com\/es\/wp-content\/uploads\/2015\/06\/KEISEN-LOGO-Converted.png","type":"","width":"","height":""}],"twitter_card":"summary_large_image","twitter_misc":{"Tiempo de lectura":"1 minuto"},"schema":{"@context":"https:\/\/schema.org","@graph":[{"@type":"WebPage","@id":"https:\/\/keisen.com\/es\/quienes-somos\/","url":"https:\/\/keisen.com\/es\/quienes-somos\/","name":"Qui\u00e9nes Somos - Keisen Consultores","isPartOf":{"@id":"https:\/\/keisen.com\/es\/#website"},"primaryImageOfPage":{"@id":"https:\/\/keisen.com\/es\/quienes-somos\/#primaryimage"},"image":{"@id":"https:\/\/keisen.com\/es\/quienes-somos\/#primaryimage"},"thumbnailUrl":"http:\/\/keisen.com\/es\/wp-content\/uploads\/2015\/06\/KEISEN-LOGO-Converted.png","datePublished":"2015-05-01T19:32:27+00:00","dateModified":"2015-06-25T20:31:31+00:00","breadcrumb":{"@id":"https:\/\/keisen.com\/es\/quienes-somos\/#breadcrumb"},"inLanguage":"es","potentialAction":[{"@type":"ReadAction","target":["https:\/\/keisen.com\/es\/quienes-somos\/"]}]},{"@type":"ImageObject","inLanguage":"es","@id":"https:\/\/keisen.com\/es\/quienes-somos\/#primaryimage","url":"https:\/\/keisen.com\/es\/wp-content\/uploads\/2015\/06\/KEISEN-LOGO-Converted.png","contentUrl":"https:\/\/keisen.com\/es\/wp-content\/uploads\/2015\/06\/KEISEN-LOGO-Converted.png","width":911,"height":1608,"caption":"Logo Keisen 3"},{"@type":"BreadcrumbList","@id":"https:\/\/keisen.com\/es\/quienes-somos\/#breadcrumb","itemListElement":[{"@type":"ListItem","position":1,"name":"Portada","item":"https:\/\/keisen.com\/es\/"},{"@type":"ListItem","position":2,"name":"Qui\u00e9nes Somos"}]},{"@type":"WebSite","@id":"https:\/\/keisen.com\/es\/#website","url":"https:\/\/keisen.com\/es\/","name":"Keisen Consultores","description":"Expertos en Mejora Continua, Calidad y Planeaci\u00f3n Estrat\u00e9gica","potentialAction":[{"@type":"SearchAction","target":{"@type":"EntryPoint","urlTemplate":"https:\/\/keisen.com\/es\/?s={search_term_string}"},"query-input":{"@type":"PropertyValueSpecification","valueRequired":true,"valueName":"search_term_string"}}],"inLanguage":"es"}]}},"_links":{"self":[{"href":"https:\/\/keisen.com\/es\/wp-json\/wp\/v2\/pages\/10","targetHints":{"allow":["GET"]}}],"collection":[{"href":"https:\/\/keisen.com\/es\/wp-json\/wp\/v2\/pages"}],"about":[{"href":"https:\/\/keisen.com\/es\/wp-json\/wp\/v2\/types\/page"}],"author":[{"embeddable":true,"href":"https:\/\/keisen.com\/es\/wp-json\/wp\/v2\/users\/1"}],"replies":[{"embeddable":true,"href":"https:\/\/keisen.com\/es\/wp-json\/wp\/v2\/comments?post=10"}],"version-history":[{"count":2,"href":"https:\/\/keisen.com\/es\/wp-json\/wp\/v2\/pages\/10\/revisions"}],"predecessor-version":[{"id":8623,"href":"https:\/\/keisen.com\/es\/wp-json\/wp\/v2\/pages\/10\/revisions\/8623"}],"wp:attachment":[{"href":"https:\/\/keisen.com\/es\/wp-json\/wp\/v2\/media?parent=10"}],"curies":[{"name":"wp","href":"https:\/\/api.w.org\/{rel}","templated":true}]}}