{"id":3850,"date":"2025-07-18T12:42:54","date_gmt":"2025-07-18T18:42:54","guid":{"rendered":"https:\/\/keisen.com\/aprendizaje\/?page_id=3850"},"modified":"2025-07-18T13:19:27","modified_gmt":"2025-07-18T19:19:27","slug":"materiales","status":"publish","type":"page","link":"https:\/\/keisen.com\/aprendizaje\/materiales\/","title":{"rendered":"Accede a material exclusivo"},"content":{"rendered":"\n<p>Llena el siguiente formulario y accede a documentos para tu desarrollo.<\/p>\n\n\n<div id=\"vfb-form-29\" class=\"visual-form-builder-container\"><form id=\"recursos-sin-costo-29\" class=\"visual-form-builder vfb-form-29 \" method=\"post\" enctype=\"multipart\/form-data\">\n\t  \t<input type=\"hidden\" name=\"form_id\" value=\"29\" \/><fieldset class=\"vfb-fieldset vfb-fieldset-1 accede-a-los-regalos-e-informacion \" id=\"item-vfb-420\"><div class=\"vfb-legend\"><h3>Accede a los regalos e informaci\u00f3n<\/h3><\/div><ul class=\"vfb-section vfb-section-1\"><li class=\"vfb-item vfb-item-text  \" id=\"item-vfb-424\"><label for=\"vfb-424\" class=\"vfb-desc\">Nombre Completo  <span class=\"vfb-required-asterisk\">*<\/span><\/label><span class=\"vfb-span\"><input type=\"text\" name=\"vfb-424\" id=\"vfb-424\" value=\"\" class=\"vfb-text  vfb-medium  required  \" \/><label>Nombre<\/label><\/span><\/li><li class=\"vfb-item vfb-item-text  \" id=\"item-vfb-425\"><label for=\"vfb-425\" class=\"vfb-desc\">Apellido  <span class=\"vfb-required-asterisk\">*<\/span><\/label><span class=\"vfb-span\"><input type=\"text\" name=\"vfb-425\" id=\"vfb-425\" value=\"\" class=\"vfb-text  vfb-medium  required  \" \/><label>Apellido<\/label><\/span><\/li><li class=\"vfb-item vfb-item-email  \" id=\"item-vfb-426\"><label for=\"vfb-426\" class=\"vfb-desc\">Email institucional o personal  <span class=\"vfb-required-asterisk\">*<\/span><\/label><span class=\"vfb-span\"><input type=\"email\" name=\"vfb-426\" id=\"vfb-426\" value=\"\" class=\"vfb-text  vfb-medium  required  email \" \/><label>Email<\/label><\/span><\/li><li class=\"vfb-item vfb-item-phone  \" id=\"item-vfb-427\"><label for=\"vfb-427\" class=\"vfb-desc\">Tel\u00e9fono (+c\u00f3digo pais - codigo ciudad-Tel\u00e9fono) <\/label><span class=\"vfb-span\"><input type=\"tel\" name=\"vfb-427\" id=\"vfb-427\" value=\"\" class=\"vfb-text  vfb-medium   phone \" \/><label>Tel\u00e9fono<\/label><\/span><\/li><li class=\"vfb-item vfb-item-text  \" id=\"item-vfb-429\"><label for=\"vfb-429\" class=\"vfb-desc\">Empresa o Instituci\u00f3n  <span class=\"vfb-required-asterisk\">*<\/span><\/label><span class=\"vfb-span\"><input type=\"text\" name=\"vfb-429\" id=\"vfb-429\" value=\"\" class=\"vfb-text  vfb-medium  required  \" \/><label>Empresa o Instituci\u00f3n<\/label><\/span><\/li><li class=\"vfb-item vfb-item-text  \" id=\"item-vfb-428\"><label for=\"vfb-428\" class=\"vfb-desc\">\u00bfTe interesa contratar nuestros servicios? \u00bfCu\u00e1les?  <span class=\"vfb-required-asterisk\">*<\/span><\/label><span class=\"vfb-span\"><input type=\"text\" name=\"vfb-428\" id=\"vfb-428\" value=\"\" class=\"vfb-text  vfb-large  required  \" \/><label>\u00bfQu\u00e9 servicios requieres?<\/label><\/span><\/li><li class=\"vfb-item vfb-item-select  \" id=\"item-vfb-452\"><label for=\"vfb-452\" class=\"vfb-desc\">\u00bfEstas suscrito a nuestro canal de YouTube?  <span class=\"vfb-required-asterisk\">*<\/span><\/label><span class=\"vfb-span\"><label>Con mas de 100 contenidos sin costo para ti: Webinars, Tips in Bits (capsulas), Entrevistas, Shorts y m\u00e1s. https:\/\/www.youtube.com\/@KeisenConsultores<\/label><\/span><select name=\"vfb-452\" id=\"vfb-452\" class=\"vfb-select  vfb-medium  required \"><option value=\"Si, ya estoy suscrito\">Si, ya estoy suscrito<\/option><option value=\"No, pero me gustar\u00eda suscribirme\">No, pero me gustar\u00eda suscribirme<\/option><option value=\"No, por el momento no me interesa\">No, por el momento no me interesa<\/option><\/select><\/li><\/ul>&nbsp;<\/fieldset><fieldset class=\"vfb-fieldset vfb-fieldset-2 verificacion \" id=\"item-vfb-421\" style=\"display:block\"><div class=\"vfb-legend\"><h3>Verificaci\u00f3n<\/h3><\/div><ul class=\"vfb-section vfb-section-2\"><li class=\"vfb-item vfb-item-secret\"  style=\"display:block\"><label for=\"vfb-422\" class=\"vfb-desc\">Escribe 2 d\u00edgitos <span class=\"vfb-required-asterisk\">*<\/span><\/label><input type=\"hidden\" name=\"_vfb-secret\" value=\"vfb-422\" \/><span class=\"vfb-span\"><input type=\"text\" name=\"vfb-422\" id=\"vfb-422\" value=\"\" class=\"vfb-text  vfb-medium  required {digits:true,maxlength:2,minlength:2} \" style=\"display:block\" \/><label>Ejemplo: 12<\/label><\/span><li style=\"display:none;\"><label>This box is for spam protection - &lt;strong&gt;please leave it blank&lt;\/strong&gt;:<\/label><div><input name=\"vfb-spam\" \/><\/div><\/li>\n\t\t\t<li class=\"vfb-item vfb-item-submit\" id=\"item-vfb-423\">\n\t\t\t\t<input type=\"submit\" name=\"vfb-submit\" id=\"vfb-423\" value=\"Enviar\" class=\"vfb-submit \" \/>\n\t\t\t\t<\/li><\/ul>\n\t\t\t<\/fieldset><input type=\"hidden\" name=\"_wp_http_referer\" value=\"\/aprendizaje\/wp-json\/wp\/v2\/pages\/3850\" \/><\/form><\/div> <!-- .visual-form-builder-container -->\n","protected":false},"excerpt":{"rendered":"<p>Llena el siguiente formulario y accede a documentos para tu desarrollo.<\/p>\n","protected":false},"author":136,"featured_media":0,"parent":0,"menu_order":0,"comment_status":"closed","ping_status":"closed","template":"","meta":{"_et_pb_use_builder":"off","_et_pb_old_content":"","_et_gb_content_width":"","ngg_post_thumbnail":0,"footnotes":""},"class_list":["post-3850","page","type-page","status-publish","hentry"],"yoast_head":"<!-- This site is optimized with the Yoast SEO plugin v27.4 - https:\/\/yoast.com\/product\/yoast-seo-wordpress\/ -->\n<title>Accede a material exclusivo - KEISEN Knowledge<\/title>\n<meta name=\"robots\" content=\"index, follow, max-snippet:-1, max-image-preview:large, max-video-preview:-1\" \/>\n<link rel=\"canonical\" href=\"https:\/\/keisen.com\/aprendizaje\/materiales\/\" \/>\n<meta property=\"og:locale\" content=\"en_US\" \/>\n<meta property=\"og:type\" content=\"article\" \/>\n<meta property=\"og:title\" content=\"Accede a material exclusivo - KEISEN Knowledge\" \/>\n<meta property=\"og:description\" content=\"Llena el siguiente formulario y accede a documentos para tu desarrollo.\" \/>\n<meta property=\"og:url\" content=\"https:\/\/keisen.com\/aprendizaje\/materiales\/\" \/>\n<meta property=\"og:site_name\" content=\"KEISEN Knowledge\" \/>\n<meta property=\"article:publisher\" content=\"https:\/\/www.facebook.com\/KeisenConsultores\/\" \/>\n<meta property=\"article:modified_time\" content=\"2025-07-18T19:19:27+00:00\" \/>\n<meta name=\"twitter:card\" content=\"summary_large_image\" \/>\n<meta name=\"twitter:label1\" content=\"Est. reading time\" \/>\n\t<meta name=\"twitter:data1\" content=\"1 minute\" \/>\n<script type=\"application\/ld+json\" class=\"yoast-schema-graph\">{\"@context\":\"https:\\\/\\\/schema.org\",\"@graph\":[{\"@type\":\"WebPage\",\"@id\":\"https:\\\/\\\/keisen.com\\\/aprendizaje\\\/materiales\\\/\",\"url\":\"https:\\\/\\\/keisen.com\\\/aprendizaje\\\/materiales\\\/\",\"name\":\"Accede a material exclusivo - KEISEN Knowledge\",\"isPartOf\":{\"@id\":\"https:\\\/\\\/keisen.com\\\/aprendizaje\\\/#website\"},\"datePublished\":\"2025-07-18T18:42:54+00:00\",\"dateModified\":\"2025-07-18T19:19:27+00:00\",\"breadcrumb\":{\"@id\":\"https:\\\/\\\/keisen.com\\\/aprendizaje\\\/materiales\\\/#breadcrumb\"},\"inLanguage\":\"en-US\",\"potentialAction\":[{\"@type\":\"ReadAction\",\"target\":[\"https:\\\/\\\/keisen.com\\\/aprendizaje\\\/materiales\\\/\"]}]},{\"@type\":\"BreadcrumbList\",\"@id\":\"https:\\\/\\\/keisen.com\\\/aprendizaje\\\/materiales\\\/#breadcrumb\",\"itemListElement\":[{\"@type\":\"ListItem\",\"position\":1,\"name\":\"Portada\",\"item\":\"https:\\\/\\\/keisen.com\\\/aprendizaje\\\/\"},{\"@type\":\"ListItem\",\"position\":2,\"name\":\"Accede a material exclusivo\"}]},{\"@type\":\"WebSite\",\"@id\":\"https:\\\/\\\/keisen.com\\\/aprendizaje\\\/#website\",\"url\":\"https:\\\/\\\/keisen.com\\\/aprendizaje\\\/\",\"name\":\"KEISEN Knowledge\",\"description\":\"Aprende de los Expertos\",\"potentialAction\":[{\"@type\":\"SearchAction\",\"target\":{\"@type\":\"EntryPoint\",\"urlTemplate\":\"https:\\\/\\\/keisen.com\\\/aprendizaje\\\/?s={search_term_string}\"},\"query-input\":{\"@type\":\"PropertyValueSpecification\",\"valueRequired\":true,\"valueName\":\"search_term_string\"}}],\"inLanguage\":\"en-US\"}]}<\/script>\n<!-- \/ Yoast SEO plugin. -->","yoast_head_json":{"title":"Accede a material exclusivo - KEISEN Knowledge","robots":{"index":"index","follow":"follow","max-snippet":"max-snippet:-1","max-image-preview":"max-image-preview:large","max-video-preview":"max-video-preview:-1"},"canonical":"https:\/\/keisen.com\/aprendizaje\/materiales\/","og_locale":"en_US","og_type":"article","og_title":"Accede a material exclusivo - KEISEN Knowledge","og_description":"Llena el siguiente formulario y accede a documentos para tu desarrollo.","og_url":"https:\/\/keisen.com\/aprendizaje\/materiales\/","og_site_name":"KEISEN Knowledge","article_publisher":"https:\/\/www.facebook.com\/KeisenConsultores\/","article_modified_time":"2025-07-18T19:19:27+00:00","twitter_card":"summary_large_image","twitter_misc":{"Est. reading time":"1 minute"},"schema":{"@context":"https:\/\/schema.org","@graph":[{"@type":"WebPage","@id":"https:\/\/keisen.com\/aprendizaje\/materiales\/","url":"https:\/\/keisen.com\/aprendizaje\/materiales\/","name":"Accede a material exclusivo - KEISEN Knowledge","isPartOf":{"@id":"https:\/\/keisen.com\/aprendizaje\/#website"},"datePublished":"2025-07-18T18:42:54+00:00","dateModified":"2025-07-18T19:19:27+00:00","breadcrumb":{"@id":"https:\/\/keisen.com\/aprendizaje\/materiales\/#breadcrumb"},"inLanguage":"en-US","potentialAction":[{"@type":"ReadAction","target":["https:\/\/keisen.com\/aprendizaje\/materiales\/"]}]},{"@type":"BreadcrumbList","@id":"https:\/\/keisen.com\/aprendizaje\/materiales\/#breadcrumb","itemListElement":[{"@type":"ListItem","position":1,"name":"Portada","item":"https:\/\/keisen.com\/aprendizaje\/"},{"@type":"ListItem","position":2,"name":"Accede a material exclusivo"}]},{"@type":"WebSite","@id":"https:\/\/keisen.com\/aprendizaje\/#website","url":"https:\/\/keisen.com\/aprendizaje\/","name":"KEISEN Knowledge","description":"Aprende de los Expertos","potentialAction":[{"@type":"SearchAction","target":{"@type":"EntryPoint","urlTemplate":"https:\/\/keisen.com\/aprendizaje\/?s={search_term_string}"},"query-input":{"@type":"PropertyValueSpecification","valueRequired":true,"valueName":"search_term_string"}}],"inLanguage":"en-US"}]}},"_links":{"self":[{"href":"https:\/\/keisen.com\/aprendizaje\/wp-json\/wp\/v2\/pages\/3850","targetHints":{"allow":["GET"]}}],"collection":[{"href":"https:\/\/keisen.com\/aprendizaje\/wp-json\/wp\/v2\/pages"}],"about":[{"href":"https:\/\/keisen.com\/aprendizaje\/wp-json\/wp\/v2\/types\/page"}],"author":[{"embeddable":true,"href":"https:\/\/keisen.com\/aprendizaje\/wp-json\/wp\/v2\/users\/136"}],"replies":[{"embeddable":true,"href":"https:\/\/keisen.com\/aprendizaje\/wp-json\/wp\/v2\/comments?post=3850"}],"version-history":[{"count":2,"href":"https:\/\/keisen.com\/aprendizaje\/wp-json\/wp\/v2\/pages\/3850\/revisions"}],"predecessor-version":[{"id":3859,"href":"https:\/\/keisen.com\/aprendizaje\/wp-json\/wp\/v2\/pages\/3850\/revisions\/3859"}],"wp:attachment":[{"href":"https:\/\/keisen.com\/aprendizaje\/wp-json\/wp\/v2\/media?parent=3850"}],"curies":[{"name":"wp","href":"https:\/\/api.w.org\/{rel}","templated":true}]}}