{"id":3739,"date":"2024-02-27T13:26:49","date_gmt":"2024-02-27T19:26:49","guid":{"rendered":"https:\/\/keisen.com\/aprendizaje\/?page_id=3739"},"modified":"2024-10-21T13:49:02","modified_gmt":"2024-10-21T19:49:02","slug":"webinar-semanal","status":"publish","type":"page","link":"https:\/\/keisen.com\/aprendizaje\/webinar-semanal\/","title":{"rendered":"Webinar de la Semana"},"content":{"rendered":"<p>[et_pb_section fb_built=&#8221;1&#8243; _builder_version=&#8221;4.24.0&#8243; _module_preset=&#8221;default&#8221; global_colors_info=&#8221;{}&#8221;][et_pb_row column_structure=&#8221;1_2,1_2&#8243; _builder_version=&#8221;4.27.0&#8243; _module_preset=&#8221;default&#8221; global_colors_info=&#8221;{}&#8221;][et_pb_column type=&#8221;1_2&#8243; _builder_version=&#8221;4.24.0&#8243; _module_preset=&#8221;default&#8221; global_colors_info=&#8221;{}&#8221;][et_pb_image src=&#8221;https:\/\/keisen.com\/aprendizaje\/wp-content\/uploads\/2024\/10\/BANNERS-KEISEN-20.png&#8221; title_text=&#8221;BANNERS KEISEN (20)&#8221; _builder_version=&#8221;4.27.0&#8243; _module_preset=&#8221;default&#8221; global_colors_info=&#8221;{}&#8221;][\/et_pb_image][et_pb_cta title=&#8221;S\u00famanos a tu \u00e9xito&#8221; button_text=&#8221;Click Here&#8221; _builder_version=&#8221;4.27.0&#8243; _module_preset=&#8221;default&#8221; custom_padding=&#8221;||8px|||&#8221; global_colors_info=&#8221;{}&#8221;]<\/p>\n<p><span class=\"OYPEnA text-decoration-none text-strikethrough-none\"><\/span><\/p>\n<p><span class=\"OYPEnA text-decoration-none text-strikethrough-none\">Somos referentes en materia de Calidad y Sistemas de Mejora Continua, Planeaci\u00f3n Estrat\u00e9gica Participativa, Medici\u00f3n y Desarrollo del Liderazgo Efectivo de Personas, Equipos y Culturas Organizacionales P\u00fablicas, Privadas y Sociales<\/span><\/p>\n<p><span class=\"OYPEnA text-decoration-none text-strikethrough-none\">https:\/\/linktr.ee\/KeisenConsultores<\/span><\/p>\n<p><span class=\"OYPEnA text-decoration-none text-strikethrough-none\"><\/span><\/p>\n<p>[\/et_pb_cta][\/et_pb_column][et_pb_column type=&#8221;1_2&#8243; _builder_version=&#8221;4.24.0&#8243; _module_preset=&#8221;default&#8221; global_colors_info=&#8221;{}&#8221;][et_pb_text _builder_version=&#8221;4.27.0&#8243; _module_preset=&#8221;default&#8221; global_colors_info=&#8221;{}&#8221;]<\/p>\n<h2 style=\"text-align: center;\"><strong>EVENTO DE LA SEMANA<\/strong><\/h2>\n<p>[\/et_pb_text][et_pb_text _builder_version=&#8221;4.27.0&#8243; _module_preset=&#8221;default&#8221; global_colors_info=&#8221;{}&#8221;][\/et_pb_text][et_pb_code _builder_version=&#8221;4.27.0&#8243; _module_preset=&#8221;default&#8221; global_colors_info=&#8221;{}&#8221;][\/et_pb_code][et_pb_code _builder_version=&#8221;4.27.0&#8243; _module_preset=&#8221;default&#8221; global_colors_info=&#8221;{}&#8221;][\/et_pb_code][et_pb_code _builder_version=&#8221;4.27.0&#8243; _module_preset=&#8221;default&#8221; global_colors_info=&#8221;{}&#8221;]<div id=\"vfb-form-32\" class=\"visual-form-builder-container\"><form id=\"eventos-keisen-32\" class=\"visual-form-builder vfb-form-32 \" method=\"post\" enctype=\"multipart\/form-data\">\n\t  \t<input type=\"hidden\" name=\"form_id\" value=\"32\" \/><fieldset class=\"vfb-fieldset vfb-fieldset-1 eventos-keisen \" id=\"item-vfb-458\"><div class=\"vfb-legend\"><h3>Eventos KEISEN<\/h3><\/div><ul class=\"vfb-section vfb-section-1\"><li class=\"vfb-item vfb-item-text  \" id=\"item-vfb-463\"><label for=\"vfb-463\" class=\"vfb-desc\">Nombre completo  <span class=\"vfb-required-asterisk\">*<\/span><\/label><span class=\"vfb-span\"><input type=\"text\" name=\"vfb-463\" id=\"vfb-463\" value=\"\" class=\"vfb-text  vfb-medium  required  \" \/><label>Nombre<\/label><\/span><\/li><li class=\"vfb-item vfb-item-text  \" id=\"item-vfb-460\"><label for=\"vfb-460\" class=\"vfb-desc\">Apellido  <span class=\"vfb-required-asterisk\">*<\/span><\/label><span class=\"vfb-span\"><input type=\"text\" name=\"vfb-460\" id=\"vfb-460\" value=\"\" class=\"vfb-text  vfb-medium  required  \" \/><label>Apellido<\/label><\/span><\/li><li class=\"vfb-item vfb-item-email  \" id=\"item-vfb-455\"><label for=\"vfb-455\" class=\"vfb-desc\">Email institucional o personal  <span class=\"vfb-required-asterisk\">*<\/span><\/label><span class=\"vfb-span\"><input type=\"email\" name=\"vfb-455\" id=\"vfb-455\" value=\"\" class=\"vfb-text  vfb-medium  required  email \" \/><label>Email<\/label><\/span><\/li><li class=\"vfb-item vfb-item-phone  \" id=\"item-vfb-456\"><label for=\"vfb-456\" class=\"vfb-desc\">Tel\u00e9fono (+pais - C\u00f3digo ciudad - Tel\u00e9fono) <\/label><span class=\"vfb-span\"><input type=\"tel\" name=\"vfb-456\" id=\"vfb-456\" value=\"\" class=\"vfb-text  vfb-medium   phone \" \/><label>Tel\u00e9fono<\/label><\/span><\/li><li class=\"vfb-item vfb-item-text  \" id=\"item-vfb-465\"><label for=\"vfb-465\" class=\"vfb-desc\">Empresa o Instituci\u00f3n  <span class=\"vfb-required-asterisk\">*<\/span><\/label><span class=\"vfb-span\"><input type=\"text\" name=\"vfb-465\" id=\"vfb-465\" value=\"\" class=\"vfb-text  vfb-medium  required  \" \/><label>Empresa o Instituci\u00f3n<\/label><\/span><\/li><li class=\"vfb-item vfb-item-text  \" id=\"item-vfb-464\"><label for=\"vfb-464\" class=\"vfb-desc\">\u00bfPor qu\u00e9 te interes\u00f3 este tema?  <span class=\"vfb-required-asterisk\">*<\/span><\/label><input type=\"text\" name=\"vfb-464\" id=\"vfb-464\" value=\"\" class=\"vfb-text  vfb-large  required  \" \/><\/li><li class=\"vfb-item vfb-item-select  \" id=\"item-vfb-462\"><label for=\"vfb-462\" class=\"vfb-desc\">\u00bfEst\u00e1s suscrito a nuestro canal de YouTube?  <span class=\"vfb-required-asterisk\">*<\/span><\/label><span class=\"vfb-span\"><label>Con m\u00e1s de 100 contenidos sin costo para ti: Webinars, Tips in Bits, Capsulas de conocimiento, Entrevistas, Shorts y m\u00e1s. https:\/\/www.youtube.com\/@KeisenConsultores<\/label><\/span><select name=\"vfb-462\" id=\"vfb-462\" class=\"vfb-select  vfb-medium  required \"><option value=\"Si, ya estoy suscrito\">Si, ya estoy suscrito<\/option><option value=\"No, pero me gustaria suscribirme\">No, pero me gustaria suscribirme<\/option><option value=\"No, por el momento no me interesa\">No, por el momento no me interesa<\/option><\/select><\/li><\/ul>&nbsp;<\/fieldset><fieldset class=\"vfb-fieldset vfb-fieldset-2 verificacion \" id=\"item-vfb-459\" style=\"display:block\"><div class=\"vfb-legend\"><h3>Verificaci\u00f3n<\/h3><\/div><ul class=\"vfb-section vfb-section-2\"><li class=\"vfb-item vfb-item-secret\"  style=\"display:block\"><label for=\"vfb-461\" class=\"vfb-desc\">Escribe 2 d\u00edgitos <span class=\"vfb-required-asterisk\">*<\/span><\/label><input type=\"hidden\" name=\"_vfb-secret\" value=\"vfb-461\" \/><span class=\"vfb-span\"><input type=\"text\" name=\"vfb-461\" id=\"vfb-461\" value=\"\" class=\"vfb-text  vfb-medium  required {digits:true,maxlength:2,minlength:2} \" style=\"display:block\" \/><label>Ejemplo: 12<\/label><\/span><li style=\"display:none;\"><label>This box is for spam protection - &lt;strong&gt;please leave it blank&lt;\/strong&gt;:<\/label><div><input name=\"vfb-spam\" \/><\/div><\/li>\n\t\t\t<li class=\"vfb-item vfb-item-submit\" id=\"item-vfb-457\">\n\t\t\t\t<input type=\"submit\" name=\"vfb-submit\" id=\"vfb-457\" value=\"Enviar\" class=\"vfb-submit \" \/>\n\t\t\t\t<\/li><\/ul>\n\t\t\t<\/fieldset><input type=\"hidden\" name=\"_wp_http_referer\" value=\"\/aprendizaje\/wp-json\/wp\/v2\/pages\/3739\" \/><\/form><\/div> <!-- .visual-form-builder-container -->[\/et_pb_code][et_pb_code _builder_version=&#8221;4.27.0&#8243; _module_preset=&#8221;default&#8221; global_colors_info=&#8221;{}&#8221;][\/et_pb_code][\/et_pb_column][\/et_pb_row][\/et_pb_section]<\/p>\n","protected":false},"excerpt":{"rendered":"<p>Somos referentes en materia de Calidad y Sistemas de Mejora Continua, Planeaci\u00f3n Estrat\u00e9gica Participativa, Medici\u00f3n y Desarrollo del Liderazgo Efectivo de Personas, Equipos y Culturas Organizacionales P\u00fablicas, Privadas y Sociales https:\/\/linktr.ee\/KeisenConsultores EVENTO DE LA SEMANA<div id=\"vfb-form-32\" class=\"visual-form-builder-container\"><form id=\"eventos-keisen-32\" class=\"visual-form-builder vfb-form-32 \" method=\"post\" enctype=\"multipart\/form-data\">\n\t  \t<input type=\"hidden\" name=\"form_id\" value=\"32\" \/><fieldset class=\"vfb-fieldset vfb-fieldset-1 eventos-keisen \" id=\"item-vfb-458\"><div class=\"vfb-legend\"><h3>Eventos KEISEN<\/h3><\/div><ul class=\"vfb-section vfb-section-1\"><li class=\"vfb-item vfb-item-text  \" id=\"item-vfb-463\"><label for=\"vfb-463\" class=\"vfb-desc\">Nombre completo  <span class=\"vfb-required-asterisk\">*<\/span><\/label><span class=\"vfb-span\"><input type=\"text\" name=\"vfb-463\" id=\"vfb-463\" value=\"\" class=\"vfb-text  vfb-medium  required  \" \/><label>Nombre<\/label><\/span><\/li><li class=\"vfb-item vfb-item-text  \" id=\"item-vfb-460\"><label for=\"vfb-460\" class=\"vfb-desc\">Apellido  <span class=\"vfb-required-asterisk\">*<\/span><\/label><span class=\"vfb-span\"><input type=\"text\" name=\"vfb-460\" id=\"vfb-460\" value=\"\" class=\"vfb-text  vfb-medium  required  \" \/><label>Apellido<\/label><\/span><\/li><li class=\"vfb-item vfb-item-email  \" id=\"item-vfb-455\"><label for=\"vfb-455\" class=\"vfb-desc\">Email institucional o personal  <span class=\"vfb-required-asterisk\">*<\/span><\/label><span class=\"vfb-span\"><input type=\"email\" name=\"vfb-455\" id=\"vfb-455\" value=\"\" class=\"vfb-text  vfb-medium  required  email \" \/><label>Email<\/label><\/span><\/li><li class=\"vfb-item vfb-item-phone  \" id=\"item-vfb-456\"><label for=\"vfb-456\" class=\"vfb-desc\">Tel\u00e9fono (+pais - C\u00f3digo ciudad - Tel\u00e9fono) <\/label><span class=\"vfb-span\"><input type=\"tel\" name=\"vfb-456\" id=\"vfb-456\" value=\"\" class=\"vfb-text  vfb-medium   phone \" \/><label>Tel\u00e9fono<\/label><\/span><\/li><li class=\"vfb-item vfb-item-text  \" id=\"item-vfb-465\"><label for=\"vfb-465\" class=\"vfb-desc\">Empresa o Instituci\u00f3n  <span class=\"vfb-required-asterisk\">*<\/span><\/label><span class=\"vfb-span\"><input type=\"text\" name=\"vfb-465\" id=\"vfb-465\" value=\"\" class=\"vfb-text  vfb-medium  required  \" \/><label>Empresa o Instituci\u00f3n<\/label><\/span><\/li><li class=\"vfb-item vfb-item-text  \" id=\"item-vfb-464\"><label for=\"vfb-464\" class=\"vfb-desc\">\u00bfPor qu\u00e9 te interes\u00f3 este tema?  <span class=\"vfb-required-asterisk\">*<\/span><\/label><input type=\"text\" name=\"vfb-464\" id=\"vfb-464\" value=\"\" class=\"vfb-text  vfb-large  required  \" \/><\/li><li class=\"vfb-item vfb-item-select  \" id=\"item-vfb-462\"><label for=\"vfb-462\" class=\"vfb-desc\">\u00bfEst\u00e1s suscrito a nuestro canal de YouTube?  <span class=\"vfb-required-asterisk\">*<\/span><\/label><span class=\"vfb-span\"><label>Con m\u00e1s de 100 contenidos sin costo para ti: Webinars, Tips in Bits, Capsulas de conocimiento, Entrevistas, Shorts y m\u00e1s. https:\/\/www.youtube.com\/@KeisenConsultores<\/label><\/span><select name=\"vfb-462\" id=\"vfb-462\" class=\"vfb-select  vfb-medium  required \"><option value=\"Si, ya estoy suscrito\">Si, ya estoy suscrito<\/option><option value=\"No, pero me gustaria suscribirme\">No, pero me gustaria suscribirme<\/option><option value=\"No, por el momento no me interesa\">No, por el momento no me interesa<\/option><\/select><\/li><\/ul>&nbsp;<\/fieldset><fieldset class=\"vfb-fieldset vfb-fieldset-2 verificacion \" id=\"item-vfb-459\" style=\"display:block\"><div class=\"vfb-legend\"><h3>Verificaci\u00f3n<\/h3><\/div><ul class=\"vfb-section vfb-section-2\"><li class=\"vfb-item vfb-item-secret\"  style=\"display:block\"><label for=\"vfb-461\" class=\"vfb-desc\">Escribe 2 d\u00edgitos <span class=\"vfb-required-asterisk\">*<\/span><\/label><input type=\"hidden\" name=\"_vfb-secret\" value=\"vfb-461\" \/><span class=\"vfb-span\"><input type=\"text\" name=\"vfb-461\" id=\"vfb-461\" value=\"\" class=\"vfb-text  vfb-medium  required {digits:true,maxlength:2,minlength:2} \" style=\"display:block\" \/><label>Ejemplo: 12<\/label><\/span><li style=\"display:none;\"><label>This box is for spam protection - &lt;strong&gt;please leave it blank&lt;\/strong&gt;:<\/label><div><input name=\"vfb-spam\" \/><\/div><\/li>\n\t\t\t<li class=\"vfb-item vfb-item-submit\" id=\"item-vfb-457\">\n\t\t\t\t<input type=\"submit\" name=\"vfb-submit\" id=\"vfb-457\" value=\"Enviar\" class=\"vfb-submit \" \/>\n\t\t\t\t<\/li><\/ul>\n\t\t\t<\/fieldset><input type=\"hidden\" name=\"_wp_http_referer\" value=\"\/aprendizaje\/wp-json\/wp\/v2\/pages\/3739\" \/><\/form><\/div> <!-- .visual-form-builder-container --><\/p>\n","protected":false},"author":65,"featured_media":0,"parent":0,"menu_order":0,"comment_status":"closed","ping_status":"closed","template":"","meta":{"_et_pb_use_builder":"on","_et_pb_old_content":"","_et_gb_content_width":"","ngg_post_thumbnail":0,"footnotes":""},"class_list":["post-3739","page","type-page","status-publish","hentry"],"yoast_head":"<!-- This site is optimized with the Yoast SEO plugin v27.4 - https:\/\/yoast.com\/product\/yoast-seo-wordpress\/ -->\n<title>Webinar de la Semana - KEISEN Knowledge<\/title>\n<meta name=\"robots\" content=\"index, follow, max-snippet:-1, max-image-preview:large, max-video-preview:-1\" \/>\n<link rel=\"canonical\" href=\"https:\/\/keisen.com\/aprendizaje\/webinar-semanal\/\" \/>\n<meta property=\"og:locale\" content=\"en_US\" \/>\n<meta property=\"og:type\" content=\"article\" \/>\n<meta property=\"og:title\" content=\"Webinar de la Semana - KEISEN Knowledge\" \/>\n<meta property=\"og:description\" content=\"Somos referentes en materia de Calidad y Sistemas de Mejora Continua, Planeaci\u00f3n Estrat\u00e9gica Participativa, Medici\u00f3n y Desarrollo del Liderazgo Efectivo de Personas, Equipos y Culturas Organizacionales P\u00fablicas, Privadas y Sociales https:\/\/linktr.ee\/KeisenConsultores EVENTO DE LA SEMANA\" \/>\n<meta property=\"og:url\" content=\"https:\/\/keisen.com\/aprendizaje\/webinar-semanal\/\" \/>\n<meta property=\"og:site_name\" content=\"KEISEN Knowledge\" \/>\n<meta property=\"article:publisher\" content=\"https:\/\/www.facebook.com\/KeisenConsultores\/\" \/>\n<meta property=\"article:modified_time\" content=\"2024-10-21T19:49:02+00:00\" \/>\n<meta name=\"twitter:card\" content=\"summary_large_image\" \/>\n<meta name=\"twitter:label1\" content=\"Est. reading time\" \/>\n\t<meta name=\"twitter:data1\" content=\"2 minutes\" \/>\n<script type=\"application\/ld+json\" class=\"yoast-schema-graph\">{\"@context\":\"https:\\\/\\\/schema.org\",\"@graph\":[{\"@type\":\"WebPage\",\"@id\":\"https:\\\/\\\/keisen.com\\\/aprendizaje\\\/webinar-semanal\\\/\",\"url\":\"https:\\\/\\\/keisen.com\\\/aprendizaje\\\/webinar-semanal\\\/\",\"name\":\"Webinar de la Semana - KEISEN Knowledge\",\"isPartOf\":{\"@id\":\"https:\\\/\\\/keisen.com\\\/aprendizaje\\\/#website\"},\"datePublished\":\"2024-02-27T19:26:49+00:00\",\"dateModified\":\"2024-10-21T19:49:02+00:00\",\"breadcrumb\":{\"@id\":\"https:\\\/\\\/keisen.com\\\/aprendizaje\\\/webinar-semanal\\\/#breadcrumb\"},\"inLanguage\":\"en-US\",\"potentialAction\":[{\"@type\":\"ReadAction\",\"target\":[\"https:\\\/\\\/keisen.com\\\/aprendizaje\\\/webinar-semanal\\\/\"]}]},{\"@type\":\"BreadcrumbList\",\"@id\":\"https:\\\/\\\/keisen.com\\\/aprendizaje\\\/webinar-semanal\\\/#breadcrumb\",\"itemListElement\":[{\"@type\":\"ListItem\",\"position\":1,\"name\":\"Portada\",\"item\":\"https:\\\/\\\/keisen.com\\\/aprendizaje\\\/\"},{\"@type\":\"ListItem\",\"position\":2,\"name\":\"Webinar de la Semana\"}]},{\"@type\":\"WebSite\",\"@id\":\"https:\\\/\\\/keisen.com\\\/aprendizaje\\\/#website\",\"url\":\"https:\\\/\\\/keisen.com\\\/aprendizaje\\\/\",\"name\":\"KEISEN Knowledge\",\"description\":\"Aprende de los Expertos\",\"potentialAction\":[{\"@type\":\"SearchAction\",\"target\":{\"@type\":\"EntryPoint\",\"urlTemplate\":\"https:\\\/\\\/keisen.com\\\/aprendizaje\\\/?s={search_term_string}\"},\"query-input\":{\"@type\":\"PropertyValueSpecification\",\"valueRequired\":true,\"valueName\":\"search_term_string\"}}],\"inLanguage\":\"en-US\"}]}<\/script>\n<!-- \/ Yoast SEO plugin. -->","yoast_head_json":{"title":"Webinar de la Semana - KEISEN Knowledge","robots":{"index":"index","follow":"follow","max-snippet":"max-snippet:-1","max-image-preview":"max-image-preview:large","max-video-preview":"max-video-preview:-1"},"canonical":"https:\/\/keisen.com\/aprendizaje\/webinar-semanal\/","og_locale":"en_US","og_type":"article","og_title":"Webinar de la Semana - KEISEN Knowledge","og_description":"Somos referentes en materia de Calidad y Sistemas de Mejora Continua, Planeaci\u00f3n Estrat\u00e9gica Participativa, Medici\u00f3n y Desarrollo del Liderazgo Efectivo de Personas, Equipos y Culturas Organizacionales P\u00fablicas, Privadas y Sociales https:\/\/linktr.ee\/KeisenConsultores EVENTO DE LA SEMANA","og_url":"https:\/\/keisen.com\/aprendizaje\/webinar-semanal\/","og_site_name":"KEISEN Knowledge","article_publisher":"https:\/\/www.facebook.com\/KeisenConsultores\/","article_modified_time":"2024-10-21T19:49:02+00:00","twitter_card":"summary_large_image","twitter_misc":{"Est. reading time":"2 minutes"},"schema":{"@context":"https:\/\/schema.org","@graph":[{"@type":"WebPage","@id":"https:\/\/keisen.com\/aprendizaje\/webinar-semanal\/","url":"https:\/\/keisen.com\/aprendizaje\/webinar-semanal\/","name":"Webinar de la Semana - KEISEN Knowledge","isPartOf":{"@id":"https:\/\/keisen.com\/aprendizaje\/#website"},"datePublished":"2024-02-27T19:26:49+00:00","dateModified":"2024-10-21T19:49:02+00:00","breadcrumb":{"@id":"https:\/\/keisen.com\/aprendizaje\/webinar-semanal\/#breadcrumb"},"inLanguage":"en-US","potentialAction":[{"@type":"ReadAction","target":["https:\/\/keisen.com\/aprendizaje\/webinar-semanal\/"]}]},{"@type":"BreadcrumbList","@id":"https:\/\/keisen.com\/aprendizaje\/webinar-semanal\/#breadcrumb","itemListElement":[{"@type":"ListItem","position":1,"name":"Portada","item":"https:\/\/keisen.com\/aprendizaje\/"},{"@type":"ListItem","position":2,"name":"Webinar de la Semana"}]},{"@type":"WebSite","@id":"https:\/\/keisen.com\/aprendizaje\/#website","url":"https:\/\/keisen.com\/aprendizaje\/","name":"KEISEN Knowledge","description":"Aprende de los Expertos","potentialAction":[{"@type":"SearchAction","target":{"@type":"EntryPoint","urlTemplate":"https:\/\/keisen.com\/aprendizaje\/?s={search_term_string}"},"query-input":{"@type":"PropertyValueSpecification","valueRequired":true,"valueName":"search_term_string"}}],"inLanguage":"en-US"}]}},"_links":{"self":[{"href":"https:\/\/keisen.com\/aprendizaje\/wp-json\/wp\/v2\/pages\/3739","targetHints":{"allow":["GET"]}}],"collection":[{"href":"https:\/\/keisen.com\/aprendizaje\/wp-json\/wp\/v2\/pages"}],"about":[{"href":"https:\/\/keisen.com\/aprendizaje\/wp-json\/wp\/v2\/types\/page"}],"author":[{"embeddable":true,"href":"https:\/\/keisen.com\/aprendizaje\/wp-json\/wp\/v2\/users\/65"}],"replies":[{"embeddable":true,"href":"https:\/\/keisen.com\/aprendizaje\/wp-json\/wp\/v2\/comments?post=3739"}],"version-history":[{"count":12,"href":"https:\/\/keisen.com\/aprendizaje\/wp-json\/wp\/v2\/pages\/3739\/revisions"}],"predecessor-version":[{"id":3772,"href":"https:\/\/keisen.com\/aprendizaje\/wp-json\/wp\/v2\/pages\/3739\/revisions\/3772"}],"wp:attachment":[{"href":"https:\/\/keisen.com\/aprendizaje\/wp-json\/wp\/v2\/media?parent=3739"}],"curies":[{"name":"wp","href":"https:\/\/api.w.org\/{rel}","templated":true}]}}