{"id":2456,"date":"2021-03-18T08:00:27","date_gmt":"2021-03-18T14:00:27","guid":{"rendered":"https:\/\/keisen.com\/aprendizaje\/?page_id=2456"},"modified":"2024-04-10T09:49:20","modified_gmt":"2024-04-10T15:49:20","slug":"recursos-sin-costo-registro","status":"publish","type":"page","link":"https:\/\/keisen.com\/aprendizaje\/recursos-sin-costo-registro\/","title":{"rendered":"Valor Agregado: Recursos Sin Costo KEISEN Consultores (formulario)"},"content":{"rendered":"<p>[et_pb_section fb_built=&#8221;1&#8243; admin_label=&#8221;Header&#8221; _builder_version=&#8221;4.21.0&#8243; _module_preset=&#8221;default&#8221; background_color=&#8221;#7c7c7c&#8221; use_background_color_gradient=&#8221;on&#8221; background_color_gradient_direction=&#8221;274deg&#8221; background_color_gradient_stops=&#8221;#2b87da 46%|rgba(42, 181, 181, 1) 75%|#29c4a9 100%&#8221; background_image=&#8221;https:\/\/keisen.com\/aprendizaje\/wp-content\/uploads\/2023\/07\/wallpaper-min.png&#8221; global_colors_info=&#8221;{}&#8221;][et_pb_row column_structure=&#8221;1_2,1_2&#8243; _builder_version=&#8221;4.22.2&#8243; _module_preset=&#8221;default&#8221; background_enable_image=&#8221;off&#8221; custom_padding=&#8221;29px||0px||false|false&#8221; global_colors_info=&#8221;{}&#8221;][et_pb_column type=&#8221;1_2&#8243; _builder_version=&#8221;4.16&#8243; _module_preset=&#8221;default&#8221; z_index=&#8221;10&#8243; custom_padding=&#8221;100px||30px||false|false&#8221; custom_padding_tablet=&#8221;0px||30px||false|false&#8221; custom_padding_phone=&#8221;||20px||false|false&#8221; custom_padding_last_edited=&#8221;on|phone&#8221; global_colors_info=&#8221;{}&#8221;][et_pb_text _builder_version=&#8221;4.22.2&#8243; _module_preset=&#8221;default&#8221; global_colors_info=&#8221;{}&#8221;]<\/p>\n<p><span style=\"color: #edf000; font-size: xx-large;\"><strong>BIENVENIDO<\/strong><\/span><\/p>\n<p>[\/et_pb_text][et_pb_text _builder_version=&#8221;4.22.2&#8243; _module_preset=&#8221;default&#8221; width=&#8221;100%&#8221; global_colors_info=&#8221;{}&#8221;]<\/p>\n<p><span style=\"color: #ffffff; font-size: x-large;\"><strong><\/strong><\/span><\/p>\n<p><span style=\"color: #ffffff; font-size: x-large;\"><strong>Descarga todo el contenido que tenemos para ti.<\/strong><\/span><\/p>\n<p><span style=\"color: #ffffff; font-size: x-large;\"><strong> Encontrar\u00e1s art\u00edculos, Libros, y diversos materiales.<\/strong><\/span><\/p>\n<p><span style=\"color: #ffffff; font-size: x-large;\"><strong>S\u00edguenos en nuestras redes y sus comunidades.<\/strong><\/span><\/p>\n<p><span style=\"color: #edf000; font-size: x-large;\"><strong>Suscribete a nuestro canal de YouTube.\u00a0<\/strong><\/span><\/p>\n<p>[\/et_pb_text][et_pb_button button_url=&#8221;https:\/\/www.youtube.com\/c\/KeisenConsultores&#8221; url_new_window=&#8221;on&#8221; button_text=&#8221;Visita Nuestro Canal de  YouTube&#8221; button_alignment=&#8221;center&#8221; _builder_version=&#8221;4.21.0&#8243; _module_preset=&#8221;default&#8221; custom_button=&#8221;on&#8221; button_text_color=&#8221;#FFFFFF&#8221; button_bg_color=&#8221;#E02B20&#8243; background_layout=&#8221;dark&#8221; global_colors_info=&#8221;{}&#8221;][\/et_pb_button][et_pb_button button_url=&#8221;https:\/\/linktr.ee\/KeisenConsultores&#8221; button_text=&#8221;LinkTree de Keisen Consultores&#8221; button_alignment=&#8221;center&#8221; _builder_version=&#8221;4.24.3&#8243; _module_preset=&#8221;default&#8221; custom_button=&#8221;on&#8221; button_text_color=&#8221;#FFFFFF&#8221; button_bg_color=&#8221;#0C71C3&#8243; background_layout=&#8221;dark&#8221; hover_enabled=&#8221;0&#8243; global_colors_info=&#8221;{}&#8221; sticky_enabled=&#8221;0&#8243;][\/et_pb_button][\/et_pb_column][et_pb_column type=&#8221;1_2&#8243; _builder_version=&#8221;4.16&#8243; _module_preset=&#8221;default&#8221; background_enable_image=&#8221;off&#8221; global_colors_info=&#8221;{}&#8221;][et_pb_code _builder_version=&#8221;4.22.2&#8243; _module_preset=&#8221;default&#8221; global_colors_info=&#8221;{}&#8221;]<div id=\"vfb-form-29\" class=\"visual-form-builder-container\"><form id=\"recursos-sin-costo-29\" class=\"visual-form-builder vfb-form-29 \" method=\"post\" enctype=\"multipart\/form-data\">\n\t  \t<input type=\"hidden\" name=\"form_id\" value=\"29\" \/><fieldset class=\"vfb-fieldset vfb-fieldset-1 accede-a-los-regalos-e-informacion \" id=\"item-vfb-420\"><div class=\"vfb-legend\"><h3>Accede a los regalos e informaci\u00f3n<\/h3><\/div><ul class=\"vfb-section vfb-section-1\"><li class=\"vfb-item vfb-item-text  \" id=\"item-vfb-424\"><label for=\"vfb-424\" class=\"vfb-desc\">Nombre Completo  <span class=\"vfb-required-asterisk\">*<\/span><\/label><span class=\"vfb-span\"><input type=\"text\" name=\"vfb-424\" id=\"vfb-424\" value=\"\" class=\"vfb-text  vfb-medium  required  \" \/><label>Nombre<\/label><\/span><\/li><li class=\"vfb-item vfb-item-text  \" id=\"item-vfb-425\"><label for=\"vfb-425\" class=\"vfb-desc\">Apellido  <span class=\"vfb-required-asterisk\">*<\/span><\/label><span class=\"vfb-span\"><input type=\"text\" name=\"vfb-425\" id=\"vfb-425\" value=\"\" class=\"vfb-text  vfb-medium  required  \" \/><label>Apellido<\/label><\/span><\/li><li class=\"vfb-item vfb-item-email  \" id=\"item-vfb-426\"><label for=\"vfb-426\" class=\"vfb-desc\">Email institucional o personal  <span class=\"vfb-required-asterisk\">*<\/span><\/label><span class=\"vfb-span\"><input type=\"email\" name=\"vfb-426\" id=\"vfb-426\" value=\"\" class=\"vfb-text  vfb-medium  required  email \" \/><label>Email<\/label><\/span><\/li><li class=\"vfb-item vfb-item-phone  \" id=\"item-vfb-427\"><label for=\"vfb-427\" class=\"vfb-desc\">Tel\u00e9fono (+c\u00f3digo pais - codigo ciudad-Tel\u00e9fono) <\/label><span class=\"vfb-span\"><input type=\"tel\" name=\"vfb-427\" id=\"vfb-427\" value=\"\" class=\"vfb-text  vfb-medium   phone \" \/><label>Tel\u00e9fono<\/label><\/span><\/li><li class=\"vfb-item vfb-item-text  \" id=\"item-vfb-429\"><label for=\"vfb-429\" class=\"vfb-desc\">Empresa o Instituci\u00f3n  <span class=\"vfb-required-asterisk\">*<\/span><\/label><span class=\"vfb-span\"><input type=\"text\" name=\"vfb-429\" id=\"vfb-429\" value=\"\" class=\"vfb-text  vfb-medium  required  \" \/><label>Empresa o Instituci\u00f3n<\/label><\/span><\/li><li class=\"vfb-item vfb-item-text  \" id=\"item-vfb-428\"><label for=\"vfb-428\" class=\"vfb-desc\">\u00bfTe interesa contratar nuestros servicios? \u00bfCu\u00e1les?  <span class=\"vfb-required-asterisk\">*<\/span><\/label><span class=\"vfb-span\"><input type=\"text\" name=\"vfb-428\" id=\"vfb-428\" value=\"\" class=\"vfb-text  vfb-large  required  \" \/><label>\u00bfQu\u00e9 servicios requieres?<\/label><\/span><\/li><li class=\"vfb-item vfb-item-select  \" id=\"item-vfb-452\"><label for=\"vfb-452\" class=\"vfb-desc\">\u00bfEstas suscrito a nuestro canal de YouTube?  <span class=\"vfb-required-asterisk\">*<\/span><\/label><span class=\"vfb-span\"><label>Con mas de 100 contenidos sin costo para ti: Webinars, Tips in Bits (capsulas), Entrevistas, Shorts y m\u00e1s. https:\/\/www.youtube.com\/@KeisenConsultores<\/label><\/span><select name=\"vfb-452\" id=\"vfb-452\" class=\"vfb-select  vfb-medium  required \"><option value=\"Si, ya estoy suscrito\">Si, ya estoy suscrito<\/option><option value=\"No, pero me gustar\u00eda suscribirme\">No, pero me gustar\u00eda suscribirme<\/option><option value=\"No, por el momento no me interesa\">No, por el momento no me interesa<\/option><\/select><\/li><\/ul>&nbsp;<\/fieldset><fieldset class=\"vfb-fieldset vfb-fieldset-2 verificacion \" id=\"item-vfb-421\" style=\"display:block\"><div class=\"vfb-legend\"><h3>Verificaci\u00f3n<\/h3><\/div><ul class=\"vfb-section vfb-section-2\"><li class=\"vfb-item vfb-item-secret\"  style=\"display:block\"><label for=\"vfb-422\" class=\"vfb-desc\">Escribe 2 d\u00edgitos <span class=\"vfb-required-asterisk\">*<\/span><\/label><input type=\"hidden\" name=\"_vfb-secret\" value=\"vfb-422\" \/><span class=\"vfb-span\"><input type=\"text\" name=\"vfb-422\" id=\"vfb-422\" value=\"\" class=\"vfb-text  vfb-medium  required {digits:true,maxlength:2,minlength:2} \" style=\"display:block\" \/><label>Ejemplo: 12<\/label><\/span><li style=\"display:none;\"><label>This box is for spam protection - &lt;strong&gt;please leave it blank&lt;\/strong&gt;:<\/label><div><input name=\"vfb-spam\" \/><\/div><\/li>\n\t\t\t<li class=\"vfb-item vfb-item-submit\" id=\"item-vfb-423\">\n\t\t\t\t<input type=\"submit\" name=\"vfb-submit\" id=\"vfb-423\" value=\"Enviar\" class=\"vfb-submit \" \/>\n\t\t\t\t<\/li><\/ul>\n\t\t\t<\/fieldset><input type=\"hidden\" name=\"_wp_http_referer\" value=\"\/aprendizaje\/wp-json\/wp\/v2\/pages\/2456\" \/><\/form><\/div> <!-- .visual-form-builder-container -->[\/et_pb_code][\/et_pb_column][\/et_pb_row][\/et_pb_section]<\/p>\n","protected":false},"excerpt":{"rendered":"<p>BIENVENIDO Descarga todo el contenido que tenemos para ti. Encontrar\u00e1s art\u00edculos, Libros, y diversos materiales. S\u00edguenos en nuestras redes y sus comunidades. Suscribete a nuestro canal de YouTube.\u00a0<div id=\"vfb-form-29\" class=\"visual-form-builder-container\"><form id=\"recursos-sin-costo-29\" class=\"visual-form-builder vfb-form-29 \" method=\"post\" enctype=\"multipart\/form-data\">\n\t  \t<input type=\"hidden\" name=\"form_id\" value=\"29\" \/><fieldset class=\"vfb-fieldset vfb-fieldset-1 accede-a-los-regalos-e-informacion \" id=\"item-vfb-420\"><div class=\"vfb-legend\"><h3>Accede a los regalos e informaci\u00f3n<\/h3><\/div><ul class=\"vfb-section vfb-section-1\"><li class=\"vfb-item vfb-item-text  \" id=\"item-vfb-424\"><label for=\"vfb-424\" class=\"vfb-desc\">Nombre Completo  <span class=\"vfb-required-asterisk\">*<\/span><\/label><span class=\"vfb-span\"><input type=\"text\" name=\"vfb-424\" id=\"vfb-424\" value=\"\" class=\"vfb-text  vfb-medium  required  \" \/><label>Nombre<\/label><\/span><\/li><li class=\"vfb-item vfb-item-text  \" id=\"item-vfb-425\"><label for=\"vfb-425\" class=\"vfb-desc\">Apellido  <span class=\"vfb-required-asterisk\">*<\/span><\/label><span class=\"vfb-span\"><input type=\"text\" name=\"vfb-425\" id=\"vfb-425\" value=\"\" class=\"vfb-text  vfb-medium  required  \" \/><label>Apellido<\/label><\/span><\/li><li class=\"vfb-item vfb-item-email  \" id=\"item-vfb-426\"><label for=\"vfb-426\" class=\"vfb-desc\">Email institucional o personal  <span class=\"vfb-required-asterisk\">*<\/span><\/label><span class=\"vfb-span\"><input type=\"email\" name=\"vfb-426\" id=\"vfb-426\" value=\"\" class=\"vfb-text  vfb-medium  required  email \" \/><label>Email<\/label><\/span><\/li><li class=\"vfb-item vfb-item-phone  \" id=\"item-vfb-427\"><label for=\"vfb-427\" class=\"vfb-desc\">Tel\u00e9fono (+c\u00f3digo pais - codigo ciudad-Tel\u00e9fono) <\/label><span class=\"vfb-span\"><input type=\"tel\" name=\"vfb-427\" id=\"vfb-427\" value=\"\" class=\"vfb-text  vfb-medium   phone \" \/><label>Tel\u00e9fono<\/label><\/span><\/li><li class=\"vfb-item vfb-item-text  \" id=\"item-vfb-429\"><label for=\"vfb-429\" class=\"vfb-desc\">Empresa o Instituci\u00f3n  <span class=\"vfb-required-asterisk\">*<\/span><\/label><span class=\"vfb-span\"><input type=\"text\" name=\"vfb-429\" id=\"vfb-429\" value=\"\" class=\"vfb-text  vfb-medium  required  \" \/><label>Empresa o Instituci\u00f3n<\/label><\/span><\/li><li class=\"vfb-item vfb-item-text  \" id=\"item-vfb-428\"><label for=\"vfb-428\" class=\"vfb-desc\">\u00bfTe interesa contratar nuestros servicios? \u00bfCu\u00e1les?  <span class=\"vfb-required-asterisk\">*<\/span><\/label><span class=\"vfb-span\"><input type=\"text\" name=\"vfb-428\" id=\"vfb-428\" value=\"\" class=\"vfb-text  vfb-large  required  \" \/><label>\u00bfQu\u00e9 servicios requieres?<\/label><\/span><\/li><li class=\"vfb-item vfb-item-select  \" id=\"item-vfb-452\"><label for=\"vfb-452\" class=\"vfb-desc\">\u00bfEstas suscrito a nuestro canal de YouTube?  <span class=\"vfb-required-asterisk\">*<\/span><\/label><span class=\"vfb-span\"><label>Con mas de 100 contenidos sin costo para ti: Webinars, Tips in Bits (capsulas), Entrevistas, Shorts y m\u00e1s. https:\/\/www.youtube.com\/@KeisenConsultores<\/label><\/span><select name=\"vfb-452\" id=\"vfb-452\" class=\"vfb-select  vfb-medium  required \"><option value=\"Si, ya estoy suscrito\">Si, ya estoy suscrito<\/option><option value=\"No, pero me gustar\u00eda suscribirme\">No, pero me gustar\u00eda suscribirme<\/option><option value=\"No, por el momento no me interesa\">No, por el momento no me interesa<\/option><\/select><\/li><\/ul>&nbsp;<\/fieldset><fieldset class=\"vfb-fieldset vfb-fieldset-2 verificacion \" id=\"item-vfb-421\" style=\"display:block\"><div class=\"vfb-legend\"><h3>Verificaci\u00f3n<\/h3><\/div><ul class=\"vfb-section vfb-section-2\"><li class=\"vfb-item vfb-item-secret\"  style=\"display:block\"><label for=\"vfb-422\" class=\"vfb-desc\">Escribe 2 d\u00edgitos <span class=\"vfb-required-asterisk\">*<\/span><\/label><input type=\"hidden\" name=\"_vfb-secret\" value=\"vfb-422\" \/><span class=\"vfb-span\"><input type=\"text\" name=\"vfb-422\" id=\"vfb-422\" value=\"\" class=\"vfb-text  vfb-medium  required {digits:true,maxlength:2,minlength:2} \" style=\"display:block\" \/><label>Ejemplo: 12<\/label><\/span><li style=\"display:none;\"><label>This box is for spam protection - &lt;strong&gt;please leave it blank&lt;\/strong&gt;:<\/label><div><input name=\"vfb-spam\" \/><\/div><\/li>\n\t\t\t<li class=\"vfb-item vfb-item-submit\" id=\"item-vfb-423\">\n\t\t\t\t<input type=\"submit\" name=\"vfb-submit\" id=\"vfb-423\" value=\"Enviar\" class=\"vfb-submit \" \/>\n\t\t\t\t<\/li><\/ul>\n\t\t\t<\/fieldset><input type=\"hidden\" name=\"_wp_http_referer\" value=\"\/aprendizaje\/wp-json\/wp\/v2\/pages\/2456\" \/><\/form><\/div> <!-- .visual-form-builder-container --><\/p>\n","protected":false},"author":136,"featured_media":0,"parent":0,"menu_order":0,"comment_status":"closed","ping_status":"closed","template":"","meta":{"_et_pb_use_builder":"on","_et_pb_old_content":"<!-- wp:columns -->\n<div class=\"wp-block-columns\"><!-- wp:column -->\n<div class=\"wp-block-column\"><!-- wp:paragraph {\"align\":\"center\",\"fontSize\":\"medium\"} -->\n<p class=\"has-text-align-center has-medium-font-size\">Gracias por ser parte de la comunidad de KEISEN KNOWLEDGE. Hemos creado esta p\u00e1gina con materiales e insumos \u00fatiles para tu desarrollo.<\/p>\n<!-- \/wp:paragraph -->\n\n<!-- wp:paragraph {\"align\":\"center\",\"fontSize\":\"medium\"} -->\n<p class=\"has-text-align-center has-medium-font-size\">Solo llena el formulario y tendr\u00e1s acceso libre.<\/p>\n<!-- \/wp:paragraph -->\n\n<!-- wp:paragraph -->\n<p><\/p>\n<!-- \/wp:paragraph --><\/div>\n<!-- \/wp:column -->\n\n<!-- wp:column -->\n<div class=\"wp-block-column\"><!-- wp:spacer {\"height\":42} -->\n<div style=\"height:42px\" aria-hidden=\"true\" class=\"wp-block-spacer\"><\/div>\n<!-- \/wp:spacer -->\n\n<!-- wp:shortcode -->\n[vfb id='25']\n<!-- \/wp:shortcode -->\n\n<!-- wp:paragraph -->\n<p><\/p>\n<!-- \/wp:paragraph --><\/div>\n<!-- \/wp:column --><\/div>\n<!-- \/wp:columns -->\n\n<!-- wp:paragraph -->\n<p><\/p>\n<!-- \/wp:paragraph -->","_et_gb_content_width":"","ngg_post_thumbnail":0,"footnotes":""},"class_list":["post-2456","page","type-page","status-publish","hentry"],"yoast_head":"<!-- This site is optimized with the Yoast SEO plugin v27.4 - https:\/\/yoast.com\/product\/yoast-seo-wordpress\/ -->\n<title>Valor Agregado: Recursos Sin Costo KEISEN Consultores (formulario) - KEISEN Knowledge<\/title>\n<meta name=\"robots\" content=\"index, follow, max-snippet:-1, max-image-preview:large, max-video-preview:-1\" \/>\n<link rel=\"canonical\" href=\"https:\/\/keisen.com\/aprendizaje\/recursos-sin-costo-registro\/\" \/>\n<meta property=\"og:locale\" content=\"en_US\" \/>\n<meta property=\"og:type\" content=\"article\" \/>\n<meta property=\"og:title\" content=\"Valor Agregado: Recursos Sin Costo KEISEN Consultores (formulario) - KEISEN Knowledge\" \/>\n<meta property=\"og:description\" content=\"BIENVENIDO Descarga todo el contenido que tenemos para ti. Encontrar\u00e1s art\u00edculos, Libros, y diversos materiales. S\u00edguenos en nuestras redes y sus comunidades. Suscribete a nuestro canal de YouTube.\u00a0\" \/>\n<meta property=\"og:url\" content=\"https:\/\/keisen.com\/aprendizaje\/recursos-sin-costo-registro\/\" \/>\n<meta property=\"og:site_name\" content=\"KEISEN Knowledge\" \/>\n<meta property=\"article:publisher\" content=\"https:\/\/www.facebook.com\/KeisenConsultores\/\" \/>\n<meta property=\"article:modified_time\" content=\"2024-04-10T15:49:20+00:00\" \/>\n<meta name=\"twitter:card\" content=\"summary_large_image\" \/>\n<meta name=\"twitter:label1\" content=\"Est. reading time\" \/>\n\t<meta name=\"twitter:data1\" content=\"1 minute\" \/>\n<script type=\"application\/ld+json\" class=\"yoast-schema-graph\">{\"@context\":\"https:\\\/\\\/schema.org\",\"@graph\":[{\"@type\":\"WebPage\",\"@id\":\"https:\\\/\\\/keisen.com\\\/aprendizaje\\\/recursos-sin-costo-registro\\\/\",\"url\":\"https:\\\/\\\/keisen.com\\\/aprendizaje\\\/recursos-sin-costo-registro\\\/\",\"name\":\"Valor Agregado: Recursos Sin Costo KEISEN Consultores (formulario) - KEISEN Knowledge\",\"isPartOf\":{\"@id\":\"https:\\\/\\\/keisen.com\\\/aprendizaje\\\/#website\"},\"datePublished\":\"2021-03-18T14:00:27+00:00\",\"dateModified\":\"2024-04-10T15:49:20+00:00\",\"breadcrumb\":{\"@id\":\"https:\\\/\\\/keisen.com\\\/aprendizaje\\\/recursos-sin-costo-registro\\\/#breadcrumb\"},\"inLanguage\":\"en-US\",\"potentialAction\":[{\"@type\":\"ReadAction\",\"target\":[\"https:\\\/\\\/keisen.com\\\/aprendizaje\\\/recursos-sin-costo-registro\\\/\"]}]},{\"@type\":\"BreadcrumbList\",\"@id\":\"https:\\\/\\\/keisen.com\\\/aprendizaje\\\/recursos-sin-costo-registro\\\/#breadcrumb\",\"itemListElement\":[{\"@type\":\"ListItem\",\"position\":1,\"name\":\"Portada\",\"item\":\"https:\\\/\\\/keisen.com\\\/aprendizaje\\\/\"},{\"@type\":\"ListItem\",\"position\":2,\"name\":\"Valor Agregado: Recursos Sin Costo KEISEN Consultores (formulario)\"}]},{\"@type\":\"WebSite\",\"@id\":\"https:\\\/\\\/keisen.com\\\/aprendizaje\\\/#website\",\"url\":\"https:\\\/\\\/keisen.com\\\/aprendizaje\\\/\",\"name\":\"KEISEN Knowledge\",\"description\":\"Aprende de los Expertos\",\"potentialAction\":[{\"@type\":\"SearchAction\",\"target\":{\"@type\":\"EntryPoint\",\"urlTemplate\":\"https:\\\/\\\/keisen.com\\\/aprendizaje\\\/?s={search_term_string}\"},\"query-input\":{\"@type\":\"PropertyValueSpecification\",\"valueRequired\":true,\"valueName\":\"search_term_string\"}}],\"inLanguage\":\"en-US\"}]}<\/script>\n<!-- \/ Yoast SEO plugin. -->","yoast_head_json":{"title":"Valor Agregado: Recursos Sin Costo KEISEN Consultores (formulario) - KEISEN Knowledge","robots":{"index":"index","follow":"follow","max-snippet":"max-snippet:-1","max-image-preview":"max-image-preview:large","max-video-preview":"max-video-preview:-1"},"canonical":"https:\/\/keisen.com\/aprendizaje\/recursos-sin-costo-registro\/","og_locale":"en_US","og_type":"article","og_title":"Valor Agregado: Recursos Sin Costo KEISEN Consultores (formulario) - KEISEN Knowledge","og_description":"BIENVENIDO Descarga todo el contenido que tenemos para ti. Encontrar\u00e1s art\u00edculos, Libros, y diversos materiales. S\u00edguenos en nuestras redes y sus comunidades. Suscribete a nuestro canal de YouTube.\u00a0","og_url":"https:\/\/keisen.com\/aprendizaje\/recursos-sin-costo-registro\/","og_site_name":"KEISEN Knowledge","article_publisher":"https:\/\/www.facebook.com\/KeisenConsultores\/","article_modified_time":"2024-04-10T15:49:20+00:00","twitter_card":"summary_large_image","twitter_misc":{"Est. reading time":"1 minute"},"schema":{"@context":"https:\/\/schema.org","@graph":[{"@type":"WebPage","@id":"https:\/\/keisen.com\/aprendizaje\/recursos-sin-costo-registro\/","url":"https:\/\/keisen.com\/aprendizaje\/recursos-sin-costo-registro\/","name":"Valor Agregado: Recursos Sin Costo KEISEN Consultores (formulario) - KEISEN Knowledge","isPartOf":{"@id":"https:\/\/keisen.com\/aprendizaje\/#website"},"datePublished":"2021-03-18T14:00:27+00:00","dateModified":"2024-04-10T15:49:20+00:00","breadcrumb":{"@id":"https:\/\/keisen.com\/aprendizaje\/recursos-sin-costo-registro\/#breadcrumb"},"inLanguage":"en-US","potentialAction":[{"@type":"ReadAction","target":["https:\/\/keisen.com\/aprendizaje\/recursos-sin-costo-registro\/"]}]},{"@type":"BreadcrumbList","@id":"https:\/\/keisen.com\/aprendizaje\/recursos-sin-costo-registro\/#breadcrumb","itemListElement":[{"@type":"ListItem","position":1,"name":"Portada","item":"https:\/\/keisen.com\/aprendizaje\/"},{"@type":"ListItem","position":2,"name":"Valor Agregado: Recursos Sin Costo KEISEN Consultores (formulario)"}]},{"@type":"WebSite","@id":"https:\/\/keisen.com\/aprendizaje\/#website","url":"https:\/\/keisen.com\/aprendizaje\/","name":"KEISEN Knowledge","description":"Aprende de los Expertos","potentialAction":[{"@type":"SearchAction","target":{"@type":"EntryPoint","urlTemplate":"https:\/\/keisen.com\/aprendizaje\/?s={search_term_string}"},"query-input":{"@type":"PropertyValueSpecification","valueRequired":true,"valueName":"search_term_string"}}],"inLanguage":"en-US"}]}},"_links":{"self":[{"href":"https:\/\/keisen.com\/aprendizaje\/wp-json\/wp\/v2\/pages\/2456","targetHints":{"allow":["GET"]}}],"collection":[{"href":"https:\/\/keisen.com\/aprendizaje\/wp-json\/wp\/v2\/pages"}],"about":[{"href":"https:\/\/keisen.com\/aprendizaje\/wp-json\/wp\/v2\/types\/page"}],"author":[{"embeddable":true,"href":"https:\/\/keisen.com\/aprendizaje\/wp-json\/wp\/v2\/users\/136"}],"replies":[{"embeddable":true,"href":"https:\/\/keisen.com\/aprendizaje\/wp-json\/wp\/v2\/comments?post=2456"}],"version-history":[{"count":28,"href":"https:\/\/keisen.com\/aprendizaje\/wp-json\/wp\/v2\/pages\/2456\/revisions"}],"predecessor-version":[{"id":3754,"href":"https:\/\/keisen.com\/aprendizaje\/wp-json\/wp\/v2\/pages\/2456\/revisions\/3754"}],"wp:attachment":[{"href":"https:\/\/keisen.com\/aprendizaje\/wp-json\/wp\/v2\/media?parent=2456"}],"curies":[{"name":"wp","href":"https:\/\/api.w.org\/{rel}","templated":true}]}}