{"id":185,"date":"2018-04-17T13:50:48","date_gmt":"2018-04-17T18:50:48","guid":{"rendered":"http:\/\/keisen.com\/demosite\/?page_id=185"},"modified":"2023-10-19T14:56:44","modified_gmt":"2023-10-19T20:56:44","slug":"acerca-de-keisen-knowledge","status":"publish","type":"page","link":"https:\/\/keisen.com\/aprendizaje\/acerca-de-keisen-knowledge\/","title":{"rendered":"Acerca de KEISEN Knowledge"},"content":{"rendered":"\n[et_pb_section][et_pb_row][et_pb_column type=&#8221;4_4&#8243;][et_pb_text]<h2>Acerca de KEISEN Knowledge<\/h2>\n<p style=\"text-align: justify;\">KEISEN Knowledge es una iniciativa de <a href=\"http:\/\/keisen.com\/es\/\">KEISEN Consultores<\/a>, es un blog de efectividad empresarial y desarrollo personal, abordamos temas relacionados con Calidad y Mejora Continua, Liderazgo y efectivdad organizacional, administraci\u00f3n y finanzas, entre otros temas. Brindamos un espacio a los expertos para que compartan sus conocimientos contigo a trav\u00e9s de webinars (seminarios online). Si eres due\u00f1o de tu propia empresa, trabajas en una organizaci\u00f3n, eres estudiante o si te interesan estos temas en general, te aseguramos que este contenido ser\u00e1 de mucho valor para ti.<\/p>\n<p style=\"text-align: justify;\">Si te interesa nuestro blog \u00a1Suscr\u00edbete a nuestra comunidad!<\/p>\n&nbsp;\n<h3 style=\"text-align: justify;\"><\/h3>\n<h3 style=\"text-align: justify;\">Acerca de KEISEN Consultores<\/h3>\n<p style=\"text-align: justify;\">En <a href=\"http:\/\/keisen.com\/es\/\">KEISEN Consultores<\/a> una empresa de consultor\u00eda en Calidad y Mejora Continua, Planeaci\u00f3n Estrat\u00e9gica, Desarrollo de Liderazgo Efectivo y Mejora e Innovaci\u00f3n de procesos, que desde hace 29 a\u00f1os hemos ayudado a\u00a0personas, equipos y culturas de organizaciones p\u00fablicas, privadas y sociales\u00a0a desarrollar efectividad sostenible a trav\u00e9s de nuestros programas de consultor\u00eda y desarollo humano.<\/p>\n&nbsp;[\/et_pb_text][\/et_pb_column][\/et_pb_row][\/et_pb_section]\n","protected":false},"excerpt":{"rendered":"<p><div class=\"et_pb_section et_pb_section_0 et_section_regular\" >\n\t\t\t\t\n\t\t\t\t\n\t\t\t\t\n\t\t\t\t\n\t\t\t\t\n\t\t\t\t\n\t\t\t\t\n\t\t\t\t\n\t\t\t\t\n\t\t\t<\/div><div class=\"et_pb_row et_pb_row_0 et_pb_row_empty\">\n\t\t\t\t\n\t\t\t\t\n\t\t\t\t\n\t\t\t\t\n\t\t\t\t\n\t\t\t<\/div><div class=\"et_pb_module et_pb_text et_pb_text_0  et_pb_text_align_left et_pb_bg_layout_light\">\n\t\t\t\t\n\t\t\t\t\n\t\t\t\t\n\t\t\t\t\n\t\t\t\t\n\t\t\t<\/div>Acerca de KEISEN Knowledge KEISEN Knowledge es una iniciativa de KEISEN Consultores, es un blog de efectividad empresarial y desarrollo personal, abordamos temas relacionados con Calidad y Mejora Continua, Liderazgo y efectivdad organizacional, administraci\u00f3n y finanzas, entre otros temas. Brindamos un espacio a los expertos para que compartan sus conocimientos contigo a trav\u00e9s de webinars [&hellip;]<\/p>\n","protected":false},"author":136,"featured_media":0,"parent":0,"menu_order":0,"comment_status":"closed","ping_status":"closed","template":"","meta":{"_et_pb_use_builder":"on","_et_pb_old_content":"<h2>Acerca de KEISEN Knowledge<\/h2>\n<p style=\"text-align: justify;\">KEISEN Knowledge es una iniciativa de <a href=\"http:\/\/keisen.com\/es\/\">KEISEN Consultores<\/a>, es un blog de efectividad empresarial y desarrollo personal, abordamos temas relacionados con Calidad y Mejora Continua, Liderazgo y efectivdad organizacional, administraci\u00f3n y finanzas, entre otros temas. Brindamos un espacio a los expertos para que compartan sus conocimientos contigo a trav\u00e9s de webinars (seminarios online). Si eres due\u00f1o de tu propia empresa, trabajas en una organizaci\u00f3n, eres estudiante o si te interesan estos temas en general, te aseguramos que este contenido ser\u00e1 de mucho valor para ti.<\/p>\n<p style=\"text-align: justify;\">Si te interesa nuestro blog \u00a1Suscr\u00edbete a nuestra comunidad!<\/p>\n&nbsp;\n<h3 style=\"text-align: justify;\"><\/h3>\n<h3 style=\"text-align: justify;\">Acerca de KEISEN Consultores<\/h3>\n<p style=\"text-align: justify;\">En <a href=\"http:\/\/keisen.com\/es\/\">KEISEN Consultores<\/a> una empresa de consultor\u00eda en Calidad y Mejora Continua, Planeaci\u00f3n Estrat\u00e9gica, Desarrollo de Liderazgo Efectivo y Mejora e Innovaci\u00f3n de procesos, que desde hace 29 a\u00f1os hemos ayudado a\u00a0personas, equipos y culturas de organizaciones p\u00fablicas, privadas y sociales\u00a0a desarrollar efectividad sostenible a trav\u00e9s de nuestros programas de consultor\u00eda y desarollo humano.<\/p>\n&nbsp;","_et_gb_content_width":"","ngg_post_thumbnail":0,"footnotes":""},"class_list":["post-185","page","type-page","status-publish","hentry"],"yoast_head":"<!-- This site is optimized with the Yoast SEO plugin v27.4 - https:\/\/yoast.com\/product\/yoast-seo-wordpress\/ -->\n<title>Acerca de KEISEN Knowledge - KEISEN Knowledge<\/title>\n<meta name=\"robots\" content=\"index, follow, max-snippet:-1, max-image-preview:large, max-video-preview:-1\" \/>\n<link rel=\"canonical\" href=\"https:\/\/keisen.com\/aprendizaje\/acerca-de-keisen-knowledge\/\" \/>\n<meta property=\"og:locale\" content=\"en_US\" \/>\n<meta property=\"og:type\" content=\"article\" \/>\n<meta property=\"og:title\" content=\"Acerca de KEISEN Knowledge - KEISEN Knowledge\" \/>\n<meta property=\"og:description\" content=\"Acerca de KEISEN Knowledge KEISEN Knowledge es una iniciativa de KEISEN Consultores, es un blog de efectividad empresarial y desarrollo personal, abordamos temas relacionados con Calidad y Mejora Continua, Liderazgo y efectivdad organizacional, administraci\u00f3n y finanzas, entre otros temas. Brindamos un espacio a los expertos para que compartan sus conocimientos contigo a trav\u00e9s de webinars [&hellip;]\" \/>\n<meta property=\"og:url\" content=\"https:\/\/keisen.com\/aprendizaje\/acerca-de-keisen-knowledge\/\" \/>\n<meta property=\"og:site_name\" content=\"KEISEN Knowledge\" \/>\n<meta property=\"article:publisher\" content=\"https:\/\/www.facebook.com\/KeisenConsultores\/\" \/>\n<meta property=\"article:modified_time\" content=\"2023-10-19T20:56:44+00:00\" \/>\n<meta name=\"twitter:card\" content=\"summary_large_image\" \/>\n<meta name=\"twitter:label1\" content=\"Est. reading time\" \/>\n\t<meta name=\"twitter:data1\" content=\"1 minute\" \/>\n<script type=\"application\/ld+json\" class=\"yoast-schema-graph\">{\"@context\":\"https:\\\/\\\/schema.org\",\"@graph\":[{\"@type\":\"WebPage\",\"@id\":\"https:\\\/\\\/keisen.com\\\/aprendizaje\\\/acerca-de-keisen-knowledge\\\/\",\"url\":\"https:\\\/\\\/keisen.com\\\/aprendizaje\\\/acerca-de-keisen-knowledge\\\/\",\"name\":\"Acerca de KEISEN Knowledge - KEISEN Knowledge\",\"isPartOf\":{\"@id\":\"https:\\\/\\\/keisen.com\\\/aprendizaje\\\/#website\"},\"datePublished\":\"2018-04-17T18:50:48+00:00\",\"dateModified\":\"2023-10-19T20:56:44+00:00\",\"breadcrumb\":{\"@id\":\"https:\\\/\\\/keisen.com\\\/aprendizaje\\\/acerca-de-keisen-knowledge\\\/#breadcrumb\"},\"inLanguage\":\"en-US\",\"potentialAction\":[{\"@type\":\"ReadAction\",\"target\":[\"https:\\\/\\\/keisen.com\\\/aprendizaje\\\/acerca-de-keisen-knowledge\\\/\"]}]},{\"@type\":\"BreadcrumbList\",\"@id\":\"https:\\\/\\\/keisen.com\\\/aprendizaje\\\/acerca-de-keisen-knowledge\\\/#breadcrumb\",\"itemListElement\":[{\"@type\":\"ListItem\",\"position\":1,\"name\":\"Portada\",\"item\":\"https:\\\/\\\/keisen.com\\\/aprendizaje\\\/\"},{\"@type\":\"ListItem\",\"position\":2,\"name\":\"Acerca de KEISEN Knowledge\"}]},{\"@type\":\"WebSite\",\"@id\":\"https:\\\/\\\/keisen.com\\\/aprendizaje\\\/#website\",\"url\":\"https:\\\/\\\/keisen.com\\\/aprendizaje\\\/\",\"name\":\"KEISEN Knowledge\",\"description\":\"Aprende de los Expertos\",\"potentialAction\":[{\"@type\":\"SearchAction\",\"target\":{\"@type\":\"EntryPoint\",\"urlTemplate\":\"https:\\\/\\\/keisen.com\\\/aprendizaje\\\/?s={search_term_string}\"},\"query-input\":{\"@type\":\"PropertyValueSpecification\",\"valueRequired\":true,\"valueName\":\"search_term_string\"}}],\"inLanguage\":\"en-US\"}]}<\/script>\n<!-- \/ Yoast SEO plugin. -->","yoast_head_json":{"title":"Acerca de KEISEN Knowledge - KEISEN Knowledge","robots":{"index":"index","follow":"follow","max-snippet":"max-snippet:-1","max-image-preview":"max-image-preview:large","max-video-preview":"max-video-preview:-1"},"canonical":"https:\/\/keisen.com\/aprendizaje\/acerca-de-keisen-knowledge\/","og_locale":"en_US","og_type":"article","og_title":"Acerca de KEISEN Knowledge - KEISEN Knowledge","og_description":"Acerca de KEISEN Knowledge KEISEN Knowledge es una iniciativa de KEISEN Consultores, es un blog de efectividad empresarial y desarrollo personal, abordamos temas relacionados con Calidad y Mejora Continua, Liderazgo y efectivdad organizacional, administraci\u00f3n y finanzas, entre otros temas. Brindamos un espacio a los expertos para que compartan sus conocimientos contigo a trav\u00e9s de webinars [&hellip;]","og_url":"https:\/\/keisen.com\/aprendizaje\/acerca-de-keisen-knowledge\/","og_site_name":"KEISEN Knowledge","article_publisher":"https:\/\/www.facebook.com\/KeisenConsultores\/","article_modified_time":"2023-10-19T20:56:44+00:00","twitter_card":"summary_large_image","twitter_misc":{"Est. reading time":"1 minute"},"schema":{"@context":"https:\/\/schema.org","@graph":[{"@type":"WebPage","@id":"https:\/\/keisen.com\/aprendizaje\/acerca-de-keisen-knowledge\/","url":"https:\/\/keisen.com\/aprendizaje\/acerca-de-keisen-knowledge\/","name":"Acerca de KEISEN Knowledge - KEISEN Knowledge","isPartOf":{"@id":"https:\/\/keisen.com\/aprendizaje\/#website"},"datePublished":"2018-04-17T18:50:48+00:00","dateModified":"2023-10-19T20:56:44+00:00","breadcrumb":{"@id":"https:\/\/keisen.com\/aprendizaje\/acerca-de-keisen-knowledge\/#breadcrumb"},"inLanguage":"en-US","potentialAction":[{"@type":"ReadAction","target":["https:\/\/keisen.com\/aprendizaje\/acerca-de-keisen-knowledge\/"]}]},{"@type":"BreadcrumbList","@id":"https:\/\/keisen.com\/aprendizaje\/acerca-de-keisen-knowledge\/#breadcrumb","itemListElement":[{"@type":"ListItem","position":1,"name":"Portada","item":"https:\/\/keisen.com\/aprendizaje\/"},{"@type":"ListItem","position":2,"name":"Acerca de KEISEN Knowledge"}]},{"@type":"WebSite","@id":"https:\/\/keisen.com\/aprendizaje\/#website","url":"https:\/\/keisen.com\/aprendizaje\/","name":"KEISEN Knowledge","description":"Aprende de los Expertos","potentialAction":[{"@type":"SearchAction","target":{"@type":"EntryPoint","urlTemplate":"https:\/\/keisen.com\/aprendizaje\/?s={search_term_string}"},"query-input":{"@type":"PropertyValueSpecification","valueRequired":true,"valueName":"search_term_string"}}],"inLanguage":"en-US"}]}},"_links":{"self":[{"href":"https:\/\/keisen.com\/aprendizaje\/wp-json\/wp\/v2\/pages\/185","targetHints":{"allow":["GET"]}}],"collection":[{"href":"https:\/\/keisen.com\/aprendizaje\/wp-json\/wp\/v2\/pages"}],"about":[{"href":"https:\/\/keisen.com\/aprendizaje\/wp-json\/wp\/v2\/types\/page"}],"author":[{"embeddable":true,"href":"https:\/\/keisen.com\/aprendizaje\/wp-json\/wp\/v2\/users\/136"}],"replies":[{"embeddable":true,"href":"https:\/\/keisen.com\/aprendizaje\/wp-json\/wp\/v2\/comments?post=185"}],"version-history":[{"count":4,"href":"https:\/\/keisen.com\/aprendizaje\/wp-json\/wp\/v2\/pages\/185\/revisions"}],"predecessor-version":[{"id":3717,"href":"https:\/\/keisen.com\/aprendizaje\/wp-json\/wp\/v2\/pages\/185\/revisions\/3717"}],"wp:attachment":[{"href":"https:\/\/keisen.com\/aprendizaje\/wp-json\/wp\/v2\/media?parent=185"}],"curies":[{"name":"wp","href":"https:\/\/api.w.org\/{rel}","templated":true}]}}